{"id":1331,"date":"2018-06-06T10:41:44","date_gmt":"2018-06-06T08:41:44","guid":{"rendered":"https:\/\/www.ecom4children.eu\/socios\/"},"modified":"2019-02-07T19:16:27","modified_gmt":"2019-02-07T18:16:27","slug":"socios","status":"publish","type":"page","link":"https:\/\/www.ecom4children.eu\/pt-pt\/socios\/","title":{"rendered":"Parceiros"},"content":{"rendered":"<p>{&#8220;main-title&#8221;:{&#8220;component&#8221;:&#8221;hc_title&#8221;,&#8221;id&#8221;:&#8221;main-title&#8221;,&#8221;subtitle&#8221;:&#8221;&#8221;,&#8221;title_content&#8221;:{&#8220;component&#8221;:&#8221;hc_title_base&#8221;,&#8221;id&#8221;:&#8221;title-base&#8221;,&#8221;image&#8221;:&#8221;http:\/\/www.ecom4children.eu\/wp-content\/uploads\/2018\/04\/fondo-color-1024&#215;427.jpg|800|1920|366&#8243;,&#8221;breadcrumbs&#8221;:true,&#8221;white&#8221;:true},&#8221;title&#8221;:&#8221;Parceiros&#8221;},&#8221;section_5ZtkF&#8221;:{&#8220;component&#8221;:&#8221;hc_section&#8221;,&#8221;id&#8221;:&#8221;section_5ZtkF&#8221;,&#8221;section_width&#8221;:&#8221;&#8221;,&#8221;animation&#8221;:&#8221;&#8221;,&#8221;animation_time&#8221;:&#8221;&#8221;,&#8221;timeline_animation&#8221;:&#8221;&#8221;,&#8221;timeline_delay&#8221;:&#8221;&#8221;,&#8221;timeline_order&#8221;:&#8221;&#8221;,&#8221;vertical_row&#8221;:&#8221;&#8221;,&#8221;box_middle&#8221;:&#8221;&#8221;,&#8221;css_classes&#8221;:&#8221;&#8221;,&#8221;custom_css_classes&#8221;:&#8221;&#8221;,&#8221;custom_css_styles&#8221;:&#8221;&#8221;,&#8221;section_content&#8221;:[{&#8220;component&#8221;:&#8221;hc_column&#8221;,&#8221;id&#8221;:&#8221;column_HpxMw&#8221;,&#8221;column_width&#8221;:&#8221;col-md-12&#8243;,&#8221;animation&#8221;:&#8221;&#8221;,&#8221;animation_time&#8221;:&#8221;&#8221;,&#8221;timeline_animation&#8221;:&#8221;&#8221;,&#8221;timeline_delay&#8221;:&#8221;&#8221;,&#8221;timeline_order&#8221;:&#8221;&#8221;,&#8221;css_classes&#8221;:&#8221;no-paddings-y &#8220;,&#8221;custom_css_classes&#8221;:&#8221;&#8221;,&#8221;custom_css_styles&#8221;:&#8221;margin:0 auto&#8221;,&#8221;main_content&#8221;:[{&#8220;component&#8221;:&#8221;hc_column&#8221;,&#8221;id&#8221;:&#8221;column_UcayN&#8221;,&#8221;column_width&#8221;:&#8221;col-md-4&#8243;,&#8221;animation&#8221;:&#8221;&#8221;,&#8221;animation_time&#8221;:&#8221;&#8221;,&#8221;timeline_animation&#8221;:&#8221;&#8221;,&#8221;timeline_delay&#8221;:&#8221;&#8221;,&#8221;timeline_order&#8221;:&#8221;&#8221;,&#8221;css_classes&#8221;:&#8221;no-paddings-y &#8220;,&#8221;custom_css_classes&#8221;:&#8221;&#8221;,&#8221;custom_css_styles&#8221;:&#8221;&#8221;,&#8221;main_content&#8221;:[{&#8220;component&#8221;:&#8221;hc_image&#8221;,&#8221;id&#8221;:&#8221;4oaCx&#8221;,&#8221;css_classes&#8221;:&#8221;&#8221;,&#8221;custom_css_classes&#8221;:&#8221;&#8221;,&#8221;custom_css_styles&#8221;:&#8221;&#8221;,&#8221;image&#8221;:&#8221;http:\/\/www.ecom4children.eu\/wp-content\/uploads\/2018\/04\/logo-aiju-color.png|70|200|404&#8243;,&#8221;alt&#8221;:&#8221;&#8221;,&#8221;thumb_size&#8221;:&#8221;large&#8221;},{&#8220;component&#8221;:&#8221;hc_wp_editor&#8221;,&#8221;id&#8221;:&#8221;Ty2k2&#8243;,&#8221;css_classes&#8221;:&#8221;no-padding-bottom &#8220;,&#8221;custom_css_classes&#8221;:&#8221;&#8221;,&#8221;custom_css_styles&#8221;:&#8221;&#8221;,&#8221;editor_content&#8221;:&#8221;<strong>AIJU, INSTITUTO TECNOL\u00d3GICO DE PRODUTOS INFANTIS E DE LAZER\\n<\/strong>IBI, ALICANTE (ESPANHA)\\n<a href=\\\"http:\/\/www.aiju.info\/\\\" target=\\\"_blank\\\" rel=\\\"noopener\\\">www.aiju.info<\/a>&#8220;}]},{&#8220;component&#8221;:&#8221;hc_column&#8221;,&#8221;id&#8221;:&#8221;column_09WCG&#8221;,&#8221;column_width&#8221;:&#8221;col-md-8&#8243;,&#8221;animation&#8221;:&#8221;&#8221;,&#8221;animation_time&#8221;:&#8221;&#8221;,&#8221;timeline_animation&#8221;:&#8221;&#8221;,&#8221;timeline_delay&#8221;:&#8221;&#8221;,&#8221;timeline_order&#8221;:&#8221;&#8221;,&#8221;css_classes&#8221;:&#8221;no-paddings-y &#8220;,&#8221;custom_css_classes&#8221;:&#8221;&#8221;,&#8221;custom_css_styles&#8221;:&#8221;&#8221;,&#8221;main_content&#8221;:[{&#8220;component&#8221;:&#8221;hc_wp_editor&#8221;,&#8221;id&#8221;:&#8221;Dpzvb&#8221;,&#8221;css_classes&#8221;:&#8221;no-paddings-y &#8220;,&#8221;custom_css_classes&#8221;:&#8221;&#8221;,&#8221;custom_css_styles&#8221;:&#8221;&#8221;,&#8221;editor_content&#8221;:&#8221;O Instituto Tecnol\u00f3gico de Produtos Infantis e de Lazer (AIJU) foi inaugurado em 1985 como organiza\u00e7\u00e3o sem fins lucrativos, com o objetivo de apoiar o setor de produtos para crian\u00e7as e realizar projetos de P &amp; D para aumentar os n\u00edveis de seguran\u00e7a e qualidade dos seus produtos. Atualmente, a AIJU conta com cerca de 450 empresas associadas e uma equipa de mais de 80 t\u00e9cnicos especializados em diversas \u00e1reas relacionadas com produtos infantis e de lazer, como seguran\u00e7a do produto, comportamento do consumidor infantil, treino e inova\u00e7\u00e3o para o setor.\\nA AIJU \u00e9 membro de v\u00e1rios f\u00f3runs, bem como de comit\u00e9s nacionais e europeus que atuam no campo da seguran\u00e7a de produtos infantis, como brinquedos, artigos de puericultura e m\u00f3veis para crian\u00e7as.&#8221;}]}]},{&#8220;component&#8221;:&#8221;hc_column&#8221;,&#8221;id&#8221;:&#8221;column_gCRl2&#8243;,&#8221;column_width&#8221;:&#8221;col-md-12&#8243;,&#8221;animation&#8221;:&#8221;&#8221;,&#8221;animation_time&#8221;:&#8221;&#8221;,&#8221;timeline_animation&#8221;:&#8221;&#8221;,&#8221;timeline_delay&#8221;:&#8221;&#8221;,&#8221;timeline_order&#8221;:&#8221;&#8221;,&#8221;css_classes&#8221;:&#8221;no-paddings-y &#8220;,&#8221;custom_css_classes&#8221;:&#8221;&#8221;,&#8221;custom_css_styles&#8221;:&#8221;margin:0 auto&#8221;,&#8221;main_content&#8221;:[{&#8220;component&#8221;:&#8221;hc_column&#8221;,&#8221;id&#8221;:&#8221;column_46imt&#8221;,&#8221;column_width&#8221;:&#8221;col-md-6&#8243;,&#8221;animation&#8221;:&#8221;&#8221;,&#8221;animation_time&#8221;:&#8221;&#8221;,&#8221;timeline_animation&#8221;:&#8221;&#8221;,&#8221;timeline_delay&#8221;:&#8221;&#8221;,&#8221;timeline_order&#8221;:&#8221;&#8221;,&#8221;css_classes&#8221;:&#8221;no-paddings-y &#8220;,&#8221;custom_css_classes&#8221;:&#8221;&#8221;,&#8221;custom_css_styles&#8221;:&#8221;padding-right:40px&#8221;,&#8221;main_content&#8221;:[{&#8220;component&#8221;:&#8221;hc_image&#8221;,&#8221;id&#8221;:&#8221;sBBiE&#8221;,&#8221;css_classes&#8221;:&#8221;no-paddings-y &#8220;,&#8221;custom_css_classes&#8221;:&#8221;&#8221;,&#8221;custom_css_styles&#8221;:&#8221;&#8221;,&#8221;image&#8221;:&#8221;http:\/\/www.ecom4children.eu\/wp-content\/uploads\/2018\/04\/logo-univpm-color.png|70|200|408&#8243;,&#8221;alt&#8221;:&#8221;&#8221;,&#8221;thumb_size&#8221;:&#8221;large&#8221;},{&#8220;component&#8221;:&#8221;hc_wp_editor&#8221;,&#8221;id&#8221;:&#8221;ECXMK&#8221;,&#8221;css_classes&#8221;:&#8221;no-paddings-y &#8220;,&#8221;custom_css_classes&#8221;:&#8221;&#8221;,&#8221;custom_css_styles&#8221;:&#8221;&#8221;,&#8221;editor_content&#8221;:&#8221;<strong>UNIVERSIT\u00c0 POLITECNICA DELLE MARCHE (UNIVPM)<\/strong>\\nANCONA (IT\u00c0LIA)\\n<a href=\\\"http:\/\/www.univpm.it\\\" target=\\\"_blank\\\" rel=\\\"noopener\\\">www.univpm.it<\/a>\\n\\nA Universidade de Ancona foi criada em 1969 com o estabelecimento da Universidade Livre de Ancona, e com a ativa\u00e7\u00e3o do primeiro bi\u00e9nio da Faculdade de Engenharia e do tri\u00e9nio biol\u00f3gico da Faculdade de Medicina e Cirurgia.\\nA Universidade Livre foi definitivamente reconhecida como uma Universidade Estatal num curto espa\u00e7o de tempo, especificamente em 18 de janeiro de 1971.\\nA Faculdade de Economia e Com\u00e9rcio foi imediatamente inclu\u00edda e, durante o ano lectivo de 1988-89, foi fundada a Faculdade de Agricultura (licenciatura em Ci\u00eancias Agr\u00e1rias) juntamente com a Faculdade de Matem\u00e1tica, F\u00edsica e Ci\u00eancias Naturais com um curso de biologia geral e especializa\u00e7\u00f5es em Biologia Marinha, Oceanografia e Biotecnologia.\\nEm 18 de janeiro de 2003, a Universidade de Ancona mudou o nome para \\&#8221;Universit\u00e0 Politecnica delle Marche\\&#8221;.\\nAtualmente a Universidade tem cinco faculdades, 21 cursos de gradua\u00e7\u00e3o (3 anos &#8211; primeiro n\u00edvel), 19 cursos de p\u00f3s-gradua\u00e7\u00e3o (segundo n\u00edvel), 3 cursos universit\u00e1rios de ciclo \u00fanico com entrada limitada (1 em engenharia &#8211; 5 anos, 1 em medicina e cirurgia &#8211; 6 anos e 1 em ortodontia e pr\u00f3tese &#8211; 6 anos), 11 cursos de forma\u00e7\u00e3o profissional, 29 \u00e1reas de especializa\u00e7\u00e3o e 10 programas de doutoramento com a sua sede em Ancona. A matr\u00edcula inicial de 290 alunos, no ano acad\u00e9mico de 1969-1970, aumentou progressivamente para 17.000. Atualmente, o corpo docente conta com 550 professores, assistentes de ensino einvestigadores, al\u00e9m de 181 funcion\u00e1rios tempor\u00e1rios e 605 funcion\u00e1rios t\u00e9cnicos e administrativos.\\nEst\u00e3o atualmente agrupados em tr\u00eas campus principais. O campus de ci\u00eancia e tecnologia est\u00e1 localizado em Monte Dago, e os seus edif\u00edcios ostentam o trabalho monumental e de prest\u00edgio projetado por Belluschi, um arquiteto \u00edtalo-americano. Este complexo abriga a Faculdade de Engenharia, a Faculdade de Agricultura e a Faculdade de Matem\u00e1tica, F\u00edsica e Ci\u00eancias Naturais.\\nUm segundo complexo educacional e de pesquisa est\u00e1 localizado em Torrette para as necessidades biol\u00f3gicas, cient\u00edficas e cl\u00ednicas da Faculdade de Medicina e Cirurgia. O terceiro campus est\u00e1 localizado no centro da cidade num antigo ex-quartel chamado Caserma Villarey e abriga a Faculdade de Economia.\\nNa Faculdade de Economia, existem dois departamentos. No DIMA (Departamento de Gest\u00e3o) est\u00e3o Professores e Pesquisadores de Direito, de Economia e de Matem\u00e1tica.\\n\\n&nbsp;&#8220;}]},{&#8220;component&#8221;:&#8221;hc_column&#8221;,&#8221;id&#8221;:&#8221;LpMI3&#8243;,&#8221;column_width&#8221;:&#8221;col-md-6&#8243;,&#8221;animation&#8221;:&#8221;&#8221;,&#8221;animation_time&#8221;:&#8221;&#8221;,&#8221;timeline_animation&#8221;:&#8221;&#8221;,&#8221;timeline_delay&#8221;:&#8221;&#8221;,&#8221;timeline_order&#8221;:&#8221;&#8221;,&#8221;css_classes&#8221;:&#8221;no-paddings-y &#8220;,&#8221;custom_css_classes&#8221;:&#8221;&#8221;,&#8221;custom_css_styles&#8221;:&#8221;&#8221;,&#8221;main_content&#8221;:[{&#8220;component&#8221;:&#8221;hc_image&#8221;,&#8221;id&#8221;:&#8221;8L2wK&#8221;,&#8221;css_classes&#8221;:&#8221;no-paddings-y &#8220;,&#8221;custom_css_classes&#8221;:&#8221;&#8221;,&#8221;custom_css_styles&#8221;:&#8221;&#8221;,&#8221;image&#8221;:&#8221;http:\/\/www.ecom4children.eu\/wp-content\/uploads\/2018\/04\/logo-UA-color.png|70|200|407&#8243;,&#8221;alt&#8221;:&#8221;&#8221;,&#8221;thumb_size&#8221;:&#8221;large&#8221;},{&#8220;component&#8221;:&#8221;hc_wp_editor&#8221;,&#8221;id&#8221;:&#8221;gTbP5&#8243;,&#8221;css_classes&#8221;:&#8221;no-paddings-y &#8220;,&#8221;custom_css_classes&#8221;:&#8221;&#8221;,&#8221;custom_css_styles&#8221;:&#8221;&#8221;,&#8221;editor_content&#8221;:&#8221;<strong>UNIVERSIDAD DE ALICANTE<\/strong>\\nALICANTE (ESPANHA)\\n<a href=\\\"https:\/\/www.ua.es\\\" target=\\\"_blank\\\" rel=\\\"noopener\\\">www.ua.es<\/a>\\n\\nA Universidade de Alicante (UA) foi criada em 1979. Hoje, educa e treina mais de 36.000 estudantes &#8211; dos quais 2.500 s\u00e3o estudantes internacionais &#8211; e oferece mais de 80 cursos de gradua\u00e7\u00e3o e 96 programas de p\u00f3s-gradua\u00e7\u00e3o. A UA abriga 227 grupos de pesquisa em Ci\u00eancias Sociais e Jur\u00eddicas, Ci\u00eancias Experimentais, Ci\u00eancias Tecnol\u00f3gicas, Ci\u00eancias Humanas, Educa\u00e7\u00e3o e Ci\u00eancias da Sa\u00fade e 15 Institutos de Pesquisa. Assim, a UA emprega mais de 2.400 pesquisadores, professores e possui uma estrutura administrativa complexa de 1.300 pessoas. O departamento de software e sistemas de computa\u00e7\u00e3o (DLSI) \u00e9 um dos maiores departamentos da UA, empregando mais de 60 professores em tempo integral, mais de 30 professores de apoio e 6 funcion\u00e1rios. O DLSI pertence \u00e0 Escola Polit\u00e9cnica e dedica-se \u00e0 pesquisa e forma\u00e7\u00e3o nos seguintes t\u00f3picos: engenharia de software, desenvolvimento de software e sistemas multim\u00e9dia, incluindo sistemas de gest\u00e3o de e-learning. O DLSI realizou v\u00e1rias atividades de pesquisa nas \u00e1reas do desenvolvimento de software, usabilidade e acessibilidade de sites e aplicativos da web e e-learning nos \u00faltimos 15 anos. O departamento de Sociologia da UA apoia o DLSI na realiza\u00e7\u00e3o deste projeto.\\n\\n&nbsp;&#8220;}]}]},{&#8220;component&#8221;:&#8221;hc_column&#8221;,&#8221;id&#8221;:&#8221;column_wTKBi&#8221;,&#8221;column_width&#8221;:&#8221;col-md-12&#8243;,&#8221;animation&#8221;:&#8221;&#8221;,&#8221;animation_time&#8221;:&#8221;&#8221;,&#8221;timeline_animation&#8221;:&#8221;&#8221;,&#8221;timeline_delay&#8221;:&#8221;&#8221;,&#8221;timeline_order&#8221;:&#8221;&#8221;,&#8221;css_classes&#8221;:&#8221;&#8221;,&#8221;custom_css_classes&#8221;:&#8221;&#8221;,&#8221;custom_css_styles&#8221;:&#8221;margin:0 auto&#8221;,&#8221;main_content&#8221;:[{&#8220;component&#8221;:&#8221;hc_column&#8221;,&#8221;id&#8221;:&#8221;CTbnJ&#8221;,&#8221;column_width&#8221;:&#8221;col-md-6&#8243;,&#8221;animation&#8221;:&#8221;&#8221;,&#8221;animation_time&#8221;:&#8221;&#8221;,&#8221;timeline_animation&#8221;:&#8221;&#8221;,&#8221;timeline_delay&#8221;:&#8221;&#8221;,&#8221;timeline_order&#8221;:&#8221;&#8221;,&#8221;css_classes&#8221;:&#8221;&#8221;,&#8221;custom_css_classes&#8221;:&#8221;&#8221;,&#8221;custom_css_styles&#8221;:&#8221;padding-right:40px&#8221;,&#8221;main_content&#8221;:[{&#8220;component&#8221;:&#8221;hc_image&#8221;,&#8221;id&#8221;:&#8221;e8bGf&#8221;,&#8221;css_classes&#8221;:&#8221;&#8221;,&#8221;custom_css_classes&#8221;:&#8221;&#8221;,&#8221;custom_css_styles&#8221;:&#8221;&#8221;,&#8221;image&#8221;:&#8221;http:\/\/www.ecom4children.eu\/wp-content\/uploads\/2018\/04\/logo-sdruzeni-color.png|70|200|406&#8243;,&#8221;alt&#8221;:&#8221;&#8221;,&#8221;thumb_size&#8221;:&#8221;large&#8221;},{&#8220;component&#8221;:&#8221;hc_wp_editor&#8221;,&#8221;id&#8221;:&#8221;xMi61&#8243;,&#8221;css_classes&#8221;:&#8221;&#8221;,&#8221;custom_css_classes&#8221;:&#8221;&#8221;,&#8221;custom_css_styles&#8221;:&#8221;&#8221;,&#8221;editor_content&#8221;:&#8221;<strong>SDRUZENI PRO HRACKU A HRU (SHH)<\/strong>\\nPRAGA (REP\u00daBLICA CHECA)\\n<a href=\\\"http:\/\/www.sdruzenihracky.cz\\\" target=\\\"_blank\\\" rel=\\\"noopener\\\">www.sdruzenihracky.cz<\/a>\\n\\nA Associa\u00e7\u00e3o Checa para os Brinquedos e o Brincar (SHH) representa e re\u00fane toda a ind\u00fastria de brinquedos na Rep\u00fablica Checa, composta por fabricantes de brinquedos, grossistas, retalhistas, escolas, designers e laborat\u00f3rios de testes. Hoje, a associa\u00e7\u00e3o tem 140 associados. S\u00e3o tamb\u00e9m membros desta associa\u00e7\u00e3o: o laborat\u00f3rio de testes de brinquedos em Zlin, o Museu do Brinquedo em Praga, a Escola de Arte Industrial em Praga e a Faculdade de Pedagogia da Universidade Charles.\\nO objetivo da associa\u00e7\u00e3o \u00e9 que as crian\u00e7as brinquem com brinquedos seguros que contribuam de forma positiva para o desenvolvimento da sua personalidade. Al\u00e9m disso, a SHH tem uma vasta experi\u00eancia na organiza\u00e7\u00e3o de cursos de forma\u00e7\u00e3o para os seus membros sobre quest\u00f5es espec\u00edficas do setor, como seguran\u00e7a de brinquedos e prote\u00e7\u00e3o ao consumidor.\\n\\n&nbsp;\\n\\n&nbsp;&#8220;}]},{&#8220;component&#8221;:&#8221;hc_column&#8221;,&#8221;id&#8221;:&#8221;column_qbRbm&#8221;,&#8221;column_width&#8221;:&#8221;col-md-6&#8243;,&#8221;animation&#8221;:&#8221;&#8221;,&#8221;animation_time&#8221;:&#8221;&#8221;,&#8221;timeline_animation&#8221;:&#8221;&#8221;,&#8221;timeline_delay&#8221;:&#8221;&#8221;,&#8221;timeline_order&#8221;:&#8221;&#8221;,&#8221;css_classes&#8221;:&#8221;&#8221;,&#8221;custom_css_classes&#8221;:&#8221;&#8221;,&#8221;custom_css_styles&#8221;:&#8221;&#8221;,&#8221;main_content&#8221;:[{&#8220;component&#8221;:&#8221;hc_image&#8221;,&#8221;id&#8221;:&#8221;XEay7&#8243;,&#8221;css_classes&#8221;:&#8221;&#8221;,&#8221;custom_css_classes&#8221;:&#8221;&#8221;,&#8221;custom_css_styles&#8221;:&#8221;&#8221;,&#8221;image&#8221;:&#8221;http:\/\/www.ecom4children.eu\/wp-content\/uploads\/2018\/04\/logo-aspi-color2.png|70|200|405&#8243;,&#8221;alt&#8221;:&#8221;&#8221;,&#8221;thumb_size&#8221;:&#8221;large&#8221;},{&#8220;component&#8221;:&#8221;hc_wp_editor&#8221;,&#8221;id&#8221;:&#8221;5AF0x&#8221;,&#8221;css_classes&#8221;:&#8221;&#8221;,&#8221;custom_css_classes&#8221;:&#8221;&#8221;,&#8221;custom_css_styles&#8221;:&#8221;&#8221;,&#8221;editor_content&#8221;:&#8221;<strong>ASSOCIA\u00c7\u00c3O PARA A PROMO\u00c7\u00c3O DA SEGURAN\u00c7A INFANTIL (APSI)<\/strong>\\nLISBOA (PORTUGAL)\\n<a href=\\\"http:\/\/www.apsi.org.pt\\\" target=\\\"_blank\\\" rel=\\\"noopener\\\">www.apsi.org.pt<\/a>\\n\\nCom mais de 25 anos de experi\u00eancia na \u00e1rea da seguran\u00e7a infantil, a Associa\u00e7\u00e3o para a Promo\u00e7\u00e3o da Seguran\u00e7a Infantil trabalha para incentivar comportamentos e pr\u00e1ticas corretas, bem como a cria\u00e7\u00e3o de ambientes seguros que garantam o crescimento saud\u00e1vel de crian\u00e7as e jovens. Tem como principal objetivo reduzir o n\u00famero e a gravidade das les\u00f5es por acidentes, nesses grupos et\u00e1rios.\\nA APSI \u00e9 uma organiza\u00e7\u00e3o privada sem fins lucrativos fundada em 1992, que tem o estatuto de utilidade p\u00fablica. \u00c9 uma associa\u00e7\u00e3o de fam\u00edlias e uma organiza\u00e7\u00e3o de consumidores. \u00c9 l\u00edder de opini\u00e3o em diversas \u00e1reas, tais como: seguran\u00e7a na \u00e1gua, espa\u00e7os de jogo e recreio, seguran\u00e7a de passageiros e seguran\u00e7a no transporte coletivo de crian\u00e7as e jovens, tendo um papel emblem\u00e1tico em seguran\u00e7a infantil tanto em Portugal como na Europa. \u00c9 a \u00fanica entidade em Portugal exclusivamente dedicada \u00e0 preven\u00e7\u00e3o de les\u00f5es por acidente.\\nA APSI interv\u00e9m na sociedade atrav\u00e9s da informa\u00e7\u00e3o e comunica\u00e7\u00e3o, pesquisa, educa\u00e7\u00e3o \/ forma\u00e7\u00e3o e participa\u00e7\u00e3o no desenvolvimento de leis, regulamentos e normas.\\n\\n&nbsp;\\n\\n&nbsp;&#8220;}]}]}],&#8221;section_settings&#8221;:&#8221;&#8221;},&#8221;scripts&#8221;:{},&#8221;css&#8221;:{},&#8221;css_page&#8221;:&#8221;&#8221;,&#8221;template_setting&#8221;:{&#8220;settings&#8221;:{&#8220;id&#8221;:&#8221;settings&#8221;}},&#8221;template_setting_top&#8221;:{},&#8221;page_setting&#8221;:{&#8220;settings&#8221;:[&#8220;lock-mode-off&#8221;]}}<\/p>\n","protected":false},"excerpt":{"rendered":"<p>{&#8220;main-title&#8221;:{&#8220;component&#8221;:&#8221;hc_title&#8221;,&#8221;id&#8221;:&#8221;main-title&#8221;,&#8221;subtitle&#8221;:&#8221;&#8221;,&#8221;title_content&#8221;:{&#8220;component&#8221;:&#8221;hc_title_base&#8221;,&#8221;id&#8221;:&#8221;title-base&#8221;,&#8221;image&#8221;:&#8221;http:\/\/www.ecom4children.eu\/wp-content\/uploads\/2018\/04\/fondo-color-1024&#215;427.jpg|800|1920|366&#8243;,&#8221;breadcrumbs&#8221;:true,&#8221;white&#8221;:true},&#8221;title&#8221;:&#8221;Parceiros&#8221;},&#8221;section_5ZtkF&#8221;:{&#8220;component&#8221;:&#8221;hc_section&#8221;,&#8221;id&#8221;:&#8221;section_5ZtkF&#8221;,&#8221;section_width&#8221;:&#8221;&#8221;,&#8221;animation&#8221;:&#8221;&#8221;,&#8221;animation_time&#8221;:&#8221;&#8221;,&#8221;timeline_animation&#8221;:&#8221;&#8221;,&#8221;timeline_delay&#8221;:&#8221;&#8221;,&#8221;timeline_order&#8221;:&#8221;&#8221;,&#8221;vertical_row&#8221;:&#8221;&#8221;,&#8221;box_middle&#8221;:&#8221;&#8221;,&#8221;css_classes&#8221;:&#8221;&#8221;,&#8221;custom_css_classes&#8221;:&#8221;&#8221;,&#8221;custom_css_styles&#8221;:&#8221;&#8221;,&#8221;section_content&#8221;:[{&#8220;component&#8221;:&#8221;hc_column&#8221;,&#8221;id&#8221;:&#8221;column_HpxMw&#8221;,&#8221;column_width&#8221;:&#8221;col-md-12&#8243;,&#8221;animation&#8221;:&#8221;&#8221;,&#8221;animation_time&#8221;:&#8221;&#8221;,&#8221;timeline_animation&#8221;:&#8221;&#8221;,&#8221;timeline_delay&#8221;:&#8221;&#8221;,&#8221;timeline_order&#8221;:&#8221;&#8221;,&#8221;css_classes&#8221;:&#8221;no-paddings-y &#8220;,&#8221;custom_css_classes&#8221;:&#8221;&#8221;,&#8221;custom_css_styles&#8221;:&#8221;margin:0 auto&#8221;,&#8221;main_content&#8221;:[{&#8220;component&#8221;:&#8221;hc_column&#8221;,&#8221;id&#8221;:&#8221;column_UcayN&#8221;,&#8221;column_width&#8221;:&#8221;col-md-4&#8243;,&#8221;animation&#8221;:&#8221;&#8221;,&#8221;animation_time&#8221;:&#8221;&#8221;,&#8221;timeline_animation&#8221;:&#8221;&#8221;,&#8221;timeline_delay&#8221;:&#8221;&#8221;,&#8221;timeline_order&#8221;:&#8221;&#8221;,&#8221;css_classes&#8221;:&#8221;no-paddings-y &#8220;,&#8221;custom_css_classes&#8221;:&#8221;&#8221;,&#8221;custom_css_styles&#8221;:&#8221;&#8221;,&#8221;main_content&#8221;:[{&#8220;component&#8221;:&#8221;hc_image&#8221;,&#8221;id&#8221;:&#8221;4oaCx&#8221;,&#8221;css_classes&#8221;:&#8221;&#8221;,&#8221;custom_css_classes&#8221;:&#8221;&#8221;,&#8221;custom_css_styles&#8221;:&#8221;&#8221;,&#8221;image&#8221;:&#8221;http:\/\/www.ecom4children.eu\/wp-content\/uploads\/2018\/04\/logo-aiju-color.png|70|200|404&#8243;,&#8221;alt&#8221;:&#8221;&#8221;,&#8221;thumb_size&#8221;:&#8221;large&#8221;},{&#8220;component&#8221;:&#8221;hc_wp_editor&#8221;,&#8221;id&#8221;:&#8221;Ty2k2&#8243;,&#8221;css_classes&#8221;:&#8221;no-padding-bottom &#8220;,&#8221;custom_css_classes&#8221;:&#8221;&#8221;,&#8221;custom_css_styles&#8221;:&#8221;&#8221;,&#8221;editor_content&#8221;:&#8221;AIJU, INSTITUTO TECNOL\u00d3GICO DE PRODUTOS INFANTIS E DE LAZER\\nIBI, ALICANTE (ESPANHA)\\nwww.aiju.info&#8220;}]},{&#8220;component&#8221;:&#8221;hc_column&#8221;,&#8221;id&#8221;:&#8221;column_09WCG&#8221;,&#8221;column_width&#8221;:&#8221;col-md-8&#8243;,&#8221;animation&#8221;:&#8221;&#8221;,&#8221;animation_time&#8221;:&#8221;&#8221;,&#8221;timeline_animation&#8221;:&#8221;&#8221;,&#8221;timeline_delay&#8221;:&#8221;&#8221;,&#8221;timeline_order&#8221;:&#8221;&#8221;,&#8221;css_classes&#8221;:&#8221;no-paddings-y &#8220;,&#8221;custom_css_classes&#8221;:&#8221;&#8221;,&#8221;custom_css_styles&#8221;:&#8221;&#8221;,&#8221;main_content&#8221;:[{&#8220;component&#8221;:&#8221;hc_wp_editor&#8221;,&#8221;id&#8221;:&#8221;Dpzvb&#8221;,&#8221;css_classes&#8221;:&#8221;no-paddings-y &#8220;,&#8221;custom_css_classes&#8221;:&#8221;&#8221;,&#8221;custom_css_styles&#8221;:&#8221;&#8221;,&#8221;editor_content&#8221;:&#8221;O Instituto Tecnol\u00f3gico de Produtos Infantis e de Lazer (AIJU) foi inaugurado em 1985 como organiza\u00e7\u00e3o sem fins lucrativos, com o objetivo de apoiar o setor de produtos para crian\u00e7as e realizar projetos de P &amp; D para aumentar [&hellip;]<\/p>\n","protected":false},"author":2,"featured_media":0,"parent":0,"menu_order":0,"comment_status":"closed","ping_status":"closed","template":"","meta":[],"_links":{"self":[{"href":"https:\/\/www.ecom4children.eu\/pt-pt\/wp-json\/wp\/v2\/pages\/1331"}],"collection":[{"href":"https:\/\/www.ecom4children.eu\/pt-pt\/wp-json\/wp\/v2\/pages"}],"about":[{"href":"https:\/\/www.ecom4children.eu\/pt-pt\/wp-json\/wp\/v2\/types\/page"}],"author":[{"embeddable":true,"href":"https:\/\/www.ecom4children.eu\/pt-pt\/wp-json\/wp\/v2\/users\/2"}],"replies":[{"embeddable":true,"href":"https:\/\/www.ecom4children.eu\/pt-pt\/wp-json\/wp\/v2\/comments?post=1331"}],"version-history":[{"count":3,"href":"https:\/\/www.ecom4children.eu\/pt-pt\/wp-json\/wp\/v2\/pages\/1331\/revisions"}],"predecessor-version":[{"id":1334,"href":"https:\/\/www.ecom4children.eu\/pt-pt\/wp-json\/wp\/v2\/pages\/1331\/revisions\/1334"}],"wp:attachment":[{"href":"https:\/\/www.ecom4children.eu\/pt-pt\/wp-json\/wp\/v2\/media?parent=1331"}],"curies":[{"name":"wp","href":"https:\/\/api.w.org\/{rel}","templated":true}]}}