{"id":1329,"date":"2018-04-19T13:21:58","date_gmt":"2018-04-19T11:21:58","guid":{"rendered":"https:\/\/www.ecom4children.eu\/faqs\/"},"modified":"2019-02-07T18:55:20","modified_gmt":"2019-02-07T17:55:20","slug":"faqs","status":"publish","type":"page","link":"https:\/\/www.ecom4children.eu\/pt-pt\/faqs\/","title":{"rendered":"FAQs"},"content":{"rendered":"<p>{&#8220;main-title&#8221;:{&#8220;component&#8221;:&#8221;hc_title&#8221;,&#8221;id&#8221;:&#8221;main-title&#8221;,&#8221;subtitle&#8221;:&#8221;&#8221;,&#8221;title_content&#8221;:{&#8220;component&#8221;:&#8221;hc_title_base&#8221;,&#8221;id&#8221;:&#8221;title-base&#8221;,&#8221;image&#8221;:&#8221;http:\/\/www.ecom4children.eu\/wp-content\/uploads\/2018\/04\/fondo-color-1024&#215;427.jpg|800|1920|366&#8243;,&#8221;breadcrumbs&#8221;:false,&#8221;white&#8221;:true},&#8221;title&#8221;:&#8221;FAQs&#8221;},&#8221;section_5ZtkF&#8221;:{&#8220;component&#8221;:&#8221;hc_section&#8221;,&#8221;id&#8221;:&#8221;section_5ZtkF&#8221;,&#8221;section_width&#8221;:&#8221;&#8221;,&#8221;animation&#8221;:&#8221;&#8221;,&#8221;animation_time&#8221;:&#8221;&#8221;,&#8221;timeline_animation&#8221;:&#8221;&#8221;,&#8221;timeline_delay&#8221;:&#8221;&#8221;,&#8221;timeline_order&#8221;:&#8221;&#8221;,&#8221;vertical_row&#8221;:&#8221;&#8221;,&#8221;box_middle&#8221;:&#8221;&#8221;,&#8221;css_classes&#8221;:&#8221;&#8221;,&#8221;custom_css_classes&#8221;:&#8221;&#8221;,&#8221;custom_css_styles&#8221;:&#8221;&#8221;,&#8221;section_content&#8221;:[{&#8220;component&#8221;:&#8221;hc_column&#8221;,&#8221;id&#8221;:&#8221;column_sc9bi&#8221;,&#8221;column_width&#8221;:&#8221;col-md-6&#8243;,&#8221;animation&#8221;:&#8221;&#8221;,&#8221;animation_time&#8221;:&#8221;&#8221;,&#8221;timeline_animation&#8221;:&#8221;&#8221;,&#8221;timeline_delay&#8221;:&#8221;&#8221;,&#8221;timeline_order&#8221;:&#8221;&#8221;,&#8221;css_classes&#8221;:&#8221;&#8221;,&#8221;custom_css_classes&#8221;:&#8221;&#8221;,&#8221;custom_css_styles&#8221;:&#8221;padding-right:30px;&#8221;,&#8221;main_content&#8221;:[{&#8220;component&#8221;:&#8221;hc_title_tag&#8221;,&#8221;id&#8221;:&#8221;m5BNb&#8221;,&#8221;css_classes&#8221;:&#8221;&#8221;,&#8221;custom_css_classes&#8221;:&#8221;&#8221;,&#8221;custom_css_styles&#8221;:&#8221;&#8221;,&#8221;text&#8221;:&#8221;Sobre o MOOC adaptativo&#8221;,&#8221;tag&#8221;:&#8221;h2&#8243;},{&#8220;component&#8221;:&#8221;hc_accordion&#8221;,&#8221;id&#8221;:&#8221;QhOd3&#8243;,&#8221;css_classes&#8221;:&#8221;&#8221;,&#8221;custom_css_classes&#8221;:&#8221;&#8221;,&#8221;custom_css_styles&#8221;:&#8221;&#8221;,&#8221;name_1&#8243;:&#8221;O que \u00e9 um MOOC adaptativo?&#8221;,&#8221;icon_1&#8243;:&#8221;&#8221;,&#8221;icon_style_1&#8243;:&#8221;&#8221;,&#8221;icon_image_1&#8243;:&#8221;&#8221;,&#8221;content_1&#8243;:[{&#8220;component&#8221;:&#8221;hc_text_block&#8221;,&#8221;id&#8221;:&#8221;K79oA&#8221;,&#8221;css_classes&#8221;:&#8221;&#8221;,&#8221;custom_css_classes&#8221;:&#8221;&#8221;,&#8221;custom_css_styles&#8221;:&#8221;&#8221;,&#8221;content&#8221;:&#8221;\u00c9 um curso online aberto no formato MOOC, que oferece aos utilizadores a possibilidade de escolherem entre uma s\u00e9rie de m\u00f3dulos de forma\u00e7\u00e3o de acordo com seus desejos, ou seguir uma recomenda\u00e7\u00e3o baseada numa an\u00e1lise do seu perfil e das suas necessidades. MOOC \u00e9 o acr\u00f3nimo para Massive Online Open Course, ou seja, um curso online, acess\u00edvel atrav\u00e9s da Internet e gratuito. Qualquer pessoa pode increver-se e n\u00e3o h\u00e1 limite para o n\u00famero de participantes.&#8221;}],&#8221;name_2&#8243;:&#8221;Este curso \u00e9 totalmente gr\u00e1tis?&#8221;,&#8221;icon_2&#8243;:&#8221;&#8221;,&#8221;icon_style_2&#8243;:&#8221;&#8221;,&#8221;icon_image_2&#8243;:&#8221;&#8221;,&#8221;content_2&#8243;:[{&#8220;component&#8221;:&#8221;hc_text_block&#8221;,&#8221;id&#8221;:&#8221;zRw6A&#8221;,&#8221;css_classes&#8221;:&#8221;&#8221;,&#8221;custom_css_classes&#8221;:&#8221;&#8221;,&#8221;custom_css_styles&#8221;:&#8221;&#8221;,&#8221;content&#8221;:&#8221;Sim, \u00e9. O curso n\u00e3o tem quaisquer encargos financeiros e est\u00e1 aberto a todos os interessados.&#8221;}],&#8221;name_3&#8243;:&#8221;H\u00e1 alguns requisitos para participar neste curso?&#8221;,&#8221;icon_3&#8243;:&#8221;&#8221;,&#8221;icon_style_3&#8243;:&#8221;&#8221;,&#8221;icon_image_3&#8243;:&#8221;&#8221;,&#8221;content_3&#8243;:[{&#8220;component&#8221;:&#8221;hc_text_block&#8221;,&#8221;id&#8221;:&#8221;TWaoC&#8221;,&#8221;css_classes&#8221;:&#8221;&#8221;,&#8221;custom_css_classes&#8221;:&#8221;&#8221;,&#8221;custom_css_styles&#8221;:&#8221;&#8221;,&#8221;content&#8221;:&#8221;Para fazer este curso s\u00f3 \u00e9 necess\u00e1rio ter interesse sobre com\u00e9rcio eletr\u00f3nico em especial no setor de produtos para crian\u00e7as, quer seja um consumidor ou um profissional da \u00e1rea ou porque quer aumentar os seus conhecimentos.&#8221;}],&#8221;name_4&#8243;:&#8221;Que t\u00f3picos de interesse vou encontrar?&#8221;,&#8221;icon_4&#8243;:&#8221;&#8221;,&#8221;icon_style_4&#8243;:&#8221;&#8221;,&#8221;icon_image_4&#8243;:&#8221;&#8221;,&#8221;content_4&#8243;:[{&#8220;component&#8221;:&#8221;hc_text_block&#8221;,&#8221;id&#8221;:&#8221;YQuOz&#8221;,&#8221;css_classes&#8221;:&#8221;&#8221;,&#8221;custom_css_classes&#8221;:&#8221;&#8221;,&#8221;custom_css_styles&#8221;:&#8221;&#8221;,&#8221;content&#8221;:&#8221;O plano de estudos do curso combina conte\u00fados com uma abordagem transversal ao com\u00e9rcio eletr\u00f3nico, com t\u00f3picos espec\u00edficos relacionados com v\u00e1rios produtos para crian\u00e7as, vendidos on-line, como brinquedos, artigos de puericultura ou m\u00f3veis. Oferece pela primeira vez uma vis\u00e3o integrada do com\u00e9rcio eletr\u00f3nico, seguran\u00e7a de produtos e direitos do consumidor no mercado online.&#8221;}],&#8221;name_5&#8243;:&#8221;O que preciso para fazer este curso?&#8221;,&#8221;icon_5&#8243;:&#8221;&#8221;,&#8221;icon_style_5&#8243;:&#8221;&#8221;,&#8221;icon_image_5&#8243;:&#8221;&#8221;,&#8221;content_5&#8243;:[{&#8220;component&#8221;:&#8221;hc_text_block&#8221;,&#8221;id&#8221;:&#8221;4qyvZ&#8221;,&#8221;css_classes&#8221;:&#8221;&#8221;,&#8221;custom_css_classes&#8221;:&#8221;&#8221;,&#8221;custom_css_styles&#8221;:&#8221;&#8221;,&#8221;content&#8221;:&#8221;\u00c9 poss\u00edvel fazer este curso usando o seu computador, tablet ou telem\u00f3vel. S\u00f3 precisa de acesso \u00e0 Internet e uma conta do Gmail! A plataforma foi desenvolvida com base na tecnologia do Google, e \u00e9 por isso que uma conta do Gmail \u00e9 necess\u00e1ria.&#8221;}],&#8221;name_6&#8243;:&#8221;Receberei um certificado ao terminar o curso?&#8221;,&#8221;icon_6&#8243;:&#8221;&#8221;,&#8221;icon_style_6&#8243;:&#8221;&#8221;,&#8221;icon_image_6&#8243;:&#8221;&#8221;,&#8221;content_6&#8243;:[{&#8220;component&#8221;:&#8221;hc_text_block&#8221;,&#8221;id&#8221;:&#8221;jLXuv&#8221;,&#8221;css_classes&#8221;:&#8221;&#8221;,&#8221;custom_css_classes&#8221;:&#8221;&#8221;,&#8221;custom_css_styles&#8221;:&#8221;&#8221;,&#8221;content&#8221;:&#8221;Quando terminar o curso, poder\u00e1 descarregar gratuitamente o seu certificado digital.&#8221;}],&#8221;name_7&#8243;:&#8221;Quando \u00e9 que o Curso come\u00e7ar\u00e1?&#8221;,&#8221;icon_7&#8243;:&#8221;&#8221;,&#8221;icon_style_7&#8243;:&#8221;&#8221;,&#8221;icon_image_7&#8243;:&#8221;&#8221;,&#8221;content_7&#8243;:[{&#8220;component&#8221;:&#8221;hc_text_block&#8221;,&#8221;id&#8221;:&#8221;DmjNY&#8221;,&#8221;css_classes&#8221;:&#8221;&#8221;,&#8221;custom_css_classes&#8221;:&#8221;&#8221;,&#8221;custom_css_styles&#8221;:&#8221;&#8221;,&#8221;content&#8221;:&#8221;Neste momento, os materiais da forma\u00e7\u00e3o que ser\u00e3o inclu\u00eddos na plataforma do curso est\u00e3o a ser desenvolvidos pelos parceiros do projeto europeu e-COM 4 CRIAN\u00c7AS. O curso ainda n\u00e3o est\u00e1 dispon\u00edvel, mas pode fazer uma pr\u00e9-inscri\u00e7\u00e3o e integrar um grupo de potenciais utilizadores que participar\u00e3o na fase piloto do MOOC adaptativo do e-COM 4 CHILDREN antes do lan\u00e7amento formal. O projeto termina em mar\u00e7o de 2020.&#8221;}],&#8221;name_8&#8243;:&#8221;&#8221;,&#8221;icon_8&#8243;:&#8221;&#8221;,&#8221;icon_style_8&#8243;:&#8221;&#8221;,&#8221;icon_image_8&#8243;:&#8221;&#8221;,&#8221;content_8&#8243;:[],&#8221;name_9&#8243;:&#8221;&#8221;,&#8221;icon_9&#8243;:&#8221;&#8221;,&#8221;icon_style_9&#8243;:&#8221;&#8221;,&#8221;icon_image_9&#8243;:&#8221;&#8221;,&#8221;content_9&#8243;:[],&#8221;name_10&#8243;:&#8221;&#8221;,&#8221;icon_10&#8243;:&#8221;&#8221;,&#8221;icon_style_10&#8243;:&#8221;&#8221;,&#8221;icon_image_10&#8243;:&#8221;&#8221;,&#8221;content_10&#8243;:[],&#8221;open_type&#8221;:&#8221;&#8221;,&#8221;time&#8221;:&#8221;&#8221;,&#8221;open&#8221;:&#8221;&#8221;}]},{&#8220;component&#8221;:&#8221;hc_column&#8221;,&#8221;id&#8221;:&#8221;column_2gIyi&#8221;,&#8221;column_width&#8221;:&#8221;col-md-6&#8243;,&#8221;animation&#8221;:&#8221;&#8221;,&#8221;animation_time&#8221;:&#8221;&#8221;,&#8221;timeline_animation&#8221;:&#8221;&#8221;,&#8221;timeline_delay&#8221;:&#8221;&#8221;,&#8221;timeline_order&#8221;:&#8221;&#8221;,&#8221;css_classes&#8221;:&#8221;text-center &#8220;,&#8221;custom_css_classes&#8221;:&#8221;&#8221;,&#8221;custom_css_styles&#8221;:&#8221;padding-left:30px;&#8221;,&#8221;main_content&#8221;:[{&#8220;component&#8221;:&#8221;hc_title_tag&#8221;,&#8221;id&#8221;:&#8221;XBkIJ&#8221;,&#8221;css_classes&#8221;:&#8221;&#8221;,&#8221;custom_css_classes&#8221;:&#8221;&#8221;,&#8221;custom_css_styles&#8221;:&#8221;&#8221;,&#8221;text&#8221;:&#8221;Sobre o COMIC interativo&#8221;,&#8221;tag&#8221;:&#8221;h2&#8243;},{&#8220;component&#8221;:&#8221;hc_accordion&#8221;,&#8221;id&#8221;:&#8221;9FiHw&#8221;,&#8221;css_classes&#8221;:&#8221;&#8221;,&#8221;custom_css_classes&#8221;:&#8221;&#8221;,&#8221;custom_css_styles&#8221;:&#8221;&#8221;,&#8221;name_1&#8243;:&#8221;O que \u00e9 o COMIC interactivo?&#8221;,&#8221;icon_1&#8243;:&#8221;&#8221;,&#8221;icon_style_1&#8243;:&#8221;&#8221;,&#8221;icon_image_1&#8243;:&#8221;&#8221;,&#8221;content_1&#8243;:[{&#8220;component&#8221;:&#8221;hc_text_block&#8221;,&#8221;id&#8221;:&#8221;13bqq&#8221;,&#8221;css_classes&#8221;:&#8221;&#8221;,&#8221;custom_css_classes&#8221;:&#8221;&#8221;,&#8221;custom_css_styles&#8221;:&#8221;&#8221;,&#8221;content&#8221;:&#8221;\u00c9 um e-book em formato de hist\u00f3ria aos quadradinhos, em que o processo de aprendizagem se baseia numa narrativa. As hist\u00f3rias s\u00e3o uma ferramenta eficaz na educa\u00e7\u00e3o; os alunos identificam-se com elas e, portanto, lembram-se delas. Com o COMIC, aprender\u00e1 como comprar produtos seguros on-line para crian\u00e7as e poder\u00e1 avaliar o seu n\u00edvel de conhecimentos com exemplos pr\u00e1ticos muito simples.&#8221;}],&#8221;name_2&#8243;:&#8221; A quem se destina?&#8221;,&#8221;icon_2&#8243;:&#8221;&#8221;,&#8221;icon_style_2&#8243;:&#8221;&#8221;,&#8221;icon_image_2&#8243;:&#8221;&#8221;,&#8221;content_2&#8243;:[{&#8220;component&#8221;:&#8221;hc_text_block&#8221;,&#8221;id&#8221;:&#8221;76QxZ&#8221;,&#8221;css_classes&#8221;:&#8221;&#8221;,&#8221;custom_css_classes&#8221;:&#8221;&#8221;,&#8221;custom_css_styles&#8221;:&#8221;&#8221;,&#8221;content&#8221;:&#8221;O COMIC interativo \u00e9 concebido como uma ferramenta de forma\u00e7\u00e3o destinada a funcion\u00e1rios de associa\u00e7\u00f5es de consumidores e consumidores em geral, com uma linguagem direta e simples.&#8221;}],&#8221;name_3&#8243;:&#8221;Eu sou professor; esta ferramenta pode ajudar-me nas minhas aulas?&#8221;,&#8221;icon_3&#8243;:&#8221;&#8221;,&#8221;icon_style_3&#8243;:&#8221;&#8221;,&#8221;icon_image_3&#8243;:&#8221;&#8221;,&#8221;content_3&#8243;:[{&#8220;component&#8221;:&#8221;hc_text_block&#8221;,&#8221;id&#8221;:&#8221;yVPni&#8221;,&#8221;css_classes&#8221;:&#8221;&#8221;,&#8221;custom_css_classes&#8221;:&#8221;&#8221;,&#8221;custom_css_styles&#8221;:&#8221;&#8221;,&#8221;content&#8221;:&#8221;A compra online de bens de consumo \u00e9 uma pr\u00e1tica di\u00e1ria para a qual os consumidores devem ser treinados. \u00c9 possivel usar essa ferramenta em sala de aula com os alunos &#8211; futuros consumidores, tornando-os conscientes da import\u00e2ncia de saberem como comprar on-line com todas as garantias.&#8221;}],&#8221;name_4&#8243;:&#8221;&#8221;,&#8221;icon_4&#8243;:&#8221;&#8221;,&#8221;icon_style_4&#8243;:&#8221;&#8221;,&#8221;icon_image_4&#8243;:&#8221;&#8221;,&#8221;content_4&#8243;:[],&#8221;name_5&#8243;:&#8221;&#8221;,&#8221;icon_5&#8243;:&#8221;&#8221;,&#8221;icon_style_5&#8243;:&#8221;&#8221;,&#8221;icon_image_5&#8243;:&#8221;&#8221;,&#8221;content_5&#8243;:[],&#8221;name_6&#8243;:&#8221;&#8221;,&#8221;icon_6&#8243;:&#8221;&#8221;,&#8221;icon_style_6&#8243;:&#8221;&#8221;,&#8221;icon_image_6&#8243;:&#8221;&#8221;,&#8221;content_6&#8243;:[],&#8221;name_7&#8243;:&#8221;&#8221;,&#8221;icon_7&#8243;:&#8221;&#8221;,&#8221;icon_style_7&#8243;:&#8221;&#8221;,&#8221;icon_image_7&#8243;:&#8221;&#8221;,&#8221;content_7&#8243;:[],&#8221;name_8&#8243;:&#8221;&#8221;,&#8221;icon_8&#8243;:&#8221;&#8221;,&#8221;icon_style_8&#8243;:&#8221;&#8221;,&#8221;icon_image_8&#8243;:&#8221;&#8221;,&#8221;content_8&#8243;:[],&#8221;name_9&#8243;:&#8221;&#8221;,&#8221;icon_9&#8243;:&#8221;&#8221;,&#8221;icon_style_9&#8243;:&#8221;&#8221;,&#8221;icon_image_9&#8243;:&#8221;&#8221;,&#8221;content_9&#8243;:[],&#8221;name_10&#8243;:&#8221;&#8221;,&#8221;icon_10&#8243;:&#8221;&#8221;,&#8221;icon_style_10&#8243;:&#8221;&#8221;,&#8221;icon_image_10&#8243;:&#8221;&#8221;,&#8221;content_10&#8243;:[],&#8221;open_type&#8221;:&#8221;&#8221;,&#8221;time&#8221;:&#8221;&#8221;,&#8221;open&#8221;:&#8221;&#8221;}]}],&#8221;section_settings&#8221;:&#8221;&#8221;},&#8221;scripts&#8221;:{&#8220;components&#8221;:&#8221;jquery.tab-accordion.js&#8221;},&#8221;css&#8221;:{&#8220;components&#8221;:&#8221;css\/components.css&#8221;},&#8221;css_page&#8221;:&#8221;&#8221;,&#8221;template_setting&#8221;:{&#8220;settings&#8221;:{&#8220;id&#8221;:&#8221;settings&#8221;}},&#8221;template_setting_top&#8221;:{},&#8221;page_setting&#8221;:{&#8220;settings&#8221;:[&#8220;lock-mode-off&#8221;]}}<\/p>\n","protected":false},"excerpt":{"rendered":"<p>{&#8220;main-title&#8221;:{&#8220;component&#8221;:&#8221;hc_title&#8221;,&#8221;id&#8221;:&#8221;main-title&#8221;,&#8221;subtitle&#8221;:&#8221;&#8221;,&#8221;title_content&#8221;:{&#8220;component&#8221;:&#8221;hc_title_base&#8221;,&#8221;id&#8221;:&#8221;title-base&#8221;,&#8221;image&#8221;:&#8221;http:\/\/www.ecom4children.eu\/wp-content\/uploads\/2018\/04\/fondo-color-1024&#215;427.jpg|800|1920|366&#8243;,&#8221;breadcrumbs&#8221;:false,&#8221;white&#8221;:true},&#8221;title&#8221;:&#8221;FAQs&#8221;},&#8221;section_5ZtkF&#8221;:{&#8220;component&#8221;:&#8221;hc_section&#8221;,&#8221;id&#8221;:&#8221;section_5ZtkF&#8221;,&#8221;section_width&#8221;:&#8221;&#8221;,&#8221;animation&#8221;:&#8221;&#8221;,&#8221;animation_time&#8221;:&#8221;&#8221;,&#8221;timeline_animation&#8221;:&#8221;&#8221;,&#8221;timeline_delay&#8221;:&#8221;&#8221;,&#8221;timeline_order&#8221;:&#8221;&#8221;,&#8221;vertical_row&#8221;:&#8221;&#8221;,&#8221;box_middle&#8221;:&#8221;&#8221;,&#8221;css_classes&#8221;:&#8221;&#8221;,&#8221;custom_css_classes&#8221;:&#8221;&#8221;,&#8221;custom_css_styles&#8221;:&#8221;&#8221;,&#8221;section_content&#8221;:[{&#8220;component&#8221;:&#8221;hc_column&#8221;,&#8221;id&#8221;:&#8221;column_sc9bi&#8221;,&#8221;column_width&#8221;:&#8221;col-md-6&#8243;,&#8221;animation&#8221;:&#8221;&#8221;,&#8221;animation_time&#8221;:&#8221;&#8221;,&#8221;timeline_animation&#8221;:&#8221;&#8221;,&#8221;timeline_delay&#8221;:&#8221;&#8221;,&#8221;timeline_order&#8221;:&#8221;&#8221;,&#8221;css_classes&#8221;:&#8221;&#8221;,&#8221;custom_css_classes&#8221;:&#8221;&#8221;,&#8221;custom_css_styles&#8221;:&#8221;padding-right:30px;&#8221;,&#8221;main_content&#8221;:[{&#8220;component&#8221;:&#8221;hc_title_tag&#8221;,&#8221;id&#8221;:&#8221;m5BNb&#8221;,&#8221;css_classes&#8221;:&#8221;&#8221;,&#8221;custom_css_classes&#8221;:&#8221;&#8221;,&#8221;custom_css_styles&#8221;:&#8221;&#8221;,&#8221;text&#8221;:&#8221;Sobre o MOOC adaptativo&#8221;,&#8221;tag&#8221;:&#8221;h2&#8243;},{&#8220;component&#8221;:&#8221;hc_accordion&#8221;,&#8221;id&#8221;:&#8221;QhOd3&#8243;,&#8221;css_classes&#8221;:&#8221;&#8221;,&#8221;custom_css_classes&#8221;:&#8221;&#8221;,&#8221;custom_css_styles&#8221;:&#8221;&#8221;,&#8221;name_1&#8243;:&#8221;O que \u00e9 um MOOC adaptativo?&#8221;,&#8221;icon_1&#8243;:&#8221;&#8221;,&#8221;icon_style_1&#8243;:&#8221;&#8221;,&#8221;icon_image_1&#8243;:&#8221;&#8221;,&#8221;content_1&#8243;:[{&#8220;component&#8221;:&#8221;hc_text_block&#8221;,&#8221;id&#8221;:&#8221;K79oA&#8221;,&#8221;css_classes&#8221;:&#8221;&#8221;,&#8221;custom_css_classes&#8221;:&#8221;&#8221;,&#8221;custom_css_styles&#8221;:&#8221;&#8221;,&#8221;content&#8221;:&#8221;\u00c9 um curso online aberto no formato MOOC, que oferece aos utilizadores a possibilidade de escolherem entre uma s\u00e9rie de m\u00f3dulos de forma\u00e7\u00e3o de acordo com seus desejos, ou seguir uma recomenda\u00e7\u00e3o baseada numa an\u00e1lise do seu perfil e das suas necessidades. MOOC \u00e9 o acr\u00f3nimo para [&hellip;]<\/p>\n","protected":false},"author":2,"featured_media":0,"parent":0,"menu_order":0,"comment_status":"closed","ping_status":"closed","template":"","meta":[],"_links":{"self":[{"href":"https:\/\/www.ecom4children.eu\/pt-pt\/wp-json\/wp\/v2\/pages\/1329"}],"collection":[{"href":"https:\/\/www.ecom4children.eu\/pt-pt\/wp-json\/wp\/v2\/pages"}],"about":[{"href":"https:\/\/www.ecom4children.eu\/pt-pt\/wp-json\/wp\/v2\/types\/page"}],"author":[{"embeddable":true,"href":"https:\/\/www.ecom4children.eu\/pt-pt\/wp-json\/wp\/v2\/users\/2"}],"replies":[{"embeddable":true,"href":"https:\/\/www.ecom4children.eu\/pt-pt\/wp-json\/wp\/v2\/comments?post=1329"}],"version-history":[{"count":1,"href":"https:\/\/www.ecom4children.eu\/pt-pt\/wp-json\/wp\/v2\/pages\/1329\/revisions"}],"predecessor-version":[{"id":1330,"href":"https:\/\/www.ecom4children.eu\/pt-pt\/wp-json\/wp\/v2\/pages\/1329\/revisions\/1330"}],"wp:attachment":[{"href":"https:\/\/www.ecom4children.eu\/pt-pt\/wp-json\/wp\/v2\/media?parent=1329"}],"curies":[{"name":"wp","href":"https:\/\/api.w.org\/{rel}","templated":true}]}}