{"id":1431,"date":"2018-06-06T10:41:44","date_gmt":"2018-06-06T08:41:44","guid":{"rendered":"https:\/\/www.ecom4children.eu\/socios\/"},"modified":"2019-02-11T19:30:31","modified_gmt":"2019-02-11T18:30:31","slug":"partners","status":"publish","type":"page","link":"https:\/\/www.ecom4children.eu\/it\/partners\/","title":{"rendered":"Partners"},"content":{"rendered":"<p>{&#8220;main-title&#8221;:{&#8220;component&#8221;:&#8221;hc_title&#8221;,&#8221;id&#8221;:&#8221;main-title&#8221;,&#8221;subtitle&#8221;:&#8221;&#8221;,&#8221;title_content&#8221;:{&#8220;component&#8221;:&#8221;hc_title_base&#8221;,&#8221;id&#8221;:&#8221;title-base&#8221;,&#8221;image&#8221;:&#8221;http:\/\/www.ecom4children.eu\/wp-content\/uploads\/2018\/04\/fondo-color-1024&#215;427.jpg|800|1920|366&#8243;,&#8221;breadcrumbs&#8221;:true,&#8221;white&#8221;:true},&#8221;title&#8221;:&#8221;Partners&#8221;},&#8221;section_5ZtkF&#8221;:{&#8220;component&#8221;:&#8221;hc_section&#8221;,&#8221;id&#8221;:&#8221;section_5ZtkF&#8221;,&#8221;section_width&#8221;:&#8221;&#8221;,&#8221;animation&#8221;:&#8221;&#8221;,&#8221;animation_time&#8221;:&#8221;&#8221;,&#8221;timeline_animation&#8221;:&#8221;&#8221;,&#8221;timeline_delay&#8221;:&#8221;&#8221;,&#8221;timeline_order&#8221;:&#8221;&#8221;,&#8221;vertical_row&#8221;:&#8221;&#8221;,&#8221;box_middle&#8221;:&#8221;&#8221;,&#8221;css_classes&#8221;:&#8221;&#8221;,&#8221;custom_css_classes&#8221;:&#8221;&#8221;,&#8221;custom_css_styles&#8221;:&#8221;&#8221;,&#8221;section_content&#8221;:[{&#8220;component&#8221;:&#8221;hc_column&#8221;,&#8221;id&#8221;:&#8221;column_HpxMw&#8221;,&#8221;column_width&#8221;:&#8221;col-md-12&#8243;,&#8221;animation&#8221;:&#8221;&#8221;,&#8221;animation_time&#8221;:&#8221;&#8221;,&#8221;timeline_animation&#8221;:&#8221;&#8221;,&#8221;timeline_delay&#8221;:&#8221;&#8221;,&#8221;timeline_order&#8221;:&#8221;&#8221;,&#8221;css_classes&#8221;:&#8221;no-paddings-y &#8220;,&#8221;custom_css_classes&#8221;:&#8221;&#8221;,&#8221;custom_css_styles&#8221;:&#8221;margin:0 auto&#8221;,&#8221;main_content&#8221;:[{&#8220;component&#8221;:&#8221;hc_column&#8221;,&#8221;id&#8221;:&#8221;column_UcayN&#8221;,&#8221;column_width&#8221;:&#8221;col-md-4&#8243;,&#8221;animation&#8221;:&#8221;&#8221;,&#8221;animation_time&#8221;:&#8221;&#8221;,&#8221;timeline_animation&#8221;:&#8221;&#8221;,&#8221;timeline_delay&#8221;:&#8221;&#8221;,&#8221;timeline_order&#8221;:&#8221;&#8221;,&#8221;css_classes&#8221;:&#8221;no-paddings-y &#8220;,&#8221;custom_css_classes&#8221;:&#8221;&#8221;,&#8221;custom_css_styles&#8221;:&#8221;&#8221;,&#8221;main_content&#8221;:[{&#8220;component&#8221;:&#8221;hc_image&#8221;,&#8221;id&#8221;:&#8221;4oaCx&#8221;,&#8221;css_classes&#8221;:&#8221;&#8221;,&#8221;custom_css_classes&#8221;:&#8221;&#8221;,&#8221;custom_css_styles&#8221;:&#8221;&#8221;,&#8221;image&#8221;:&#8221;http:\/\/www.ecom4children.eu\/wp-content\/uploads\/2018\/04\/logo-aiju-color.png|70|200|404&#8243;,&#8221;alt&#8221;:&#8221;&#8221;,&#8221;thumb_size&#8221;:&#8221;large&#8221;},{&#8220;component&#8221;:&#8221;hc_wp_editor&#8221;,&#8221;id&#8221;:&#8221;Ty2k2&#8243;,&#8221;css_classes&#8221;:&#8221;no-padding-bottom &#8220;,&#8221;custom_css_classes&#8221;:&#8221;&#8221;,&#8221;custom_css_styles&#8221;:&#8221;&#8221;,&#8221;editor_content&#8221;:&#8221;<strong>AIJU, TECHNOLOGICAL INSTITUTE FOR CHILDREN\u2019S PRODUCTS AND LEISURE<\/strong>\\nIBI, ALICANTE (SPAGNA)\\n<a href=\\\"http:\/\/www.aiju.info\/\\\" target=\\\"_blank\\\" rel=\\\"noopener\\\">www.aiju.info<\/a>&#8220;}]},{&#8220;component&#8221;:&#8221;hc_column&#8221;,&#8221;id&#8221;:&#8221;column_09WCG&#8221;,&#8221;column_width&#8221;:&#8221;col-md-8&#8243;,&#8221;animation&#8221;:&#8221;&#8221;,&#8221;animation_time&#8221;:&#8221;&#8221;,&#8221;timeline_animation&#8221;:&#8221;&#8221;,&#8221;timeline_delay&#8221;:&#8221;&#8221;,&#8221;timeline_order&#8221;:&#8221;&#8221;,&#8221;css_classes&#8221;:&#8221;no-paddings-y &#8220;,&#8221;custom_css_classes&#8221;:&#8221;&#8221;,&#8221;custom_css_styles&#8221;:&#8221;&#8221;,&#8221;main_content&#8221;:[{&#8220;component&#8221;:&#8221;hc_wp_editor&#8221;,&#8221;id&#8221;:&#8221;Dpzvb&#8221;,&#8221;css_classes&#8221;:&#8221;no-paddings-y &#8220;,&#8221;custom_css_classes&#8221;:&#8221;&#8221;,&#8221;custom_css_styles&#8221;:&#8221;&#8221;,&#8221;editor_content&#8221;:&#8221;L&#8217;AIJU \u00e8 un&#8217;organizzazione non profit costituita nel 1985 per fornire supporto nell&#8217;ambito del settore dei prodotti per l&#8217;infanzia e realizzare progetti di ricerca e sviluppo al fine di aumentarne i livelli di sicurezza e qualit\u00e0. Attualmente AIJU annovera 450 imprese associate ed una squadra di pi\u00f9 di 75 esperti nelle diverse discipline rilevanti nel campo dei prodotti per l&#8217;infanzia, come la sicurezza dei prodotti, il comportamento dei giovani cosumatori, la formazione ed innovazione per le aziende. L&#8217;AIJU \u00e8 membro di vari forum sulla sicurezza e di comitati nazionali ed europei che lavorano nel campo della sicurezza dei prodotti per bambini, come i giocattoli, gli articoli per l&#8217;infanzia o i mobili per bambini.&#8221;}]}]},{&#8220;component&#8221;:&#8221;hc_column&#8221;,&#8221;id&#8221;:&#8221;column_gCRl2&#8243;,&#8221;column_width&#8221;:&#8221;col-md-12&#8243;,&#8221;animation&#8221;:&#8221;&#8221;,&#8221;animation_time&#8221;:&#8221;&#8221;,&#8221;timeline_animation&#8221;:&#8221;&#8221;,&#8221;timeline_delay&#8221;:&#8221;&#8221;,&#8221;timeline_order&#8221;:&#8221;&#8221;,&#8221;css_classes&#8221;:&#8221;no-paddings-y &#8220;,&#8221;custom_css_classes&#8221;:&#8221;&#8221;,&#8221;custom_css_styles&#8221;:&#8221;margin:0 auto&#8221;,&#8221;main_content&#8221;:[{&#8220;component&#8221;:&#8221;hc_column&#8221;,&#8221;id&#8221;:&#8221;column_46imt&#8221;,&#8221;column_width&#8221;:&#8221;col-md-6&#8243;,&#8221;animation&#8221;:&#8221;&#8221;,&#8221;animation_time&#8221;:&#8221;&#8221;,&#8221;timeline_animation&#8221;:&#8221;&#8221;,&#8221;timeline_delay&#8221;:&#8221;&#8221;,&#8221;timeline_order&#8221;:&#8221;&#8221;,&#8221;css_classes&#8221;:&#8221;no-paddings-y &#8220;,&#8221;custom_css_classes&#8221;:&#8221;&#8221;,&#8221;custom_css_styles&#8221;:&#8221;padding-right:40px&#8221;,&#8221;main_content&#8221;:[{&#8220;component&#8221;:&#8221;hc_image&#8221;,&#8221;id&#8221;:&#8221;sBBiE&#8221;,&#8221;css_classes&#8221;:&#8221;no-paddings-y &#8220;,&#8221;custom_css_classes&#8221;:&#8221;&#8221;,&#8221;custom_css_styles&#8221;:&#8221;&#8221;,&#8221;image&#8221;:&#8221;http:\/\/www.ecom4children.eu\/wp-content\/uploads\/2018\/04\/logo-univpm-color.png|70|200|408&#8243;,&#8221;alt&#8221;:&#8221;&#8221;,&#8221;thumb_size&#8221;:&#8221;large&#8221;},{&#8220;component&#8221;:&#8221;hc_wp_editor&#8221;,&#8221;id&#8221;:&#8221;ECXMK&#8221;,&#8221;css_classes&#8221;:&#8221;no-paddings-y &#8220;,&#8221;custom_css_classes&#8221;:&#8221;&#8221;,&#8221;custom_css_styles&#8221;:&#8221;&#8221;,&#8221;editor_content&#8221;:&#8221;<strong>UNIVERSIT\u00c0 POLITECNICA DELLE MARCHE (UNIVPM)<\/strong>\\nANCONA (ITALIA)\\n<a href=\\\"http:\/\/www.univpm.it\\\" target=\\\"_blank\\\" rel=\\\"noopener\\\">www.univpm.it<\/a>\\n\\nL&#8217;Universit\u00e0 di Ancona \u00e8 stata creata nel 1969, con l&#8217;istituzione della Libera Universit\u00e0 di Ancona, e con l&#8217;attivazione del primo biennio della facolt\u00e0 di ingegneria ed il triennio della Facolt\u00e0 di medicina e chirurgia.\\nL&#8217;Universit\u00e0 libera, \u00e8 stata definitivamente riconosciuta come Universit\u00e0 statale in brevissimo tempo, in particolare il 18 gennaio 1971.\\nLa facolt\u00e0 di Economia e commercio \u00e8 stata costituita immediatamente e, durante l&#8217;anno accademico 1988 \u2013 89, \u00e8 stata fondata la facolt\u00e0 di Agraria (laurea in scienze agrarie) insieme alle facolt\u00e0 di matematica, fisica e scienze naturali con un corso di laurea in biologia generale e specializzazioni in Biologia Marina, oceanografia e biotecnologie.\\nIl 18 gennaio 2003 l&#8217;Universit\u00e0 di Ancona ha cambiato il suo nome in \\&#8221;Universit\u00e0 Politecnica delle Marche\\&#8221;.\\nOggi l&#8217;Universit\u00e0 vanta cinque facolt\u00e0, 21 diversi corsi di laurea triennale (3 anni-primo livello), 19 corsi di laurea magistrale (secondo livello), 3 a ciclo singolo con test di ingresso, 11 corsi di perfezionamento, 29 corsi di specializzazione e 10 corsi di dottorato, con gli uffici amministrativi ad Ancona. Dalle 290 immatricolazioni dell&#8217;anno accademico 1969\/70 si \u00e8 progressivamente passati a 17.000. Attualmente, l&#8217;UNIVPM conta 550 docenti, assistenti e ricercatori, insieme ad altri 181 a termine e 605 tecnici ed amministrativi. Oggi l&#8217;UVIPM \u00e8 organizzata in tre campus principali: il polo Monte Dago, il polo Torrette e, infine il polo ubicato al centro della citt\u00e0, in un edificiio storico, la caserma Villarey, che ospita la Facolt\u00e0 di Economia e Commercio, e con essa il Dipartimento di Management (DIMA), composto da docenti e ricercatori di Diritto, Economia e Matematica.\\n\\n&nbsp;&#8220;}]},{&#8220;component&#8221;:&#8221;hc_column&#8221;,&#8221;id&#8221;:&#8221;LpMI3&#8243;,&#8221;column_width&#8221;:&#8221;col-md-6&#8243;,&#8221;animation&#8221;:&#8221;&#8221;,&#8221;animation_time&#8221;:&#8221;&#8221;,&#8221;timeline_animation&#8221;:&#8221;&#8221;,&#8221;timeline_delay&#8221;:&#8221;&#8221;,&#8221;timeline_order&#8221;:&#8221;&#8221;,&#8221;css_classes&#8221;:&#8221;no-paddings-y &#8220;,&#8221;custom_css_classes&#8221;:&#8221;&#8221;,&#8221;custom_css_styles&#8221;:&#8221;&#8221;,&#8221;main_content&#8221;:[{&#8220;component&#8221;:&#8221;hc_image&#8221;,&#8221;id&#8221;:&#8221;8L2wK&#8221;,&#8221;css_classes&#8221;:&#8221;no-paddings-y &#8220;,&#8221;custom_css_classes&#8221;:&#8221;&#8221;,&#8221;custom_css_styles&#8221;:&#8221;&#8221;,&#8221;image&#8221;:&#8221;http:\/\/www.ecom4children.eu\/wp-content\/uploads\/2018\/04\/logo-UA-color.png|70|200|407&#8243;,&#8221;alt&#8221;:&#8221;&#8221;,&#8221;thumb_size&#8221;:&#8221;large&#8221;},{&#8220;component&#8221;:&#8221;hc_wp_editor&#8221;,&#8221;id&#8221;:&#8221;gTbP5&#8243;,&#8221;css_classes&#8221;:&#8221;no-paddings-y &#8220;,&#8221;custom_css_classes&#8221;:&#8221;&#8221;,&#8221;custom_css_styles&#8221;:&#8221;&#8221;,&#8221;editor_content&#8221;:&#8221;<strong>UNIVERSIT\u00c0 DI ALICANTE (UA)<\/strong>\\nALICANTE (SPAGNA)\\n<a href=\\\"https:\/\/www.www.ua.es\\\" target=\\\"_blank\\\" rel=\\\"noopener\\\">www.ua.es<\/a>\\n\\nL&#8217;Universit\u00e0 di Alicante (UA) \u00e8 stata creata nel 1979. Oggi educa e forma pi\u00f9 di 36.000 studenti &#8211; di cui 2.500 sono internazionali &#8211; ed offre pi\u00f9 di 80 corsi di laurea e 96 post-lauream. L&#8217;UA ospita 227 impiega 227 gruppi di ricerca in Scienze sociali e giuridiche, Scienze sperimentali, Scienze tecnologiche, Scienze umane, Scienze dell&#8217;istruzione e della salute, nonch\u00e8 15 istituti di ricerca. L&#8217;UA impiega oltre 2.400 ricercatori e professori e 1.300 addettial&#8217;amministrazione. Il DLSI \u00e8 uno dei pi\u00f9 grandi dipartimenti dell&#8217;Universit\u00e0, ed impiega pi\u00f9 di 60 docenti a tempo pieno, pi\u00f9 di 30 assistenti e 6 addetti all&#8217;amministrazione. Il DLSI \u00e8 dedicato alla ricerca e alla formazione sui seguenti argomenti: ingegneria del software, sviluppo di software e sistemi multimediali, inclusi sistemi di gestione e-learning. Negli ultimi 15 anni, il DLSI ha svolto diverse attivit\u00e0 di ricerca nel campo dello sviluppo di software, siti ed applicazioni web, e e-earning. Il Dipartimento di Sociologia I dell&#8217;Universit\u00e0 di Alicante appoggia e coadiuva il DLSA nello sviluppo del Progetto.\\n\\n&nbsp;&#8220;}]}]},{&#8220;component&#8221;:&#8221;hc_column&#8221;,&#8221;id&#8221;:&#8221;column_wTKBi&#8221;,&#8221;column_width&#8221;:&#8221;col-md-12&#8243;,&#8221;animation&#8221;:&#8221;&#8221;,&#8221;animation_time&#8221;:&#8221;&#8221;,&#8221;timeline_animation&#8221;:&#8221;&#8221;,&#8221;timeline_delay&#8221;:&#8221;&#8221;,&#8221;timeline_order&#8221;:&#8221;&#8221;,&#8221;css_classes&#8221;:&#8221;&#8221;,&#8221;custom_css_classes&#8221;:&#8221;&#8221;,&#8221;custom_css_styles&#8221;:&#8221;margin:0 auto&#8221;,&#8221;main_content&#8221;:[{&#8220;component&#8221;:&#8221;hc_column&#8221;,&#8221;id&#8221;:&#8221;CTbnJ&#8221;,&#8221;column_width&#8221;:&#8221;col-md-6&#8243;,&#8221;animation&#8221;:&#8221;&#8221;,&#8221;animation_time&#8221;:&#8221;&#8221;,&#8221;timeline_animation&#8221;:&#8221;&#8221;,&#8221;timeline_delay&#8221;:&#8221;&#8221;,&#8221;timeline_order&#8221;:&#8221;&#8221;,&#8221;css_classes&#8221;:&#8221;&#8221;,&#8221;custom_css_classes&#8221;:&#8221;&#8221;,&#8221;custom_css_styles&#8221;:&#8221;padding-right:40px&#8221;,&#8221;main_content&#8221;:[{&#8220;component&#8221;:&#8221;hc_image&#8221;,&#8221;id&#8221;:&#8221;e8bGf&#8221;,&#8221;css_classes&#8221;:&#8221;&#8221;,&#8221;custom_css_classes&#8221;:&#8221;&#8221;,&#8221;custom_css_styles&#8221;:&#8221;&#8221;,&#8221;image&#8221;:&#8221;http:\/\/www.ecom4children.eu\/wp-content\/uploads\/2018\/04\/logo-sdruzeni-color.png|70|200|406&#8243;,&#8221;alt&#8221;:&#8221;&#8221;,&#8221;thumb_size&#8221;:&#8221;large&#8221;},{&#8220;component&#8221;:&#8221;hc_wp_editor&#8221;,&#8221;id&#8221;:&#8221;xMi61&#8243;,&#8221;css_classes&#8221;:&#8221;&#8221;,&#8221;custom_css_classes&#8221;:&#8221;&#8221;,&#8221;custom_css_styles&#8221;:&#8221;&#8221;,&#8221;editor_content&#8221;:&#8221;<strong>SDRUZENI PRO HRACKU A HRU (SHH)<\/strong>\\nPRAGA (REPUBBLICA CECA)\\n<a href=\\\"http:\/\/www.sdruzenihracky.cz\\\" target=\\\"_blank\\\" rel=\\\"noopener\\\">www.sdruzenihracky.cz<\/a>\\n\\nSHH, l&#8217;Associazione Ceca Giocattoli e Giochi rappresenta e riunisce l&#8217;intera industria dei giocattoli nella Repubblica Ceca, composta da produttori di giocattoli, grossisti, commercianti al dettaglio, scuole, progettisti e laboratori di collaudo. Oggi, l&#8217;associazione ha 140 soci. Sono membri dell&#8217;associazione anche: i laboratori di prova del giocattolo in Zlin, il Museo del giocattolo a Praga, la Scuola di arte industriale a Praga, e la Facolt\u00e0 di pedagogia presso la Charles University.\\nL&#8217;obiettivo dell&#8217;associazione \u00e8 che i bambini giochino con giocattoli sicuri che contribuiscono positivamente allo sviluppo della loro personalit\u00e0. Inoltre, SHH ha una vasta esperienza nell&#8217;organizzazione di corsi di formazione per i suoi membri su questioni specifiche del settore, come la sicurezza dei giocattoli e la tutela del consumatore.\\n\\n&nbsp;\\n\\n&nbsp;&#8220;}]},{&#8220;component&#8221;:&#8221;hc_column&#8221;,&#8221;id&#8221;:&#8221;column_qbRbm&#8221;,&#8221;column_width&#8221;:&#8221;col-md-6&#8243;,&#8221;animation&#8221;:&#8221;&#8221;,&#8221;animation_time&#8221;:&#8221;&#8221;,&#8221;timeline_animation&#8221;:&#8221;&#8221;,&#8221;timeline_delay&#8221;:&#8221;&#8221;,&#8221;timeline_order&#8221;:&#8221;&#8221;,&#8221;css_classes&#8221;:&#8221;&#8221;,&#8221;custom_css_classes&#8221;:&#8221;&#8221;,&#8221;custom_css_styles&#8221;:&#8221;&#8221;,&#8221;main_content&#8221;:[{&#8220;component&#8221;:&#8221;hc_image&#8221;,&#8221;id&#8221;:&#8221;XEay7&#8243;,&#8221;css_classes&#8221;:&#8221;&#8221;,&#8221;custom_css_classes&#8221;:&#8221;&#8221;,&#8221;custom_css_styles&#8221;:&#8221;&#8221;,&#8221;image&#8221;:&#8221;http:\/\/www.ecom4children.eu\/wp-content\/uploads\/2018\/04\/logo-aspi-color2.png|70|200|405&#8243;,&#8221;alt&#8221;:&#8221;&#8221;,&#8221;thumb_size&#8221;:&#8221;large&#8221;},{&#8220;component&#8221;:&#8221;hc_wp_editor&#8221;,&#8221;id&#8221;:&#8221;5AF0x&#8221;,&#8221;css_classes&#8221;:&#8221;&#8221;,&#8221;custom_css_classes&#8221;:&#8221;&#8221;,&#8221;custom_css_styles&#8221;:&#8221;&#8221;,&#8221;editor_content&#8221;:&#8221;<strong>ASSOCIA\u00c7\u00c3O PARA A PROMO\u00c7\u00c3O DA SEGURAN\u00c7A INFANTIL (APSI)<\/strong>\\nLISBONA (PORTOGALLO)\\n<a href=\\\"http:\/\/www.apsi.org.pt\\\" target=\\\"_blank\\\" rel=\\\"noopener\\\">www.apsi.org.pt<\/a>\\n\\nCon pi\u00f9 di 25 anni di esperienza nel campo della sicurezza dei bambini, l&#8217;Associazione Portoghese per la Promozione della Sicurezza Infantile lavora per incoraggiare buone prassi, cos\u00ec come la creazione di ambienti sicuri per garantire la sana educazione di bambini e giovani. Il suo obiettivo primario \u00e8 quello di ridurre il numero e la gravit\u00e0 dei pericoli e dei rischi relativi a queste fasce d&#8217;et\u00e0.\\nAPSI \u00e8 un&#8217;organizzazione privata senza scopo di lucro fondata nel 1992. \u00c8 un&#8217;organizzazione leader nel campo della sicurezza idrica, della sicurezza delle aree e dei parchi giochi, della sicurezza dei passeggeri e del trasporto pubblico infantile, ed \u00e8 un fiore all&#8217;occhiello nel campo della sicurezza infantile sia in Portogallo che in Europa. \u00c8 l&#8217;unico Ente in Portogallo esclusivamente dedicato alla prevenzione dei rischi.\\nAPSI opera attraverso l&#8217;informazione e la comunicazione, la ricerca, l&#8217;istruzione e la formazione, e la partecipazione all&#8217;evoluzione della normativa rilevante.\\n\\n&nbsp;\\n\\n&nbsp;&#8220;}]}]}],&#8221;section_settings&#8221;:&#8221;&#8221;},&#8221;scripts&#8221;:{},&#8221;css&#8221;:{},&#8221;css_page&#8221;:&#8221;&#8221;,&#8221;template_setting&#8221;:{&#8220;settings&#8221;:{&#8220;id&#8221;:&#8221;settings&#8221;}},&#8221;template_setting_top&#8221;:{},&#8221;page_setting&#8221;:{&#8220;settings&#8221;:[&#8220;lock-mode-off&#8221;]}}<\/p>\n","protected":false},"excerpt":{"rendered":"<p>{&#8220;main-title&#8221;:{&#8220;component&#8221;:&#8221;hc_title&#8221;,&#8221;id&#8221;:&#8221;main-title&#8221;,&#8221;subtitle&#8221;:&#8221;&#8221;,&#8221;title_content&#8221;:{&#8220;component&#8221;:&#8221;hc_title_base&#8221;,&#8221;id&#8221;:&#8221;title-base&#8221;,&#8221;image&#8221;:&#8221;http:\/\/www.ecom4children.eu\/wp-content\/uploads\/2018\/04\/fondo-color-1024&#215;427.jpg|800|1920|366&#8243;,&#8221;breadcrumbs&#8221;:true,&#8221;white&#8221;:true},&#8221;title&#8221;:&#8221;Partners&#8221;},&#8221;section_5ZtkF&#8221;:{&#8220;component&#8221;:&#8221;hc_section&#8221;,&#8221;id&#8221;:&#8221;section_5ZtkF&#8221;,&#8221;section_width&#8221;:&#8221;&#8221;,&#8221;animation&#8221;:&#8221;&#8221;,&#8221;animation_time&#8221;:&#8221;&#8221;,&#8221;timeline_animation&#8221;:&#8221;&#8221;,&#8221;timeline_delay&#8221;:&#8221;&#8221;,&#8221;timeline_order&#8221;:&#8221;&#8221;,&#8221;vertical_row&#8221;:&#8221;&#8221;,&#8221;box_middle&#8221;:&#8221;&#8221;,&#8221;css_classes&#8221;:&#8221;&#8221;,&#8221;custom_css_classes&#8221;:&#8221;&#8221;,&#8221;custom_css_styles&#8221;:&#8221;&#8221;,&#8221;section_content&#8221;:[{&#8220;component&#8221;:&#8221;hc_column&#8221;,&#8221;id&#8221;:&#8221;column_HpxMw&#8221;,&#8221;column_width&#8221;:&#8221;col-md-12&#8243;,&#8221;animation&#8221;:&#8221;&#8221;,&#8221;animation_time&#8221;:&#8221;&#8221;,&#8221;timeline_animation&#8221;:&#8221;&#8221;,&#8221;timeline_delay&#8221;:&#8221;&#8221;,&#8221;timeline_order&#8221;:&#8221;&#8221;,&#8221;css_classes&#8221;:&#8221;no-paddings-y &#8220;,&#8221;custom_css_classes&#8221;:&#8221;&#8221;,&#8221;custom_css_styles&#8221;:&#8221;margin:0 auto&#8221;,&#8221;main_content&#8221;:[{&#8220;component&#8221;:&#8221;hc_column&#8221;,&#8221;id&#8221;:&#8221;column_UcayN&#8221;,&#8221;column_width&#8221;:&#8221;col-md-4&#8243;,&#8221;animation&#8221;:&#8221;&#8221;,&#8221;animation_time&#8221;:&#8221;&#8221;,&#8221;timeline_animation&#8221;:&#8221;&#8221;,&#8221;timeline_delay&#8221;:&#8221;&#8221;,&#8221;timeline_order&#8221;:&#8221;&#8221;,&#8221;css_classes&#8221;:&#8221;no-paddings-y &#8220;,&#8221;custom_css_classes&#8221;:&#8221;&#8221;,&#8221;custom_css_styles&#8221;:&#8221;&#8221;,&#8221;main_content&#8221;:[{&#8220;component&#8221;:&#8221;hc_image&#8221;,&#8221;id&#8221;:&#8221;4oaCx&#8221;,&#8221;css_classes&#8221;:&#8221;&#8221;,&#8221;custom_css_classes&#8221;:&#8221;&#8221;,&#8221;custom_css_styles&#8221;:&#8221;&#8221;,&#8221;image&#8221;:&#8221;http:\/\/www.ecom4children.eu\/wp-content\/uploads\/2018\/04\/logo-aiju-color.png|70|200|404&#8243;,&#8221;alt&#8221;:&#8221;&#8221;,&#8221;thumb_size&#8221;:&#8221;large&#8221;},{&#8220;component&#8221;:&#8221;hc_wp_editor&#8221;,&#8221;id&#8221;:&#8221;Ty2k2&#8243;,&#8221;css_classes&#8221;:&#8221;no-padding-bottom &#8220;,&#8221;custom_css_classes&#8221;:&#8221;&#8221;,&#8221;custom_css_styles&#8221;:&#8221;&#8221;,&#8221;editor_content&#8221;:&#8221;AIJU, TECHNOLOGICAL INSTITUTE FOR CHILDREN\u2019S PRODUCTS AND LEISURE\\nIBI, ALICANTE (SPAGNA)\\nwww.aiju.info&#8220;}]},{&#8220;component&#8221;:&#8221;hc_column&#8221;,&#8221;id&#8221;:&#8221;column_09WCG&#8221;,&#8221;column_width&#8221;:&#8221;col-md-8&#8243;,&#8221;animation&#8221;:&#8221;&#8221;,&#8221;animation_time&#8221;:&#8221;&#8221;,&#8221;timeline_animation&#8221;:&#8221;&#8221;,&#8221;timeline_delay&#8221;:&#8221;&#8221;,&#8221;timeline_order&#8221;:&#8221;&#8221;,&#8221;css_classes&#8221;:&#8221;no-paddings-y &#8220;,&#8221;custom_css_classes&#8221;:&#8221;&#8221;,&#8221;custom_css_styles&#8221;:&#8221;&#8221;,&#8221;main_content&#8221;:[{&#8220;component&#8221;:&#8221;hc_wp_editor&#8221;,&#8221;id&#8221;:&#8221;Dpzvb&#8221;,&#8221;css_classes&#8221;:&#8221;no-paddings-y &#8220;,&#8221;custom_css_classes&#8221;:&#8221;&#8221;,&#8221;custom_css_styles&#8221;:&#8221;&#8221;,&#8221;editor_content&#8221;:&#8221;L&#8217;AIJU \u00e8 un&#8217;organizzazione non profit costituita nel 1985 per fornire supporto nell&#8217;ambito del settore dei prodotti per l&#8217;infanzia e realizzare progetti di ricerca e sviluppo al fine di aumentarne i livelli di sicurezza e qualit\u00e0. Attualmente AIJU annovera 450 imprese [&hellip;]<\/p>\n","protected":false},"author":2,"featured_media":0,"parent":0,"menu_order":0,"comment_status":"closed","ping_status":"closed","template":"","meta":[],"_links":{"self":[{"href":"https:\/\/www.ecom4children.eu\/it\/wp-json\/wp\/v2\/pages\/1431"}],"collection":[{"href":"https:\/\/www.ecom4children.eu\/it\/wp-json\/wp\/v2\/pages"}],"about":[{"href":"https:\/\/www.ecom4children.eu\/it\/wp-json\/wp\/v2\/types\/page"}],"author":[{"embeddable":true,"href":"https:\/\/www.ecom4children.eu\/it\/wp-json\/wp\/v2\/users\/2"}],"replies":[{"embeddable":true,"href":"https:\/\/www.ecom4children.eu\/it\/wp-json\/wp\/v2\/comments?post=1431"}],"version-history":[{"count":3,"href":"https:\/\/www.ecom4children.eu\/it\/wp-json\/wp\/v2\/pages\/1431\/revisions"}],"predecessor-version":[{"id":1434,"href":"https:\/\/www.ecom4children.eu\/it\/wp-json\/wp\/v2\/pages\/1431\/revisions\/1434"}],"wp:attachment":[{"href":"https:\/\/www.ecom4children.eu\/it\/wp-json\/wp\/v2\/media?parent=1431"}],"curies":[{"name":"wp","href":"https:\/\/api.w.org\/{rel}","templated":true}]}}