{"id":1426,"date":"2018-04-19T13:21:58","date_gmt":"2018-04-19T11:21:58","guid":{"rendered":"https:\/\/www.ecom4children.eu\/faqs\/"},"modified":"2019-02-11T19:20:31","modified_gmt":"2019-02-11T18:20:31","slug":"faqs","status":"publish","type":"page","link":"https:\/\/www.ecom4children.eu\/it\/faqs\/","title":{"rendered":"FAQs"},"content":{"rendered":"<p>{&#8220;main-title&#8221;:{&#8220;component&#8221;:&#8221;hc_title&#8221;,&#8221;id&#8221;:&#8221;main-title&#8221;,&#8221;subtitle&#8221;:&#8221;&#8221;,&#8221;title_content&#8221;:{&#8220;component&#8221;:&#8221;hc_title_base&#8221;,&#8221;id&#8221;:&#8221;title-base&#8221;,&#8221;image&#8221;:&#8221;http:\/\/www.ecom4children.eu\/wp-content\/uploads\/2018\/04\/fondo-color-1024&#215;427.jpg|800|1920|366&#8243;,&#8221;breadcrumbs&#8221;:false,&#8221;white&#8221;:true},&#8221;title&#8221;:&#8221;FAQs&#8221;},&#8221;section_5ZtkF&#8221;:{&#8220;component&#8221;:&#8221;hc_section&#8221;,&#8221;id&#8221;:&#8221;section_5ZtkF&#8221;,&#8221;section_width&#8221;:&#8221;&#8221;,&#8221;animation&#8221;:&#8221;&#8221;,&#8221;animation_time&#8221;:&#8221;&#8221;,&#8221;timeline_animation&#8221;:&#8221;&#8221;,&#8221;timeline_delay&#8221;:&#8221;&#8221;,&#8221;timeline_order&#8221;:&#8221;&#8221;,&#8221;vertical_row&#8221;:&#8221;&#8221;,&#8221;box_middle&#8221;:&#8221;&#8221;,&#8221;css_classes&#8221;:&#8221;&#8221;,&#8221;custom_css_classes&#8221;:&#8221;&#8221;,&#8221;custom_css_styles&#8221;:&#8221;&#8221;,&#8221;section_content&#8221;:[{&#8220;component&#8221;:&#8221;hc_column&#8221;,&#8221;id&#8221;:&#8221;column_sc9bi&#8221;,&#8221;column_width&#8221;:&#8221;col-md-6&#8243;,&#8221;animation&#8221;:&#8221;&#8221;,&#8221;animation_time&#8221;:&#8221;&#8221;,&#8221;timeline_animation&#8221;:&#8221;&#8221;,&#8221;timeline_delay&#8221;:&#8221;&#8221;,&#8221;timeline_order&#8221;:&#8221;&#8221;,&#8221;css_classes&#8221;:&#8221;&#8221;,&#8221;custom_css_classes&#8221;:&#8221;&#8221;,&#8221;custom_css_styles&#8221;:&#8221;padding-right:30px;&#8221;,&#8221;main_content&#8221;:[{&#8220;component&#8221;:&#8221;hc_title_tag&#8221;,&#8221;id&#8221;:&#8221;m5BNb&#8221;,&#8221;css_classes&#8221;:&#8221;&#8221;,&#8221;custom_css_classes&#8221;:&#8221;&#8221;,&#8221;custom_css_styles&#8221;:&#8221;&#8221;,&#8221;text&#8221;:&#8221;L&#8217;Adaptive  MOOC&#8221;,&#8221;tag&#8221;:&#8221;h2&#8243;},{&#8220;component&#8221;:&#8221;hc_accordion&#8221;,&#8221;id&#8221;:&#8221;QhOd3&#8243;,&#8221;css_classes&#8221;:&#8221;&#8221;,&#8221;custom_css_classes&#8221;:&#8221;&#8221;,&#8221;custom_css_styles&#8221;:&#8221;&#8221;,&#8221;name_1&#8243;:&#8221;Che cos&#8217;\u00e8 un Adaptive MOOC&#8221;,&#8221;icon_1&#8243;:&#8221;&#8221;,&#8221;icon_style_1&#8243;:&#8221;&#8221;,&#8221;icon_image_1&#8243;:&#8221;&#8221;,&#8221;content_1&#8243;:[{&#8220;component&#8221;:&#8221;hc_text_block&#8221;,&#8221;id&#8221;:&#8221;K79oA&#8221;,&#8221;css_classes&#8221;:&#8221;&#8221;,&#8221;custom_css_classes&#8221;:&#8221;&#8221;,&#8221;custom_css_styles&#8221;:&#8221;&#8221;,&#8221;content&#8221;:&#8221;E&#8217; un corso online aperto in formato MOOC, che offre all&#8217;utente la possibilit\u00e0 di scegliere tra una serie di moduli formativi e di apprendimento personalizzati in relazione ai propri interessi, o sulla base di un profilo frutto dell&#8217;analisi delle proprie caratteristiche e delle proprie necessit\u00e0. MOOC \u00e8 l&#8217;acronimo di Massive Online Open Course  (Corsi di massa aperti on line), cio\u00e8 un corso on line, accessibile via web, gratuito, a cui pu\u00f2 partecipare chiunque, senza un limite di partecipanti.&#8221;}],&#8221;name_2&#8243;:&#8221;Il corso \u00e8 completamente gratuito?&#8221;,&#8221;icon_2&#8243;:&#8221;&#8221;,&#8221;icon_style_2&#8243;:&#8221;&#8221;,&#8221;icon_image_2&#8243;:&#8221;&#8221;,&#8221;content_2&#8243;:[{&#8220;component&#8221;:&#8221;hc_text_block&#8221;,&#8221;id&#8221;:&#8221;zRw6A&#8221;,&#8221;css_classes&#8221;:&#8221;&#8221;,&#8221;custom_css_classes&#8221;:&#8221;&#8221;,&#8221;custom_css_styles&#8221;:&#8221;&#8221;,&#8221;content&#8221;:&#8221;S\u00ec. Il corso \u00e8 gratis ed aperto a tutti&#8221;}],&#8221;name_3&#8243;:&#8221;Sono necessari dei requisiti per prendere parte al corso?&#8221;,&#8221;icon_3&#8243;:&#8221;&#8221;,&#8221;icon_style_3&#8243;:&#8221;&#8221;,&#8221;icon_image_3&#8243;:&#8221;&#8221;,&#8221;content_3&#8243;:[{&#8220;component&#8221;:&#8221;hc_text_block&#8221;,&#8221;id&#8221;:&#8221;TWaoC&#8221;,&#8221;css_classes&#8221;:&#8221;&#8221;,&#8221;custom_css_classes&#8221;:&#8221;&#8221;,&#8221;custom_css_styles&#8221;:&#8221;&#8221;,&#8221;content&#8221;:&#8221;Per partecipare al corso, occorre semplicemente essere interessati al commercio on line con particolare riferimento al settore dei prodotti per bambini, o perch\u00e8 si \u00e8 consumatori o perch\u00e8 si \u00e8 professionisti in quell&#8217;ambito, o perch\u00e8 si vorrebbe diventarlo.&#8221;}],&#8221;name_4&#8243;:&#8221;Quali tematiche si affronteranno?&#8221;,&#8221;icon_4&#8243;:&#8221;&#8221;,&#8221;icon_style_4&#8243;:&#8221;&#8221;,&#8221;icon_image_4&#8243;:&#8221;&#8221;,&#8221;content_4&#8243;:[{&#8220;component&#8221;:&#8221;hc_text_block&#8221;,&#8221;id&#8221;:&#8221;YQuOz&#8221;,&#8221;css_classes&#8221;:&#8221;&#8221;,&#8221;custom_css_classes&#8221;:&#8221;&#8221;,&#8221;custom_css_styles&#8221;:&#8221;&#8221;,&#8221;content&#8221;:&#8221;Il programma del corso combina i contenuti con un approccio trasversale all&#8217;e-commerce con particolare riferimento ad ambiti relativi a diversi prodotti per bambini venduti online, come i giocattoli, articoli di puericultura o mobilia. Offre per la prima volta una visione integrata tra commercio on line, sicurezza dei prodotti e diritti dei consumatori nel mercato online.&#8221;}],&#8221;name_5&#8243;:&#8221;Di che cosa ho bisogno per partecipare al corso?&#8221;,&#8221;icon_5&#8243;:&#8221;&#8221;,&#8221;icon_style_5&#8243;:&#8221;&#8221;,&#8221;icon_image_5&#8243;:&#8221;&#8221;,&#8221;content_5&#8243;:[{&#8220;component&#8221;:&#8221;hc_text_block&#8221;,&#8221;id&#8221;:&#8221;4qyvZ&#8221;,&#8221;css_classes&#8221;:&#8221;&#8221;,&#8221;custom_css_classes&#8221;:&#8221;&#8221;,&#8221;custom_css_styles&#8221;:&#8221;&#8221;,&#8221;content&#8221;:&#8221;Puoi seguire questo corso usando il tuo computer, tablet o cellulare. Hai solo bisogno di un accesso a Internet e di un account Gmail! La piattaforma \u00e8 stata sviluppata sulla base della tecnologia di Google, motivo per cui \u00e8 richiesto un account Gmail.&#8221;}],&#8221;name_6&#8243;:&#8221;Ricever\u00f2 un certificato al termine del corso?&#8221;,&#8221;icon_6&#8243;:&#8221;&#8221;,&#8221;icon_style_6&#8243;:&#8221;&#8221;,&#8221;icon_image_6&#8243;:&#8221;&#8221;,&#8221;content_6&#8243;:[{&#8220;component&#8221;:&#8221;hc_text_block&#8221;,&#8221;id&#8221;:&#8221;jLXuv&#8221;,&#8221;css_classes&#8221;:&#8221;&#8221;,&#8221;custom_css_classes&#8221;:&#8221;&#8221;,&#8221;custom_css_styles&#8221;:&#8221;&#8221;,&#8221;content&#8221;:&#8221;Al termine del corso, potrai scaricare il tuo certificato digitale gratuitamente.&#8221;}],&#8221;name_7&#8243;:&#8221;Quando inizia il corso?&#8221;,&#8221;icon_7&#8243;:&#8221;&#8221;,&#8221;icon_style_7&#8243;:&#8221;&#8221;,&#8221;icon_image_7&#8243;:&#8221;&#8221;,&#8221;content_7&#8243;:[{&#8220;component&#8221;:&#8221;hc_text_block&#8221;,&#8221;id&#8221;:&#8221;DmjNY&#8221;,&#8221;css_classes&#8221;:&#8221;&#8221;,&#8221;custom_css_classes&#8221;:&#8221;&#8221;,&#8221;custom_css_styles&#8221;:&#8221;&#8221;,&#8221;content&#8221;:&#8221;Al momento, i materiali di formazione che saranno inclusi nella piattaforma del corso saranno sviluppati dai partners del progetto europeo e-COM 4 CHILDREN. Il corso non \u00e8 attualmente disponibile, ma \u00e8 possibile pre-registrarsi e far parte di un potenziale gruppo di utenti che parteciperanno alla fase pilota dell&#8217;ABS-COM 4 CHILDREN MOOC prima del lancio ufficiale. Il progetto termina a marzo 2020.&#8221;}],&#8221;name_8&#8243;:&#8221;&#8221;,&#8221;icon_8&#8243;:&#8221;&#8221;,&#8221;icon_style_8&#8243;:&#8221;&#8221;,&#8221;icon_image_8&#8243;:&#8221;&#8221;,&#8221;content_8&#8243;:[],&#8221;name_9&#8243;:&#8221;&#8221;,&#8221;icon_9&#8243;:&#8221;&#8221;,&#8221;icon_style_9&#8243;:&#8221;&#8221;,&#8221;icon_image_9&#8243;:&#8221;&#8221;,&#8221;content_9&#8243;:[],&#8221;name_10&#8243;:&#8221;&#8221;,&#8221;icon_10&#8243;:&#8221;&#8221;,&#8221;icon_style_10&#8243;:&#8221;&#8221;,&#8221;icon_image_10&#8243;:&#8221;&#8221;,&#8221;content_10&#8243;:[],&#8221;open_type&#8221;:&#8221;&#8221;,&#8221;time&#8221;:&#8221;&#8221;,&#8221;open&#8221;:&#8221;&#8221;}]},{&#8220;component&#8221;:&#8221;hc_column&#8221;,&#8221;id&#8221;:&#8221;column_2gIyi&#8221;,&#8221;column_width&#8221;:&#8221;col-md-6&#8243;,&#8221;animation&#8221;:&#8221;&#8221;,&#8221;animation_time&#8221;:&#8221;&#8221;,&#8221;timeline_animation&#8221;:&#8221;&#8221;,&#8221;timeline_delay&#8221;:&#8221;&#8221;,&#8221;timeline_order&#8221;:&#8221;&#8221;,&#8221;css_classes&#8221;:&#8221;text-center &#8220;,&#8221;custom_css_classes&#8221;:&#8221;&#8221;,&#8221;custom_css_styles&#8221;:&#8221;padding-left:30px;&#8221;,&#8221;main_content&#8221;:[{&#8220;component&#8221;:&#8221;hc_title_tag&#8221;,&#8221;id&#8221;:&#8221;XBkIJ&#8221;,&#8221;css_classes&#8221;:&#8221;&#8221;,&#8221;custom_css_classes&#8221;:&#8221;&#8221;,&#8221;custom_css_styles&#8221;:&#8221;&#8221;,&#8221;text&#8221;:&#8221;Il fumetto interattivo &#8220;,&#8221;tag&#8221;:&#8221;h2&#8243;},{&#8220;component&#8221;:&#8221;hc_accordion&#8221;,&#8221;id&#8221;:&#8221;9FiHw&#8221;,&#8221;css_classes&#8221;:&#8221;&#8221;,&#8221;custom_css_classes&#8221;:&#8221;&#8221;,&#8221;custom_css_styles&#8221;:&#8221;&#8221;,&#8221;name_1&#8243;:&#8221;Che cos&#8217;\u00e8 un fumetto interattivo?&#8221;,&#8221;icon_1&#8243;:&#8221;&#8221;,&#8221;icon_style_1&#8243;:&#8221;&#8221;,&#8221;icon_image_1&#8243;:&#8221;&#8221;,&#8221;content_1&#8243;:[{&#8220;component&#8221;:&#8221;hc_text_block&#8221;,&#8221;id&#8221;:&#8221;13bqq&#8221;,&#8221;css_classes&#8221;:&#8221;&#8221;,&#8221;custom_css_classes&#8221;:&#8221;&#8221;,&#8221;custom_css_styles&#8221;:&#8221;&#8221;,&#8221;content&#8221;:&#8221;Si tratta di un e-book in formato fumetto, in cui il processo di apprendimento si serve di una storia. Le storie sono uno strumento efficace per l&#8217;educazione e la formazione; gli studenti si identificano in esse e quindi le ricordano. Con il fumetto imparerai a comprare online prodotti per bambini sicuri e potrai valutare il tuo livello di competenza con divertenti esempi pratici.&#8221;}],&#8221;name_2&#8243;:&#8221;A chi \u00e8 rivolto?&#8221;,&#8221;icon_2&#8243;:&#8221;&#8221;,&#8221;icon_style_2&#8243;:&#8221;&#8221;,&#8221;icon_image_2&#8243;:&#8221;&#8221;,&#8221;content_2&#8243;:[{&#8220;component&#8221;:&#8221;hc_text_block&#8221;,&#8221;id&#8221;:&#8221;76QxZ&#8221;,&#8221;css_classes&#8221;:&#8221;&#8221;,&#8221;custom_css_classes&#8221;:&#8221;&#8221;,&#8221;custom_css_styles&#8221;:&#8221;&#8221;,&#8221;content&#8221;:&#8221;Il COMIC interattivo \u00e8 concepito come uno strumento di formazione destinato al personale delle associazioni dei consumatori e dei consumatori in generale, con un linguaggio diretto e semplice.&#8221;}],&#8221;name_3&#8243;:&#8221;Sono un insegnante; questo strumento pu\u00f2 aiutarmi per le mie lezioni?&#8221;,&#8221;icon_3&#8243;:&#8221;&#8221;,&#8221;icon_style_3&#8243;:&#8221;&#8221;,&#8221;icon_image_3&#8243;:&#8221;&#8221;,&#8221;content_3&#8243;:[{&#8220;component&#8221;:&#8221;hc_text_block&#8221;,&#8221;id&#8221;:&#8221;yVPni&#8221;,&#8221;css_classes&#8221;:&#8221;&#8221;,&#8221;custom_css_classes&#8221;:&#8221;&#8221;,&#8221;custom_css_styles&#8221;:&#8221;&#8221;,&#8221;content&#8221;:&#8221;L&#8217;acquisto online di beni di consumo \u00e8 una pratica quotidiana che i consumatori dovrebbero essere formati a fare. Puoi utilizzare questo strumento in classe con i tuoi studenti, consumatori futuri, rendendoli consapevoli dell&#8217;importanza di sapere come acquistare online con ogni garanzia.&#8221;}],&#8221;name_4&#8243;:&#8221;&#8221;,&#8221;icon_4&#8243;:&#8221;&#8221;,&#8221;icon_style_4&#8243;:&#8221;&#8221;,&#8221;icon_image_4&#8243;:&#8221;&#8221;,&#8221;content_4&#8243;:[],&#8221;name_5&#8243;:&#8221;&#8221;,&#8221;icon_5&#8243;:&#8221;&#8221;,&#8221;icon_style_5&#8243;:&#8221;&#8221;,&#8221;icon_image_5&#8243;:&#8221;&#8221;,&#8221;content_5&#8243;:[],&#8221;name_6&#8243;:&#8221;&#8221;,&#8221;icon_6&#8243;:&#8221;&#8221;,&#8221;icon_style_6&#8243;:&#8221;&#8221;,&#8221;icon_image_6&#8243;:&#8221;&#8221;,&#8221;content_6&#8243;:[],&#8221;name_7&#8243;:&#8221;&#8221;,&#8221;icon_7&#8243;:&#8221;&#8221;,&#8221;icon_style_7&#8243;:&#8221;&#8221;,&#8221;icon_image_7&#8243;:&#8221;&#8221;,&#8221;content_7&#8243;:[],&#8221;name_8&#8243;:&#8221;&#8221;,&#8221;icon_8&#8243;:&#8221;&#8221;,&#8221;icon_style_8&#8243;:&#8221;&#8221;,&#8221;icon_image_8&#8243;:&#8221;&#8221;,&#8221;content_8&#8243;:[],&#8221;name_9&#8243;:&#8221;&#8221;,&#8221;icon_9&#8243;:&#8221;&#8221;,&#8221;icon_style_9&#8243;:&#8221;&#8221;,&#8221;icon_image_9&#8243;:&#8221;&#8221;,&#8221;content_9&#8243;:[],&#8221;name_10&#8243;:&#8221;&#8221;,&#8221;icon_10&#8243;:&#8221;&#8221;,&#8221;icon_style_10&#8243;:&#8221;&#8221;,&#8221;icon_image_10&#8243;:&#8221;&#8221;,&#8221;content_10&#8243;:[],&#8221;open_type&#8221;:&#8221;&#8221;,&#8221;time&#8221;:&#8221;&#8221;,&#8221;open&#8221;:&#8221;&#8221;}]}],&#8221;section_settings&#8221;:&#8221;&#8221;},&#8221;scripts&#8221;:{&#8220;components&#8221;:&#8221;jquery.tab-accordion.js&#8221;},&#8221;css&#8221;:{&#8220;components&#8221;:&#8221;css\/components.css&#8221;},&#8221;css_page&#8221;:&#8221;&#8221;,&#8221;template_setting&#8221;:{&#8220;settings&#8221;:{&#8220;id&#8221;:&#8221;settings&#8221;}},&#8221;template_setting_top&#8221;:{},&#8221;page_setting&#8221;:{&#8220;settings&#8221;:[&#8220;lock-mode-off&#8221;]}}<\/p>\n","protected":false},"excerpt":{"rendered":"<p>{&#8220;main-title&#8221;:{&#8220;component&#8221;:&#8221;hc_title&#8221;,&#8221;id&#8221;:&#8221;main-title&#8221;,&#8221;subtitle&#8221;:&#8221;&#8221;,&#8221;title_content&#8221;:{&#8220;component&#8221;:&#8221;hc_title_base&#8221;,&#8221;id&#8221;:&#8221;title-base&#8221;,&#8221;image&#8221;:&#8221;http:\/\/www.ecom4children.eu\/wp-content\/uploads\/2018\/04\/fondo-color-1024&#215;427.jpg|800|1920|366&#8243;,&#8221;breadcrumbs&#8221;:false,&#8221;white&#8221;:true},&#8221;title&#8221;:&#8221;FAQs&#8221;},&#8221;section_5ZtkF&#8221;:{&#8220;component&#8221;:&#8221;hc_section&#8221;,&#8221;id&#8221;:&#8221;section_5ZtkF&#8221;,&#8221;section_width&#8221;:&#8221;&#8221;,&#8221;animation&#8221;:&#8221;&#8221;,&#8221;animation_time&#8221;:&#8221;&#8221;,&#8221;timeline_animation&#8221;:&#8221;&#8221;,&#8221;timeline_delay&#8221;:&#8221;&#8221;,&#8221;timeline_order&#8221;:&#8221;&#8221;,&#8221;vertical_row&#8221;:&#8221;&#8221;,&#8221;box_middle&#8221;:&#8221;&#8221;,&#8221;css_classes&#8221;:&#8221;&#8221;,&#8221;custom_css_classes&#8221;:&#8221;&#8221;,&#8221;custom_css_styles&#8221;:&#8221;&#8221;,&#8221;section_content&#8221;:[{&#8220;component&#8221;:&#8221;hc_column&#8221;,&#8221;id&#8221;:&#8221;column_sc9bi&#8221;,&#8221;column_width&#8221;:&#8221;col-md-6&#8243;,&#8221;animation&#8221;:&#8221;&#8221;,&#8221;animation_time&#8221;:&#8221;&#8221;,&#8221;timeline_animation&#8221;:&#8221;&#8221;,&#8221;timeline_delay&#8221;:&#8221;&#8221;,&#8221;timeline_order&#8221;:&#8221;&#8221;,&#8221;css_classes&#8221;:&#8221;&#8221;,&#8221;custom_css_classes&#8221;:&#8221;&#8221;,&#8221;custom_css_styles&#8221;:&#8221;padding-right:30px;&#8221;,&#8221;main_content&#8221;:[{&#8220;component&#8221;:&#8221;hc_title_tag&#8221;,&#8221;id&#8221;:&#8221;m5BNb&#8221;,&#8221;css_classes&#8221;:&#8221;&#8221;,&#8221;custom_css_classes&#8221;:&#8221;&#8221;,&#8221;custom_css_styles&#8221;:&#8221;&#8221;,&#8221;text&#8221;:&#8221;L&#8217;Adaptive MOOC&#8221;,&#8221;tag&#8221;:&#8221;h2&#8243;},{&#8220;component&#8221;:&#8221;hc_accordion&#8221;,&#8221;id&#8221;:&#8221;QhOd3&#8243;,&#8221;css_classes&#8221;:&#8221;&#8221;,&#8221;custom_css_classes&#8221;:&#8221;&#8221;,&#8221;custom_css_styles&#8221;:&#8221;&#8221;,&#8221;name_1&#8243;:&#8221;Che cos&#8217;\u00e8 un Adaptive MOOC&#8221;,&#8221;icon_1&#8243;:&#8221;&#8221;,&#8221;icon_style_1&#8243;:&#8221;&#8221;,&#8221;icon_image_1&#8243;:&#8221;&#8221;,&#8221;content_1&#8243;:[{&#8220;component&#8221;:&#8221;hc_text_block&#8221;,&#8221;id&#8221;:&#8221;K79oA&#8221;,&#8221;css_classes&#8221;:&#8221;&#8221;,&#8221;custom_css_classes&#8221;:&#8221;&#8221;,&#8221;custom_css_styles&#8221;:&#8221;&#8221;,&#8221;content&#8221;:&#8221;E&#8217; un corso online aperto in formato MOOC, che offre all&#8217;utente la possibilit\u00e0 di scegliere tra una serie di moduli formativi e di apprendimento personalizzati in relazione ai propri interessi, o sulla base di un profilo frutto dell&#8217;analisi delle proprie caratteristiche e delle proprie necessit\u00e0. MOOC \u00e8 l&#8217;acronimo di Massive [&hellip;]<\/p>\n","protected":false},"author":2,"featured_media":0,"parent":0,"menu_order":0,"comment_status":"closed","ping_status":"closed","template":"","meta":[],"_links":{"self":[{"href":"https:\/\/www.ecom4children.eu\/it\/wp-json\/wp\/v2\/pages\/1426"}],"collection":[{"href":"https:\/\/www.ecom4children.eu\/it\/wp-json\/wp\/v2\/pages"}],"about":[{"href":"https:\/\/www.ecom4children.eu\/it\/wp-json\/wp\/v2\/types\/page"}],"author":[{"embeddable":true,"href":"https:\/\/www.ecom4children.eu\/it\/wp-json\/wp\/v2\/users\/2"}],"replies":[{"embeddable":true,"href":"https:\/\/www.ecom4children.eu\/it\/wp-json\/wp\/v2\/comments?post=1426"}],"version-history":[{"count":2,"href":"https:\/\/www.ecom4children.eu\/it\/wp-json\/wp\/v2\/pages\/1426\/revisions"}],"predecessor-version":[{"id":1428,"href":"https:\/\/www.ecom4children.eu\/it\/wp-json\/wp\/v2\/pages\/1426\/revisions\/1428"}],"wp:attachment":[{"href":"https:\/\/www.ecom4children.eu\/it\/wp-json\/wp\/v2\/media?parent=1426"}],"curies":[{"name":"wp","href":"https:\/\/api.w.org\/{rel}","templated":true}]}}