{"id":609,"date":"2018-06-06T10:41:44","date_gmt":"2018-06-06T08:41:44","guid":{"rendered":"http:\/\/www.ecom4children.eu\/?page_id=609"},"modified":"2018-09-10T18:08:29","modified_gmt":"2018-09-10T16:08:29","slug":"socios","status":"publish","type":"page","link":"https:\/\/www.ecom4children.eu\/es\/socios\/","title":{"rendered":"Socios"},"content":{"rendered":"<p>{\u00abmain-title\u00bb:{\u00abcomponent\u00bb:\u00bbhc_title\u00bb,\u00bbid\u00bb:\u00bbmain-title\u00bb,\u00bbsubtitle\u00bb:\u00bb\u00bb,\u00bbtitle_content\u00bb:{\u00abcomponent\u00bb:\u00bbhc_title_base\u00bb,\u00bbid\u00bb:\u00bbtitle-base\u00bb,\u00bbimage\u00bb:\u00bbhttp:\/\/www.ecom4children.eu\/wp-content\/uploads\/2018\/04\/fondo-color-1024&#215;427.jpg|800|1920|366&#8243;,\u00bbbreadcrumbs\u00bb:true,\u00bbwhite\u00bb:true},\u00bbtitle\u00bb:\u00bbSocios\u00bb},\u00bbsection_5ZtkF\u00bb:{\u00abcomponent\u00bb:\u00bbhc_section\u00bb,\u00bbid\u00bb:\u00bbsection_5ZtkF\u00bb,\u00bbsection_width\u00bb:\u00bb\u00bb,\u00bbanimation\u00bb:\u00bb\u00bb,\u00bbanimation_time\u00bb:\u00bb\u00bb,\u00bbtimeline_animation\u00bb:\u00bb\u00bb,\u00bbtimeline_delay\u00bb:\u00bb\u00bb,\u00bbtimeline_order\u00bb:\u00bb\u00bb,\u00bbvertical_row\u00bb:\u00bb\u00bb,\u00bbbox_middle\u00bb:\u00bb\u00bb,\u00bbcss_classes\u00bb:\u00bb\u00bb,\u00bbcustom_css_classes\u00bb:\u00bb\u00bb,\u00bbcustom_css_styles\u00bb:\u00bb\u00bb,\u00bbsection_content\u00bb:[{\u00abcomponent\u00bb:\u00bbhc_column\u00bb,\u00bbid\u00bb:\u00bbcolumn_HpxMw\u00bb,\u00bbcolumn_width\u00bb:\u00bbcol-md-12&#8243;,\u00bbanimation\u00bb:\u00bb\u00bb,\u00bbanimation_time\u00bb:\u00bb\u00bb,\u00bbtimeline_animation\u00bb:\u00bb\u00bb,\u00bbtimeline_delay\u00bb:\u00bb\u00bb,\u00bbtimeline_order\u00bb:\u00bb\u00bb,\u00bbcss_classes\u00bb:\u00bbno-paddings-y \u00ab,\u00bbcustom_css_classes\u00bb:\u00bb\u00bb,\u00bbcustom_css_styles\u00bb:\u00bbmargin:0 auto\u00bb,\u00bbmain_content\u00bb:[{\u00abcomponent\u00bb:\u00bbhc_column\u00bb,\u00bbid\u00bb:\u00bbcolumn_UcayN\u00bb,\u00bbcolumn_width\u00bb:\u00bbcol-md-4&#8243;,\u00bbanimation\u00bb:\u00bb\u00bb,\u00bbanimation_time\u00bb:\u00bb\u00bb,\u00bbtimeline_animation\u00bb:\u00bb\u00bb,\u00bbtimeline_delay\u00bb:\u00bb\u00bb,\u00bbtimeline_order\u00bb:\u00bb\u00bb,\u00bbcss_classes\u00bb:\u00bbno-paddings-y \u00ab,\u00bbcustom_css_classes\u00bb:\u00bb\u00bb,\u00bbcustom_css_styles\u00bb:\u00bb\u00bb,\u00bbmain_content\u00bb:[{\u00abcomponent\u00bb:\u00bbhc_image\u00bb,\u00bbid\u00bb:\u00bb4oaCx\u00bb,\u00bbcss_classes\u00bb:\u00bb\u00bb,\u00bbcustom_css_classes\u00bb:\u00bb\u00bb,\u00bbcustom_css_styles\u00bb:\u00bb\u00bb,\u00bbimage\u00bb:\u00bbhttp:\/\/www.ecom4children.eu\/wp-content\/uploads\/2018\/04\/logo-aiju-color.png|70|200|404&#8243;,\u00bbalt\u00bb:\u00bb\u00bb,\u00bbthumb_size\u00bb:\u00bblarge\u00bb},{\u00abcomponent\u00bb:\u00bbhc_wp_editor\u00bb,\u00bbid\u00bb:\u00bbTy2k2&#8243;,\u00bbcss_classes\u00bb:\u00bbno-padding-bottom \u00ab,\u00bbcustom_css_classes\u00bb:\u00bb\u00bb,\u00bbcustom_css_styles\u00bb:\u00bb\u00bb,\u00bbeditor_content\u00bb:\u00bb<strong>AIJU\\nINSTITUTO TECNOL\u00d3GICO DE PRODUCTO INFANTIL Y OCIO<\/strong>\\nIBI, ALICANTE (ESPA\u00d1A)\\n<a href=\\\"http:\/\/www.aiju.info\/\\\" target=\\\"_blank\\\" rel=\\\"noopener\\\">www.aiju.info<\/a>\u00ab}]},{\u00abcomponent\u00bb:\u00bbhc_column\u00bb,\u00bbid\u00bb:\u00bbcolumn_09WCG\u00bb,\u00bbcolumn_width\u00bb:\u00bbcol-md-8&#8243;,\u00bbanimation\u00bb:\u00bb\u00bb,\u00bbanimation_time\u00bb:\u00bb\u00bb,\u00bbtimeline_animation\u00bb:\u00bb\u00bb,\u00bbtimeline_delay\u00bb:\u00bb\u00bb,\u00bbtimeline_order\u00bb:\u00bb\u00bb,\u00bbcss_classes\u00bb:\u00bbno-paddings-y \u00ab,\u00bbcustom_css_classes\u00bb:\u00bb\u00bb,\u00bbcustom_css_styles\u00bb:\u00bb\u00bb,\u00bbmain_content\u00bb:[{\u00abcomponent\u00bb:\u00bbhc_wp_editor\u00bb,\u00bbid\u00bb:\u00bbDpzvb\u00bb,\u00bbcss_classes\u00bb:\u00bbno-paddings-y \u00ab,\u00bbcustom_css_classes\u00bb:\u00bb\u00bb,\u00bbcustom_css_styles\u00bb:\u00bb\u00bb,\u00bbeditor_content\u00bb:\u00bbEl Instituto Tecnol\u00f3gico del Producto Infantil y de Ocio es una asociaci\u00f3n de investigaci\u00f3n sin \u00e1nimo de lucro fundada en 1985 para dar soporte al sector de los productos infantiles y llevar a cabo proyectos de I+D para incrementar los niveles de seguridad y calidad de sus productos. Actualmente AIJU cuenta unas 450 empresas asociadas y con un equipo de m\u00e1s de 75 expertos en diferentes disciplinas relacionadas con los productos infantiles y de ocio, como seguridad de producto, comportamiento del consumidor infantil, formaci\u00f3n o innovaci\u00f3n para la industria.\\n\\nAIJU es miembro de diversos foros de seguridad as\u00ed como comit\u00e9s nacionales y europeos que trabajan en el \u00e1mbito de la seguridad de los productos infantiles, como juguetes, art\u00edculos de puericultura o mobiliario infantil.\u00bb}]}]},{\u00abcomponent\u00bb:\u00bbhc_column\u00bb,\u00bbid\u00bb:\u00bbcolumn_gCRl2&#8243;,\u00bbcolumn_width\u00bb:\u00bbcol-md-12&#8243;,\u00bbanimation\u00bb:\u00bb\u00bb,\u00bbanimation_time\u00bb:\u00bb\u00bb,\u00bbtimeline_animation\u00bb:\u00bb\u00bb,\u00bbtimeline_delay\u00bb:\u00bb\u00bb,\u00bbtimeline_order\u00bb:\u00bb\u00bb,\u00bbcss_classes\u00bb:\u00bbno-paddings-y \u00ab,\u00bbcustom_css_classes\u00bb:\u00bb\u00bb,\u00bbcustom_css_styles\u00bb:\u00bbmargin:0 auto\u00bb,\u00bbmain_content\u00bb:[{\u00abcomponent\u00bb:\u00bbhc_column\u00bb,\u00bbid\u00bb:\u00bbcolumn_46imt\u00bb,\u00bbcolumn_width\u00bb:\u00bbcol-md-6&#8243;,\u00bbanimation\u00bb:\u00bb\u00bb,\u00bbanimation_time\u00bb:\u00bb\u00bb,\u00bbtimeline_animation\u00bb:\u00bb\u00bb,\u00bbtimeline_delay\u00bb:\u00bb\u00bb,\u00bbtimeline_order\u00bb:\u00bb\u00bb,\u00bbcss_classes\u00bb:\u00bbno-paddings-y \u00ab,\u00bbcustom_css_classes\u00bb:\u00bb\u00bb,\u00bbcustom_css_styles\u00bb:\u00bbpadding-right:40px\u00bb,\u00bbmain_content\u00bb:[{\u00abcomponent\u00bb:\u00bbhc_image\u00bb,\u00bbid\u00bb:\u00bbsBBiE\u00bb,\u00bbcss_classes\u00bb:\u00bbno-paddings-y \u00ab,\u00bbcustom_css_classes\u00bb:\u00bb\u00bb,\u00bbcustom_css_styles\u00bb:\u00bb\u00bb,\u00bbimage\u00bb:\u00bbhttp:\/\/www.ecom4children.eu\/wp-content\/uploads\/2018\/04\/logo-univpm-color.png|70|200|408&#8243;,\u00bbalt\u00bb:\u00bb\u00bb,\u00bbthumb_size\u00bb:\u00bblarge\u00bb},{\u00abcomponent\u00bb:\u00bbhc_wp_editor\u00bb,\u00bbid\u00bb:\u00bbECXMK\u00bb,\u00bbcss_classes\u00bb:\u00bbno-paddings-y \u00ab,\u00bbcustom_css_classes\u00bb:\u00bb\u00bb,\u00bbcustom_css_styles\u00bb:\u00bb\u00bb,\u00bbeditor_content\u00bb:\u00bb<strong>UNIVERSIT\u00c0 POLITECNICA DELLE MARCHE (UNIVPM)<\/strong>\\nANCONA (ITALIA)\\n<a href=\\\"http:\/\/www.univpm.it\\\" target=\\\"_blank\\\" rel=\\\"noopener\\\">www.univpm.it<\/a>\\n\\nLa Universidad de Ancona naci\u00f3 en 1969 con el establecimiento de la Universidad Libre de Ancona, y con la activaci\u00f3n del primer bienio de la Facultad de Ingenier\u00eda y el trienio biol\u00f3gico de la Facultad de Medicina y Cirug\u00eda.\\nLa Universidad Libre, definitivamente fue reconocida como Universidad Estatal en muy poco tiempo, exactamente el 19 de enero de 1971.\\nLa Facultat de Econom\u00eda y Comercio fue incluida inmediatamente y durante el a\u00f1o acad\u00e9mico 1988-89 se fund\u00f3 la Facultad de Agricultura (licenciatura en Ciencias Agr\u00edcolas), as\u00ed como la Facultad de Matem\u00e1ticas, F\u00edsica y Ciencias Naturales con una licenciatura en biolog\u00eda general y especializaciones en biolog\u00eda marina, oceanograf\u00eda y biotecnolog\u00eda.\\nEl 18 de enero de 2003 la Universidad de Ancona cambi\u00f3 su nombre a \u201cUniversit\u00e0 Politecnica delle Marche\u201d. Ahora la Universidad tiene cinco Facultades, 21 estudios diferentes de licenciatura (3 a\u00f1os &#8211; primer nivel), 19 cursos de postgrado (segundo nivel), 3 grados universitarios de un solo ciclo con entrada limitada (1 en ingenier\u00eda &#8211; 5 a\u00f1os, 1 en medicina y cirug\u00eda &#8211; 6 a\u00f1os y 1 en ortodoncia y pr\u00f3tesis &#8211; 6 a\u00f1os), 11 cursos de estudio vocacional, 29 campos de especializaci\u00f3n y 10 programas de doctorado con sus oficinas administrativas en Ancona. La matr\u00edcula inicial de estudiantes de 290 para el a\u00f1o acad\u00e9mico 1969-70 ha aumentado progresivamente a 17.000. Actualmente la docencia cuenta con 550 profesores, asistentes de ense\u00f1anza e investigadores, junto con 181 empleados temporales y 605 t\u00e9cnicos y administrativos.\\nActualmente est\u00e1n agrupados en tres campus principales. El campus de ciencia y tecnolog\u00eda se encuentra en Monte Dago, y sus edificios cuentan con la monumental y prestigiosa obra dise\u00f1ada por Bellushi, un arquitecto italoamericano. Este complejo alberga la Facultad de Ingenier\u00eda, la Facultad de Agricultura y la Facultad de Matem\u00e1ticas, F\u00edsica y Ciencias Naturales.\\nUn segundo complejo de investigaci\u00f3n y educaci\u00f3n se encuentra en Torrette para las necesidades biol\u00f3gicas, cient\u00edficas y cl\u00ednicas de la Facultad de Medicina y Cirug\u00eda. El tercer campus est\u00e1 ubicado en el centro de la ciudad en un hist\u00f3rico ex cuartel llamado Caserma Villarey y alberga la Facultad de Econom\u00eda. En la Facultad de Econom\u00eda hay 2 Departamentos. En el DIMA (Departamento de Gesti\u00f3n) hay profesores e investigadores de Derecho, Econ\u00f3micas y Matem\u00e1ticas.\\n\\n&nbsp;\\n\\n&nbsp;\u00ab}]},{\u00abcomponent\u00bb:\u00bbhc_column\u00bb,\u00bbid\u00bb:\u00bbLpMI3&#8243;,\u00bbcolumn_width\u00bb:\u00bbcol-md-6&#8243;,\u00bbanimation\u00bb:\u00bb\u00bb,\u00bbanimation_time\u00bb:\u00bb\u00bb,\u00bbtimeline_animation\u00bb:\u00bb\u00bb,\u00bbtimeline_delay\u00bb:\u00bb\u00bb,\u00bbtimeline_order\u00bb:\u00bb\u00bb,\u00bbcss_classes\u00bb:\u00bbno-paddings-y \u00ab,\u00bbcustom_css_classes\u00bb:\u00bb\u00bb,\u00bbcustom_css_styles\u00bb:\u00bb\u00bb,\u00bbmain_content\u00bb:[{\u00abcomponent\u00bb:\u00bbhc_image\u00bb,\u00bbid\u00bb:\u00bb8L2wK\u00bb,\u00bbcss_classes\u00bb:\u00bbno-paddings-y \u00ab,\u00bbcustom_css_classes\u00bb:\u00bb\u00bb,\u00bbcustom_css_styles\u00bb:\u00bb\u00bb,\u00bbimage\u00bb:\u00bbhttp:\/\/www.ecom4children.eu\/wp-content\/uploads\/2018\/04\/logo-UA-color.png|70|200|407&#8243;,\u00bbalt\u00bb:\u00bb\u00bb,\u00bbthumb_size\u00bb:\u00bblarge\u00bb},{\u00abcomponent\u00bb:\u00bbhc_wp_editor\u00bb,\u00bbid\u00bb:\u00bbgTbP5&#8243;,\u00bbcss_classes\u00bb:\u00bbno-paddings-y \u00ab,\u00bbcustom_css_classes\u00bb:\u00bb\u00bb,\u00bbcustom_css_styles\u00bb:\u00bb\u00bb,\u00bbeditor_content\u00bb:\u00bb<strong>UNIVERSIDAD DE ALICANTE (UA)<\/strong>\\nALICANTE (ESPA\u00d1A)\\n<a href=\\\"http:\/\/www.ua.es\\\" target=\\\"_blank\\\" rel=\\\"noopener\\\">www.ua.es<\/a>\\n\\nLa Universidad de Alicante (UA) fue creada en 1979. Hoy en d\u00eda da formaci\u00f3n a m\u00e1s de 36,000 estudiantes -2,500 de ellos son estudiantes internacionales &#8211; y ofrece m\u00e1s de 80 programas de pregrado y 96 de posgrado. La UA alberga 227 grupos de investigaci\u00f3n en Ciencias Sociales y Jur\u00eddicas, Ciencias Experimentales, Ciencias Tecnol\u00f3gicas, Ciencias Humanas, Educaci\u00f3n y Ciencias de la Salud y 15 Institutos de investigaci\u00f3n. Por lo tanto, la UA emplea a m\u00e1s de 2.400 profesores de investigadores y tiene una estructura compleja de administraci\u00f3n de 1.300 personas.\\n\\nEl Departamento de Lenguaje y Sistemas Inform\u00e1ticos (DLSI) es uno de los departamentos m\u00e1s grandes de la UA, que emplea a m\u00e1s de 60 docentes a tiempo completo, m\u00e1s de 30 profesores de apoyo y 6 miembros del personal. DLSI pertenece a la Escuela Polit\u00e9cnica y se dedica a la investigaci\u00f3n y formaci\u00f3n en los siguientes temas: ingenier\u00eda de software, desarrollo de software y sistemas multimedia, incluidas la gesti\u00f3n de sistemas e-learning. DLSI ha llevado a cabo actividades de investigaci\u00f3n en los campos de desarrollo de software, usabilidad y accesibilidad de sitios web y aplicaciones web, y e-learning en los \u00faltimos 15 a\u00f1os. El departamento de Sociolog\u00eda I de la UA apoya a DLSI en el desarrollo de este proyecto.\u00bb}]}]},{\u00abcomponent\u00bb:\u00bbhc_column\u00bb,\u00bbid\u00bb:\u00bbcolumn_wTKBi\u00bb,\u00bbcolumn_width\u00bb:\u00bbcol-md-12&#8243;,\u00bbanimation\u00bb:\u00bb\u00bb,\u00bbanimation_time\u00bb:\u00bb\u00bb,\u00bbtimeline_animation\u00bb:\u00bb\u00bb,\u00bbtimeline_delay\u00bb:\u00bb\u00bb,\u00bbtimeline_order\u00bb:\u00bb\u00bb,\u00bbcss_classes\u00bb:\u00bb\u00bb,\u00bbcustom_css_classes\u00bb:\u00bb\u00bb,\u00bbcustom_css_styles\u00bb:\u00bbmargin:0 auto\u00bb,\u00bbmain_content\u00bb:[{\u00abcomponent\u00bb:\u00bbhc_column\u00bb,\u00bbid\u00bb:\u00bbCTbnJ\u00bb,\u00bbcolumn_width\u00bb:\u00bbcol-md-6&#8243;,\u00bbanimation\u00bb:\u00bb\u00bb,\u00bbanimation_time\u00bb:\u00bb\u00bb,\u00bbtimeline_animation\u00bb:\u00bb\u00bb,\u00bbtimeline_delay\u00bb:\u00bb\u00bb,\u00bbtimeline_order\u00bb:\u00bb\u00bb,\u00bbcss_classes\u00bb:\u00bb\u00bb,\u00bbcustom_css_classes\u00bb:\u00bb\u00bb,\u00bbcustom_css_styles\u00bb:\u00bbpadding-right:40px\u00bb,\u00bbmain_content\u00bb:[{\u00abcomponent\u00bb:\u00bbhc_image\u00bb,\u00bbid\u00bb:\u00bbe8bGf\u00bb,\u00bbcss_classes\u00bb:\u00bb\u00bb,\u00bbcustom_css_classes\u00bb:\u00bb\u00bb,\u00bbcustom_css_styles\u00bb:\u00bb\u00bb,\u00bbimage\u00bb:\u00bbhttp:\/\/www.ecom4children.eu\/wp-content\/uploads\/2018\/04\/logo-sdruzeni-color.png|70|200|406&#8243;,\u00bbalt\u00bb:\u00bb\u00bb,\u00bbthumb_size\u00bb:\u00bblarge\u00bb},{\u00abcomponent\u00bb:\u00bbhc_wp_editor\u00bb,\u00bbid\u00bb:\u00bbxMi61&#8243;,\u00bbcss_classes\u00bb:\u00bb\u00bb,\u00bbcustom_css_classes\u00bb:\u00bb\u00bb,\u00bbcustom_css_styles\u00bb:\u00bb\u00bb,\u00bbeditor_content\u00bb:\u00bb<strong>SDRUZENI PRO HRACKU A HRU (SHH)<\/strong>\\nPRAGA (REP\u00daBLICA CHECA)\\n<a href=\\\"http:\/\/www.sdruzenihracky.cz\\\" target=\\\"_blank\\\" rel=\\\"noopener\\\">www.sdruzenihracky.cz<\/a>\\n\\nSHH, la Asociaci\u00f3n Checa de Juguetes y Juego representa y re\u00fane a toda la industria del juguete en la Rep\u00fablica Checa, formada por fabricantes de juguetes, mayoristas, minoristas, escuelas, dise\u00f1adores y laboratorios de ensayo. Hoy en d\u00eda, la asociaci\u00f3n cuenta con 140 asociados. Tambi\u00e9n son miembros los laboratorios de ensayo de juguetes en Zlin, el Museo del Juguete en Praga, la Escuela de Arte Industrial de Praga y la Facultad de Pedagog\u00eda de Charles University.\\n\\nEl objetivo de la asociaci\u00f3n es que los ni\u00f1os reciban juguetes seguros que contribuyan positivamente a desarrollar su personalidad. Adem\u00e1s, SHH tiene una gran experiencia en la organizaci\u00f3n de cursos de formaci\u00f3n para sus miembros en temas espec\u00edficos del sector, tales como la seguridad de los juguetes y protecci\u00f3n de los consumidores.\\n\\n&nbsp;\u00ab}]},{\u00abcomponent\u00bb:\u00bbhc_column\u00bb,\u00bbid\u00bb:\u00bbcolumn_qbRbm\u00bb,\u00bbcolumn_width\u00bb:\u00bbcol-md-6&#8243;,\u00bbanimation\u00bb:\u00bb\u00bb,\u00bbanimation_time\u00bb:\u00bb\u00bb,\u00bbtimeline_animation\u00bb:\u00bb\u00bb,\u00bbtimeline_delay\u00bb:\u00bb\u00bb,\u00bbtimeline_order\u00bb:\u00bb\u00bb,\u00bbcss_classes\u00bb:\u00bb\u00bb,\u00bbcustom_css_classes\u00bb:\u00bb\u00bb,\u00bbcustom_css_styles\u00bb:\u00bb\u00bb,\u00bbmain_content\u00bb:[{\u00abcomponent\u00bb:\u00bbhc_image\u00bb,\u00bbid\u00bb:\u00bbXEay7&#8243;,\u00bbcss_classes\u00bb:\u00bb\u00bb,\u00bbcustom_css_classes\u00bb:\u00bb\u00bb,\u00bbcustom_css_styles\u00bb:\u00bb\u00bb,\u00bbimage\u00bb:\u00bbhttp:\/\/www.ecom4children.eu\/wp-content\/uploads\/2018\/04\/logo-aspi-color2.png|70|200|405&#8243;,\u00bbalt\u00bb:\u00bb\u00bb,\u00bbthumb_size\u00bb:\u00bblarge\u00bb},{\u00abcomponent\u00bb:\u00bbhc_wp_editor\u00bb,\u00bbid\u00bb:\u00bb5AF0x\u00bb,\u00bbcss_classes\u00bb:\u00bb\u00bb,\u00bbcustom_css_classes\u00bb:\u00bb\u00bb,\u00bbcustom_css_styles\u00bb:\u00bb\u00bb,\u00bbeditor_content\u00bb:\u00bb<strong>ASSOCIA\u00c7\u00c3O PARA A PROMO\u00c7\u00c3O DA SEGURAN\u00c7A INFANTIL (APSI)<\/strong>\\nLISBOA (PORTUGAL)\\n<a href=\\\"http:\/\/www.apsi.org.pt\\\" target=\\\"_blank\\\" rel=\\\"noopener\\\">www.apsi.org.pt<\/a>\\n\\nCon m\u00e1s de 25 a\u00f1os de experiencia trabajando en seguridad infantil, la Asociaci\u00f3n Portuguesa para la Promoci\u00f3n de la Seguridad Infantil trabaja para fomentar ciertas actitudes y pr\u00e1cticas, as\u00ed como la creaci\u00f3n de entornos seguros que garanticen el crecimiento saludable de los ni\u00f1os y gente joven. Su objetivo principal es reducir el n\u00famero y la gravedad de las lesiones en estos grupos de edad.\\n\\nAPSI es una organizaci\u00f3n privada sin \u00e1nimo de lucro fundada en 1992, con el status de utilidad p\u00fablica. Es una organizaci\u00f3n de familias y de consumidores. Es un l\u00edder de opini\u00f3n en t\u00e9rminos de seguridad acu\u00e1tica, \u00e1reas de juegos y seguridad del pasajero en el autom\u00f3vil, seguridad del transporte p\u00fablico infantil, actuando como entidad de referencia en Portugal y en Europa en el campo de la seguridad infantil. Es la \u00fanica entidad en Portugal dedicada exclusivamente a la prevenci\u00f3n de lesiones. APSI interviene en la sociedad a trav\u00e9s de la informaci\u00f3n y comunicaci\u00f3n, investigaci\u00f3n, formaci\u00f3n y participaci\u00f3n en el desarrollo de la legislaci\u00f3n y la normalizaci\u00f3n\\n\\n&nbsp;\u00ab}]}]}],\u00bbsection_settings\u00bb:\u00bb\u00bb},\u00bbscripts\u00bb:{},\u00bbcss\u00bb:{},\u00bbcss_page\u00bb:\u00bb\u00bb,\u00bbtemplate_setting\u00bb:{\u00absettings\u00bb:{\u00abid\u00bb:\u00bbsettings\u00bb}},\u00bbtemplate_setting_top\u00bb:{},\u00bbpage_setting\u00bb:{\u00absettings\u00bb:[\u00ablock-mode-off\u00bb]}}<\/p>\n","protected":false},"excerpt":{"rendered":"<p>{\u00abmain-title\u00bb:{\u00abcomponent\u00bb:\u00bbhc_title\u00bb,\u00bbid\u00bb:\u00bbmain-title\u00bb,\u00bbsubtitle\u00bb:\u00bb\u00bb,\u00bbtitle_content\u00bb:{\u00abcomponent\u00bb:\u00bbhc_title_base\u00bb,\u00bbid\u00bb:\u00bbtitle-base\u00bb,\u00bbimage\u00bb:\u00bbhttp:\/\/www.ecom4children.eu\/wp-content\/uploads\/2018\/04\/fondo-color-1024&#215;427.jpg|800|1920|366&#8243;,\u00bbbreadcrumbs\u00bb:true,\u00bbwhite\u00bb:true},\u00bbtitle\u00bb:\u00bbSocios\u00bb},\u00bbsection_5ZtkF\u00bb:{\u00abcomponent\u00bb:\u00bbhc_section\u00bb,\u00bbid\u00bb:\u00bbsection_5ZtkF\u00bb,\u00bbsection_width\u00bb:\u00bb\u00bb,\u00bbanimation\u00bb:\u00bb\u00bb,\u00bbanimation_time\u00bb:\u00bb\u00bb,\u00bbtimeline_animation\u00bb:\u00bb\u00bb,\u00bbtimeline_delay\u00bb:\u00bb\u00bb,\u00bbtimeline_order\u00bb:\u00bb\u00bb,\u00bbvertical_row\u00bb:\u00bb\u00bb,\u00bbbox_middle\u00bb:\u00bb\u00bb,\u00bbcss_classes\u00bb:\u00bb\u00bb,\u00bbcustom_css_classes\u00bb:\u00bb\u00bb,\u00bbcustom_css_styles\u00bb:\u00bb\u00bb,\u00bbsection_content\u00bb:[{\u00abcomponent\u00bb:\u00bbhc_column\u00bb,\u00bbid\u00bb:\u00bbcolumn_HpxMw\u00bb,\u00bbcolumn_width\u00bb:\u00bbcol-md-12&#8243;,\u00bbanimation\u00bb:\u00bb\u00bb,\u00bbanimation_time\u00bb:\u00bb\u00bb,\u00bbtimeline_animation\u00bb:\u00bb\u00bb,\u00bbtimeline_delay\u00bb:\u00bb\u00bb,\u00bbtimeline_order\u00bb:\u00bb\u00bb,\u00bbcss_classes\u00bb:\u00bbno-paddings-y \u00ab,\u00bbcustom_css_classes\u00bb:\u00bb\u00bb,\u00bbcustom_css_styles\u00bb:\u00bbmargin:0 auto\u00bb,\u00bbmain_content\u00bb:[{\u00abcomponent\u00bb:\u00bbhc_column\u00bb,\u00bbid\u00bb:\u00bbcolumn_UcayN\u00bb,\u00bbcolumn_width\u00bb:\u00bbcol-md-4&#8243;,\u00bbanimation\u00bb:\u00bb\u00bb,\u00bbanimation_time\u00bb:\u00bb\u00bb,\u00bbtimeline_animation\u00bb:\u00bb\u00bb,\u00bbtimeline_delay\u00bb:\u00bb\u00bb,\u00bbtimeline_order\u00bb:\u00bb\u00bb,\u00bbcss_classes\u00bb:\u00bbno-paddings-y \u00ab,\u00bbcustom_css_classes\u00bb:\u00bb\u00bb,\u00bbcustom_css_styles\u00bb:\u00bb\u00bb,\u00bbmain_content\u00bb:[{\u00abcomponent\u00bb:\u00bbhc_image\u00bb,\u00bbid\u00bb:\u00bb4oaCx\u00bb,\u00bbcss_classes\u00bb:\u00bb\u00bb,\u00bbcustom_css_classes\u00bb:\u00bb\u00bb,\u00bbcustom_css_styles\u00bb:\u00bb\u00bb,\u00bbimage\u00bb:\u00bbhttp:\/\/www.ecom4children.eu\/wp-content\/uploads\/2018\/04\/logo-aiju-color.png|70|200|404&#8243;,\u00bbalt\u00bb:\u00bb\u00bb,\u00bbthumb_size\u00bb:\u00bblarge\u00bb},{\u00abcomponent\u00bb:\u00bbhc_wp_editor\u00bb,\u00bbid\u00bb:\u00bbTy2k2&#8243;,\u00bbcss_classes\u00bb:\u00bbno-padding-bottom \u00ab,\u00bbcustom_css_classes\u00bb:\u00bb\u00bb,\u00bbcustom_css_styles\u00bb:\u00bb\u00bb,\u00bbeditor_content\u00bb:\u00bbAIJU\\nINSTITUTO TECNOL\u00d3GICO DE PRODUCTO INFANTIL Y OCIO\\nIBI, ALICANTE (ESPA\u00d1A)\\nwww.aiju.info\u00ab}]},{\u00abcomponent\u00bb:\u00bbhc_column\u00bb,\u00bbid\u00bb:\u00bbcolumn_09WCG\u00bb,\u00bbcolumn_width\u00bb:\u00bbcol-md-8&#8243;,\u00bbanimation\u00bb:\u00bb\u00bb,\u00bbanimation_time\u00bb:\u00bb\u00bb,\u00bbtimeline_animation\u00bb:\u00bb\u00bb,\u00bbtimeline_delay\u00bb:\u00bb\u00bb,\u00bbtimeline_order\u00bb:\u00bb\u00bb,\u00bbcss_classes\u00bb:\u00bbno-paddings-y \u00ab,\u00bbcustom_css_classes\u00bb:\u00bb\u00bb,\u00bbcustom_css_styles\u00bb:\u00bb\u00bb,\u00bbmain_content\u00bb:[{\u00abcomponent\u00bb:\u00bbhc_wp_editor\u00bb,\u00bbid\u00bb:\u00bbDpzvb\u00bb,\u00bbcss_classes\u00bb:\u00bbno-paddings-y \u00ab,\u00bbcustom_css_classes\u00bb:\u00bb\u00bb,\u00bbcustom_css_styles\u00bb:\u00bb\u00bb,\u00bbeditor_content\u00bb:\u00bbEl Instituto Tecnol\u00f3gico del Producto Infantil y de Ocio es una asociaci\u00f3n de investigaci\u00f3n sin \u00e1nimo de lucro fundada en 1985 para dar soporte al sector de los productos infantiles y llevar a cabo proyectos de I+D para incrementar los niveles [&hellip;]<\/p>\n","protected":false},"author":2,"featured_media":0,"parent":0,"menu_order":0,"comment_status":"closed","ping_status":"closed","template":"","meta":[],"_links":{"self":[{"href":"https:\/\/www.ecom4children.eu\/es\/wp-json\/wp\/v2\/pages\/609"}],"collection":[{"href":"https:\/\/www.ecom4children.eu\/es\/wp-json\/wp\/v2\/pages"}],"about":[{"href":"https:\/\/www.ecom4children.eu\/es\/wp-json\/wp\/v2\/types\/page"}],"author":[{"embeddable":true,"href":"https:\/\/www.ecom4children.eu\/es\/wp-json\/wp\/v2\/users\/2"}],"replies":[{"embeddable":true,"href":"https:\/\/www.ecom4children.eu\/es\/wp-json\/wp\/v2\/comments?post=609"}],"version-history":[{"count":17,"href":"https:\/\/www.ecom4children.eu\/es\/wp-json\/wp\/v2\/pages\/609\/revisions"}],"predecessor-version":[{"id":723,"href":"https:\/\/www.ecom4children.eu\/es\/wp-json\/wp\/v2\/pages\/609\/revisions\/723"}],"wp:attachment":[{"href":"https:\/\/www.ecom4children.eu\/es\/wp-json\/wp\/v2\/media?parent=609"}],"curies":[{"name":"wp","href":"https:\/\/api.w.org\/{rel}","templated":true}]}}