{"id":439,"date":"2018-04-19T13:21:58","date_gmt":"2018-04-19T11:21:58","guid":{"rendered":"http:\/\/www.ecom4children.eu\/?page_id=439"},"modified":"2018-06-05T19:26:19","modified_gmt":"2018-06-05T17:26:19","slug":"faqs","status":"publish","type":"page","link":"https:\/\/www.ecom4children.eu\/es\/faqs\/","title":{"rendered":"FAQs"},"content":{"rendered":"<p>{\u00abmain-title\u00bb:{\u00abcomponent\u00bb:\u00bbhc_title\u00bb,\u00bbid\u00bb:\u00bbmain-title\u00bb,\u00bbsubtitle\u00bb:\u00bb\u00bb,\u00bbtitle_content\u00bb:{\u00abcomponent\u00bb:\u00bbhc_title_base\u00bb,\u00bbid\u00bb:\u00bbtitle-base\u00bb,\u00bbimage\u00bb:\u00bbhttp:\/\/www.ecom4children.eu\/wp-content\/uploads\/2018\/04\/fondo-color-1024&#215;427.jpg|800|1920|366&#8243;,\u00bbbreadcrumbs\u00bb:false,\u00bbwhite\u00bb:true},\u00bbtitle\u00bb:\u00bbFAQs\u00bb},\u00bbsection_5ZtkF\u00bb:{\u00abcomponent\u00bb:\u00bbhc_section\u00bb,\u00bbid\u00bb:\u00bbsection_5ZtkF\u00bb,\u00bbsection_width\u00bb:\u00bb\u00bb,\u00bbanimation\u00bb:\u00bb\u00bb,\u00bbanimation_time\u00bb:\u00bb\u00bb,\u00bbtimeline_animation\u00bb:\u00bb\u00bb,\u00bbtimeline_delay\u00bb:\u00bb\u00bb,\u00bbtimeline_order\u00bb:\u00bb\u00bb,\u00bbvertical_row\u00bb:\u00bb\u00bb,\u00bbbox_middle\u00bb:\u00bb\u00bb,\u00bbcss_classes\u00bb:\u00bb\u00bb,\u00bbcustom_css_classes\u00bb:\u00bb\u00bb,\u00bbcustom_css_styles\u00bb:\u00bb\u00bb,\u00bbsection_content\u00bb:[{\u00abcomponent\u00bb:\u00bbhc_column\u00bb,\u00bbid\u00bb:\u00bbcolumn_sc9bi\u00bb,\u00bbcolumn_width\u00bb:\u00bbcol-md-6&#8243;,\u00bbanimation\u00bb:\u00bb\u00bb,\u00bbanimation_time\u00bb:\u00bb\u00bb,\u00bbtimeline_animation\u00bb:\u00bb\u00bb,\u00bbtimeline_delay\u00bb:\u00bb\u00bb,\u00bbtimeline_order\u00bb:\u00bb\u00bb,\u00bbcss_classes\u00bb:\u00bb\u00bb,\u00bbcustom_css_classes\u00bb:\u00bb\u00bb,\u00bbcustom_css_styles\u00bb:\u00bbpadding-right:30px;\u00bb,\u00bbmain_content\u00bb:[{\u00abcomponent\u00bb:\u00bbhc_title_tag\u00bb,\u00bbid\u00bb:\u00bbm5BNb\u00bb,\u00bbcss_classes\u00bb:\u00bb\u00bb,\u00bbcustom_css_classes\u00bb:\u00bb\u00bb,\u00bbcustom_css_styles\u00bb:\u00bb\u00bb,\u00bbtext\u00bb:\u00bbSobre el MOOC adaptativo\u00bb,\u00bbtag\u00bb:\u00bbh2&#8243;},{\u00abcomponent\u00bb:\u00bbhc_accordion\u00bb,\u00bbid\u00bb:\u00bbQhOd3&#8243;,\u00bbcss_classes\u00bb:\u00bb\u00bb,\u00bbcustom_css_classes\u00bb:\u00bb\u00bb,\u00bbcustom_css_styles\u00bb:\u00bb\u00bb,\u00bbname_1&#8243;:\u00bb\u00bfQu\u00e9 es un MOOC adaptativo?\u00bb,\u00bbicon_1&#8243;:\u00bb\u00bb,\u00bbicon_style_1&#8243;:\u00bb\u00bb,\u00bbicon_image_1&#8243;:\u00bb\u00bb,\u00bbcontent_1&#8243;:[{\u00abcomponent\u00bb:\u00bbhc_text_block\u00bb,\u00bbid\u00bb:\u00bbK79oA\u00bb,\u00bbcss_classes\u00bb:\u00bb\u00bb,\u00bbcustom_css_classes\u00bb:\u00bb\u00bb,\u00bbcustom_css_styles\u00bb:\u00bb\u00bb,\u00bbcontent\u00bb:\u00bbEs un curso abierto online en formato MOOC, que ofrece al usuario la posibilidad de elegir una serie de m\u00f3dulos formativos seg\u00fan sus deseos o siguiendo una recomendaci\u00f3n basada en el diagn\u00f3stico de su perfil y necesidades. MOOC es el acr\u00f3nimo en ingl\u00e9s de Massive Online Open Courses (o Cursos online masivos y abiertos), es decir, se trata de un curso online, accesible por internet de forma gratuita al que se puede apuntar cualquier persona y pr\u00e1cticamente no tiene l\u00edmite de participantes.\u00bb}],\u00bbname_2&#8243;:\u00bb\u00bfEl curso es completamente gratuito?\u00bb,\u00bbicon_2&#8243;:\u00bb\u00bb,\u00bbicon_style_2&#8243;:\u00bb\u00bb,\u00bbicon_image_2&#8243;:\u00bb\u00bb,\u00bbcontent_2&#8243;:[{\u00abcomponent\u00bb:\u00bbhc_text_block\u00bb,\u00bbid\u00bb:\u00bbzRw6A\u00bb,\u00bbcss_classes\u00bb:\u00bb\u00bb,\u00bbcustom_css_classes\u00bb:\u00bb\u00bb,\u00bbcustom_css_styles\u00bb:\u00bb\u00bb,\u00bbcontent\u00bb:\u00bbS\u00ed, es un curso 100% gratuito para todas las personas. \u00ab}],\u00bbname_3&#8243;:\u00bb\u00bfHay alg\u00fan requisito previo para realizar el curso?\u00bb,\u00bbicon_3&#8243;:\u00bb\u00bb,\u00bbicon_style_3&#8243;:\u00bb\u00bb,\u00bbicon_image_3&#8243;:\u00bb\u00bb,\u00bbcontent_3&#8243;:[{\u00abcomponent\u00bb:\u00bbhc_text_block\u00bb,\u00bbid\u00bb:\u00bbTWaoC\u00bb,\u00bbcss_classes\u00bb:\u00bb\u00bb,\u00bbcustom_css_classes\u00bb:\u00bb\u00bb,\u00bbcustom_css_styles\u00bb:\u00bb\u00bb,\u00bbcontent\u00bb:\u00bbPara realizar este curso, solo necesitas tener inter\u00e9s en el comercio electr\u00f3nico enfocado al sector de los productos infantiles, tanto si eres profesional, consumidor o como si quieres trabajar en este \u00e1mbito.\u00bb}],\u00bbname_4&#8243;:\u00bb\u00bfQu\u00e9 voy a encontrar en este curso de inter\u00e9s?\u00bb,\u00bbicon_4&#8243;:\u00bb\u00bb,\u00bbicon_style_4&#8243;:\u00bb\u00bb,\u00bbicon_image_4&#8243;:\u00bb\u00bb,\u00bbcontent_4&#8243;:[{\u00abcomponent\u00bb:\u00bbhc_text_block\u00bb,\u00bbid\u00bb:\u00bbYQuOz\u00bb,\u00bbcss_classes\u00bb:\u00bb\u00bb,\u00bbcustom_css_classes\u00bb:\u00bb\u00bb,\u00bbcustom_css_styles\u00bb:\u00bb\u00bb,\u00bbcontent\u00bb:\u00bbEl programa del curso combina contenidos de car\u00e1cter transversal como es el comercio electr\u00f3nico  con tem\u00e1ticas muy particulares de los diferentes productos infantiles que se comercializan en Internet como juguetes, art\u00edculos para el beb\u00e9 o el mobiliario. Por primera vez se ofrece una visi\u00f3n integradora del comercio electr\u00f3nico, la seguridad de producto y los derechos de los consumidores en el mercado online.\u00bb}],\u00bbname_5&#8243;:\u00bb\u00bfQu\u00e9 necesito para realizar el curso?\u00bb,\u00bbicon_5&#8243;:\u00bb\u00bb,\u00bbicon_style_5&#8243;:\u00bb\u00bb,\u00bbicon_image_5&#8243;:\u00bb\u00bb,\u00bbcontent_5&#8243;:[{\u00abcomponent\u00bb:\u00bbhc_text_block\u00bb,\u00bbid\u00bb:\u00bb4qyvZ\u00bb,\u00bbcss_classes\u00bb:\u00bb\u00bb,\u00bbcustom_css_classes\u00bb:\u00bb\u00bb,\u00bbcustom_css_styles\u00bb:\u00bb\u00bb,\u00bbcontent\u00bb:\u00bbPuedes realizar el curso desde tu ordenador, tablet o tel\u00e9fono m\u00f3vil. \u00a1S\u00f3lo necesitas conexi\u00f3n a internet y una cuenta Gmail! El desarrollo de la plataforma se basa en tecnolog\u00eda Google, de ah\u00ed que necesites una cuenta Gmail.\u00bb}],\u00bbname_6&#8243;:\u00bb\u00bfCu\u00e1ndo acabe el curso obtendr\u00e9 un certificado?\u00bb,\u00bbicon_6&#8243;:\u00bb\u00bb,\u00bbicon_style_6&#8243;:\u00bb\u00bb,\u00bbicon_image_6&#8243;:\u00bb\u00bb,\u00bbcontent_6&#8243;:[{\u00abcomponent\u00bb:\u00bbhc_text_block\u00bb,\u00bbid\u00bb:\u00bbjLXuv\u00bb,\u00bbcss_classes\u00bb:\u00bb\u00bb,\u00bbcustom_css_classes\u00bb:\u00bb\u00bb,\u00bbcustom_css_styles\u00bb:\u00bb\u00bb,\u00bbcontent\u00bb:\u00bbCuando finalices el curso podr\u00e1s descargarte tu certificado digital sin coste alguno.\u00bb}],\u00bbname_7&#8243;:\u00bb\u00bfCu\u00e1ndo empieza el curso?\u00bb,\u00bbicon_7&#8243;:\u00bb\u00bb,\u00bbicon_style_7&#8243;:\u00bb\u00bb,\u00bbicon_image_7&#8243;:\u00bb\u00bb,\u00bbcontent_7&#8243;:[{\u00abcomponent\u00bb:\u00bbhc_text_block\u00bb,\u00bbid\u00bb:\u00bbDmjNY\u00bb,\u00bbcss_classes\u00bb:\u00bb\u00bb,\u00bbcustom_css_classes\u00bb:\u00bb\u00bb,\u00bbcustom_css_styles\u00bb:\u00bb\u00bb,\u00bbcontent\u00bb:\u00bbActualmente los socios del proyecto europeo e-COM 4 CHILDREN est\u00e1n desarrollando los materiales formativos que incluir\u00e1 la plataforma del curso. Aunque el curso no est\u00e1 disponible, si lo deseas puedes pre-inscribirte, y formar parte del grupo potencial de usuarios que  podr\u00e1n participar en la fase de pruebas del MOOC adaptativo e-COM 4 CHILDREN, antes de su lanzamiento.  El proyecto finaliza en marzo de 2020.\u00bb}],\u00bbname_8&#8243;:\u00bb\u00bb,\u00bbicon_8&#8243;:\u00bb\u00bb,\u00bbicon_style_8&#8243;:\u00bb\u00bb,\u00bbicon_image_8&#8243;:\u00bb\u00bb,\u00bbcontent_8&#8243;:[],\u00bbname_9&#8243;:\u00bb\u00bb,\u00bbicon_9&#8243;:\u00bb\u00bb,\u00bbicon_style_9&#8243;:\u00bb\u00bb,\u00bbicon_image_9&#8243;:\u00bb\u00bb,\u00bbcontent_9&#8243;:[],\u00bbname_10&#8243;:\u00bb\u00bb,\u00bbicon_10&#8243;:\u00bb\u00bb,\u00bbicon_style_10&#8243;:\u00bb\u00bb,\u00bbicon_image_10&#8243;:\u00bb\u00bb,\u00bbcontent_10&#8243;:[],\u00bbopen_type\u00bb:\u00bb\u00bb,\u00bbtime\u00bb:\u00bb\u00bb,\u00bbopen\u00bb:\u00bb\u00bb}]},{\u00abcomponent\u00bb:\u00bbhc_column\u00bb,\u00bbid\u00bb:\u00bbcolumn_2gIyi\u00bb,\u00bbcolumn_width\u00bb:\u00bbcol-md-6&#8243;,\u00bbanimation\u00bb:\u00bb\u00bb,\u00bbanimation_time\u00bb:\u00bb\u00bb,\u00bbtimeline_animation\u00bb:\u00bb\u00bb,\u00bbtimeline_delay\u00bb:\u00bb\u00bb,\u00bbtimeline_order\u00bb:\u00bb\u00bb,\u00bbcss_classes\u00bb:\u00bbtext-center \u00ab,\u00bbcustom_css_classes\u00bb:\u00bb\u00bb,\u00bbcustom_css_styles\u00bb:\u00bbpadding-left:30px;\u00bb,\u00bbmain_content\u00bb:[{\u00abcomponent\u00bb:\u00bbhc_title_tag\u00bb,\u00bbid\u00bb:\u00bbXBkIJ\u00bb,\u00bbcss_classes\u00bb:\u00bb\u00bb,\u00bbcustom_css_classes\u00bb:\u00bb\u00bb,\u00bbcustom_css_styles\u00bb:\u00bb\u00bb,\u00bbtext\u00bb:\u00bbSobre el COMIC interactivo\u00bb,\u00bbtag\u00bb:\u00bbh2&#8243;},{\u00abcomponent\u00bb:\u00bbhc_accordion\u00bb,\u00bbid\u00bb:\u00bb9FiHw\u00bb,\u00bbcss_classes\u00bb:\u00bb\u00bb,\u00bbcustom_css_classes\u00bb:\u00bb\u00bb,\u00bbcustom_css_styles\u00bb:\u00bb\u00bb,\u00bbname_1&#8243;:\u00bb\u00bfQu\u00e9 es el COMIC interactivo?\u00bb,\u00bbicon_1&#8243;:\u00bb\u00bb,\u00bbicon_style_1&#8243;:\u00bb\u00bb,\u00bbicon_image_1&#8243;:\u00bb\u00bb,\u00bbcontent_1&#8243;:[{\u00abcomponent\u00bb:\u00bbhc_text_block\u00bb,\u00bbid\u00bb:\u00bb13bqq\u00bb,\u00bbcss_classes\u00bb:\u00bb\u00bb,\u00bbcustom_css_classes\u00bb:\u00bb\u00bb,\u00bbcustom_css_styles\u00bb:\u00bb\u00bb,\u00bbcontent\u00bb:\u00bbSe trata de un ebook en formato de comic, donde el proceso de aprendizaje se basa en la narraci\u00f3n de una historia. Las historias son una herramienta efectiva en educaci\u00f3n cuando los alumnos se sienten identificados y por tanto, las recuerdan. Con el COMIC aprender\u00e1s a comprar productos infantiles seguros en internet, y podr\u00e1s evaluar tu nivel de competencia con amenos casos pr\u00e1cticos\u00bb}],\u00bbname_2&#8243;:\u00bb\u00bfA qui\u00e9n va dirigido? \u00ab,\u00bbicon_2&#8243;:\u00bb\u00bb,\u00bbicon_style_2&#8243;:\u00bb\u00bb,\u00bbicon_image_2&#8243;:\u00bb\u00bb,\u00bbcontent_2&#8243;:[{\u00abcomponent\u00bb:\u00bbhc_text_block\u00bb,\u00bbid\u00bb:\u00bb76QxZ\u00bb,\u00bbcss_classes\u00bb:\u00bb\u00bb,\u00bbcustom_css_classes\u00bb:\u00bb\u00bb,\u00bbcustom_css_styles\u00bb:\u00bb\u00bb,\u00bbcontent\u00bb:\u00bbEl COMIC interactivo est\u00e1 concebido como una herramienta de formaci\u00f3n para el personal de las asociaciones de consumidores y para los consumidores en general, con un lenguaje directo y sencillo.\u00bb}],\u00bbname_3&#8243;:\u00bbSoy profesor, \u00bfme puede ayudar esta herramienta en mis clases?\u00bb,\u00bbicon_3&#8243;:\u00bb\u00bb,\u00bbicon_style_3&#8243;:\u00bb\u00bb,\u00bbicon_image_3&#8243;:\u00bb\u00bb,\u00bbcontent_3&#8243;:[{\u00abcomponent\u00bb:\u00bbhc_text_block\u00bb,\u00bbid\u00bb:\u00bbyVPni\u00bb,\u00bbcss_classes\u00bb:\u00bb\u00bb,\u00bbcustom_css_classes\u00bb:\u00bb\u00bb,\u00bbcustom_css_styles\u00bb:\u00bb\u00bb,\u00bbcontent\u00bb:\u00bbLa compra online de productos de consumo es una pr\u00e1ctica de la vida diaria para la que los consumidores deben estar formados. Puedes utilizar esta herramienta  en clase con tus alumnos, futuros consumidores, y concienciarlos as\u00ed de la importancia de saber comprar en internet con todas las garant\u00edas. \u00ab}],\u00bbname_4&#8243;:\u00bb\u00bb,\u00bbicon_4&#8243;:\u00bb\u00bb,\u00bbicon_style_4&#8243;:\u00bb\u00bb,\u00bbicon_image_4&#8243;:\u00bb\u00bb,\u00bbcontent_4&#8243;:[],\u00bbname_5&#8243;:\u00bb\u00bb,\u00bbicon_5&#8243;:\u00bb\u00bb,\u00bbicon_style_5&#8243;:\u00bb\u00bb,\u00bbicon_image_5&#8243;:\u00bb\u00bb,\u00bbcontent_5&#8243;:[],\u00bbname_6&#8243;:\u00bb\u00bb,\u00bbicon_6&#8243;:\u00bb\u00bb,\u00bbicon_style_6&#8243;:\u00bb\u00bb,\u00bbicon_image_6&#8243;:\u00bb\u00bb,\u00bbcontent_6&#8243;:[],\u00bbname_7&#8243;:\u00bb\u00bb,\u00bbicon_7&#8243;:\u00bb\u00bb,\u00bbicon_style_7&#8243;:\u00bb\u00bb,\u00bbicon_image_7&#8243;:\u00bb\u00bb,\u00bbcontent_7&#8243;:[],\u00bbname_8&#8243;:\u00bb\u00bb,\u00bbicon_8&#8243;:\u00bb\u00bb,\u00bbicon_style_8&#8243;:\u00bb\u00bb,\u00bbicon_image_8&#8243;:\u00bb\u00bb,\u00bbcontent_8&#8243;:[],\u00bbname_9&#8243;:\u00bb\u00bb,\u00bbicon_9&#8243;:\u00bb\u00bb,\u00bbicon_style_9&#8243;:\u00bb\u00bb,\u00bbicon_image_9&#8243;:\u00bb\u00bb,\u00bbcontent_9&#8243;:[],\u00bbname_10&#8243;:\u00bb\u00bb,\u00bbicon_10&#8243;:\u00bb\u00bb,\u00bbicon_style_10&#8243;:\u00bb\u00bb,\u00bbicon_image_10&#8243;:\u00bb\u00bb,\u00bbcontent_10&#8243;:[],\u00bbopen_type\u00bb:\u00bb\u00bb,\u00bbtime\u00bb:\u00bb\u00bb,\u00bbopen\u00bb:\u00bb\u00bb}]}],\u00bbsection_settings\u00bb:\u00bb\u00bb},\u00bbcolumn_ka9aZ\u00bb:{\u00abid\u00bb:\u00bbcolumn_ka9aZ\u00bb,\u00bbmain_content\u00bb:{\u00abcomponent\u00bb:\u00bbhc_title_tag\u00bb,\u00bbid\u00bb:\u00bbm5BNb\u00bb,\u00bbcss_classes\u00bb:\u00bb\u00bb,\u00bbcustom_css_classes\u00bb:\u00bb\u00bb,\u00bbcustom_css_styles\u00bb:\u00bb\u00bb,\u00bbtext\u00bb:\u00bbSobre el MOOC adaptativo\u00bb,\u00bbtag\u00bb:\u00bbh2&#8243;}},\u00bbcolumn_NmddP\u00bb:{\u00abid\u00bb:\u00bbcolumn_NmddP\u00bb,\u00bbmain_content\u00bb:{\u00abcomponent\u00bb:\u00bbhc_accordion\u00bb,\u00bbid\u00bb:\u00bb9FiHw\u00bb,\u00bbcss_classes\u00bb:\u00bb\u00bb,\u00bbcustom_css_classes\u00bb:\u00bb\u00bb,\u00bbcustom_css_styles\u00bb:\u00bb\u00bb,\u00bbname_1&#8243;:\u00bb\u00bfQu\u00e9 es el COMIC interactivo?\u00bb,\u00bbicon_1&#8243;:\u00bb\u00bb,\u00bbicon_style_1&#8243;:\u00bb\u00bb,\u00bbicon_image_1&#8243;:\u00bb\u00bb,\u00bbcontent_1&#8243;:[{\u00abcomponent\u00bb:\u00bbhc_text_block\u00bb,\u00bbid\u00bb:\u00bb13bqq\u00bb,\u00bbcss_classes\u00bb:\u00bb\u00bb,\u00bbcustom_css_classes\u00bb:\u00bb\u00bb,\u00bbcustom_css_styles\u00bb:\u00bb\u00bb,\u00bbcontent\u00bb:\u00bbSe trata de un ebook en formato de comic, donde el proceso de aprendizaje se basa en la narraci\u00f3n de una historia. Las historias son una herramienta efectiva en educaci\u00f3n cuando los alumnos se sienten identificados y por tanto, las recuerdan. Con el COMIC aprender\u00e1s a comprar productos infantiles seguros en internet, y podr\u00e1s evaluar tu nivel de competencia con amenos casos pr\u00e1cticos\u00bb}],\u00bbname_2&#8243;:\u00bb\u00bfA qui\u00e9n va dirigido? \u00ab,\u00bbicon_2&#8243;:\u00bb\u00bb,\u00bbicon_style_2&#8243;:\u00bb\u00bb,\u00bbicon_image_2&#8243;:\u00bb\u00bb,\u00bbcontent_2&#8243;:[{\u00abcomponent\u00bb:\u00bbhc_text_block\u00bb,\u00bbid\u00bb:\u00bb76QxZ\u00bb,\u00bbcss_classes\u00bb:\u00bb\u00bb,\u00bbcustom_css_classes\u00bb:\u00bb\u00bb,\u00bbcustom_css_styles\u00bb:\u00bb\u00bb,\u00bbcontent\u00bb:\u00bbEl COMIC interactivo est\u00e1 concebido como una herramienta de formaci\u00f3n para el personal de las asociaciones de consumidores y para los consumidores en general, con un lenguaje directo y sencillo.\u00bb}],\u00bbname_3&#8243;:\u00bbSoy profesor, \u00bfme puede ayudar esta herramienta en mis clases?\u00bb,\u00bbicon_3&#8243;:\u00bb\u00bb,\u00bbicon_style_3&#8243;:\u00bb\u00bb,\u00bbicon_image_3&#8243;:\u00bb\u00bb,\u00bbcontent_3&#8243;:[{\u00abcomponent\u00bb:\u00bbhc_text_block\u00bb,\u00bbid\u00bb:\u00bbyVPni\u00bb,\u00bbcss_classes\u00bb:\u00bb\u00bb,\u00bbcustom_css_classes\u00bb:\u00bb\u00bb,\u00bbcustom_css_styles\u00bb:\u00bb\u00bb,\u00bbcontent\u00bb:\u00bbLa compra online de productos de consumo es una pr\u00e1ctica de la vida diaria para la que los consumidores deben estar formados. Puedes utilizar esta herramienta  en clase con tus alumnos, futuros consumidores, y concienciarlos as\u00ed de la importancia de saber comprar en internet con todas las garant\u00edas. \u00ab}],\u00bbname_4&#8243;:\u00bb\u00bb,\u00bbicon_4&#8243;:\u00bb\u00bb,\u00bbicon_style_4&#8243;:\u00bb\u00bb,\u00bbicon_image_4&#8243;:\u00bb\u00bb,\u00bbcontent_4&#8243;:[],\u00bbname_5&#8243;:\u00bb\u00bb,\u00bbicon_5&#8243;:\u00bb\u00bb,\u00bbicon_style_5&#8243;:\u00bb\u00bb,\u00bbicon_image_5&#8243;:\u00bb\u00bb,\u00bbcontent_5&#8243;:[],\u00bbname_6&#8243;:\u00bb\u00bb,\u00bbicon_6&#8243;:\u00bb\u00bb,\u00bbicon_style_6&#8243;:\u00bb\u00bb,\u00bbicon_image_6&#8243;:\u00bb\u00bb,\u00bbcontent_6&#8243;:[],\u00bbname_7&#8243;:\u00bb\u00bb,\u00bbicon_7&#8243;:\u00bb\u00bb,\u00bbicon_style_7&#8243;:\u00bb\u00bb,\u00bbicon_image_7&#8243;:\u00bb\u00bb,\u00bbcontent_7&#8243;:[],\u00bbname_8&#8243;:\u00bb\u00bb,\u00bbicon_8&#8243;:\u00bb\u00bb,\u00bbicon_style_8&#8243;:\u00bb\u00bb,\u00bbicon_image_8&#8243;:\u00bb\u00bb,\u00bbcontent_8&#8243;:[],\u00bbname_9&#8243;:\u00bb\u00bb,\u00bbicon_9&#8243;:\u00bb\u00bb,\u00bbicon_style_9&#8243;:\u00bb\u00bb,\u00bbicon_image_9&#8243;:\u00bb\u00bb,\u00bbcontent_9&#8243;:[],\u00bbname_10&#8243;:\u00bb\u00bb,\u00bbicon_10&#8243;:\u00bb\u00bb,\u00bbicon_style_10&#8243;:\u00bb\u00bb,\u00bbicon_image_10&#8243;:\u00bb\u00bb,\u00bbcontent_10&#8243;:[],\u00bbopen_type\u00bb:\u00bb\u00bb,\u00bbtime\u00bb:\u00bb\u00bb,\u00bbopen\u00bb:\u00bb\u00bb}},\u00bbscripts\u00bb:{\u00abcomponents\u00bb:\u00bbjquery.tab-accordion.js\u00bb},\u00bbcss\u00bb:{\u00abcomponents\u00bb:\u00bbcss\/components.css\u00bb},\u00bbcss_page\u00bb:\u00bb\u00bb,\u00bbtemplate_setting\u00bb:{\u00absettings\u00bb:{\u00abid\u00bb:\u00bbsettings\u00bb}},\u00bbtemplate_setting_top\u00bb:{},\u00bbpage_setting\u00bb:{\u00absettings\u00bb:[\u00ablock-mode-off\u00bb]}}<\/p>\n","protected":false},"excerpt":{"rendered":"<p>{\u00abmain-title\u00bb:{\u00abcomponent\u00bb:\u00bbhc_title\u00bb,\u00bbid\u00bb:\u00bbmain-title\u00bb,\u00bbsubtitle\u00bb:\u00bb\u00bb,\u00bbtitle_content\u00bb:{\u00abcomponent\u00bb:\u00bbhc_title_base\u00bb,\u00bbid\u00bb:\u00bbtitle-base\u00bb,\u00bbimage\u00bb:\u00bbhttp:\/\/www.ecom4children.eu\/wp-content\/uploads\/2018\/04\/fondo-color-1024&#215;427.jpg|800|1920|366&#8243;,\u00bbbreadcrumbs\u00bb:false,\u00bbwhite\u00bb:true},\u00bbtitle\u00bb:\u00bbFAQs\u00bb},\u00bbsection_5ZtkF\u00bb:{\u00abcomponent\u00bb:\u00bbhc_section\u00bb,\u00bbid\u00bb:\u00bbsection_5ZtkF\u00bb,\u00bbsection_width\u00bb:\u00bb\u00bb,\u00bbanimation\u00bb:\u00bb\u00bb,\u00bbanimation_time\u00bb:\u00bb\u00bb,\u00bbtimeline_animation\u00bb:\u00bb\u00bb,\u00bbtimeline_delay\u00bb:\u00bb\u00bb,\u00bbtimeline_order\u00bb:\u00bb\u00bb,\u00bbvertical_row\u00bb:\u00bb\u00bb,\u00bbbox_middle\u00bb:\u00bb\u00bb,\u00bbcss_classes\u00bb:\u00bb\u00bb,\u00bbcustom_css_classes\u00bb:\u00bb\u00bb,\u00bbcustom_css_styles\u00bb:\u00bb\u00bb,\u00bbsection_content\u00bb:[{\u00abcomponent\u00bb:\u00bbhc_column\u00bb,\u00bbid\u00bb:\u00bbcolumn_sc9bi\u00bb,\u00bbcolumn_width\u00bb:\u00bbcol-md-6&#8243;,\u00bbanimation\u00bb:\u00bb\u00bb,\u00bbanimation_time\u00bb:\u00bb\u00bb,\u00bbtimeline_animation\u00bb:\u00bb\u00bb,\u00bbtimeline_delay\u00bb:\u00bb\u00bb,\u00bbtimeline_order\u00bb:\u00bb\u00bb,\u00bbcss_classes\u00bb:\u00bb\u00bb,\u00bbcustom_css_classes\u00bb:\u00bb\u00bb,\u00bbcustom_css_styles\u00bb:\u00bbpadding-right:30px;\u00bb,\u00bbmain_content\u00bb:[{\u00abcomponent\u00bb:\u00bbhc_title_tag\u00bb,\u00bbid\u00bb:\u00bbm5BNb\u00bb,\u00bbcss_classes\u00bb:\u00bb\u00bb,\u00bbcustom_css_classes\u00bb:\u00bb\u00bb,\u00bbcustom_css_styles\u00bb:\u00bb\u00bb,\u00bbtext\u00bb:\u00bbSobre el MOOC adaptativo\u00bb,\u00bbtag\u00bb:\u00bbh2&#8243;},{\u00abcomponent\u00bb:\u00bbhc_accordion\u00bb,\u00bbid\u00bb:\u00bbQhOd3&#8243;,\u00bbcss_classes\u00bb:\u00bb\u00bb,\u00bbcustom_css_classes\u00bb:\u00bb\u00bb,\u00bbcustom_css_styles\u00bb:\u00bb\u00bb,\u00bbname_1&#8243;:\u00bb\u00bfQu\u00e9 es un MOOC adaptativo?\u00bb,\u00bbicon_1&#8243;:\u00bb\u00bb,\u00bbicon_style_1&#8243;:\u00bb\u00bb,\u00bbicon_image_1&#8243;:\u00bb\u00bb,\u00bbcontent_1&#8243;:[{\u00abcomponent\u00bb:\u00bbhc_text_block\u00bb,\u00bbid\u00bb:\u00bbK79oA\u00bb,\u00bbcss_classes\u00bb:\u00bb\u00bb,\u00bbcustom_css_classes\u00bb:\u00bb\u00bb,\u00bbcustom_css_styles\u00bb:\u00bb\u00bb,\u00bbcontent\u00bb:\u00bbEs un curso abierto online en formato MOOC, que ofrece al usuario la posibilidad de elegir una serie de m\u00f3dulos formativos seg\u00fan sus deseos o siguiendo una recomendaci\u00f3n basada en el diagn\u00f3stico de su perfil y necesidades. MOOC es el acr\u00f3nimo en ingl\u00e9s de Massive Online Open Courses [&hellip;]<\/p>\n","protected":false},"author":2,"featured_media":0,"parent":0,"menu_order":0,"comment_status":"closed","ping_status":"closed","template":"","meta":[],"_links":{"self":[{"href":"https:\/\/www.ecom4children.eu\/es\/wp-json\/wp\/v2\/pages\/439"}],"collection":[{"href":"https:\/\/www.ecom4children.eu\/es\/wp-json\/wp\/v2\/pages"}],"about":[{"href":"https:\/\/www.ecom4children.eu\/es\/wp-json\/wp\/v2\/types\/page"}],"author":[{"embeddable":true,"href":"https:\/\/www.ecom4children.eu\/es\/wp-json\/wp\/v2\/users\/2"}],"replies":[{"embeddable":true,"href":"https:\/\/www.ecom4children.eu\/es\/wp-json\/wp\/v2\/comments?post=439"}],"version-history":[{"count":10,"href":"https:\/\/www.ecom4children.eu\/es\/wp-json\/wp\/v2\/pages\/439\/revisions"}],"predecessor-version":[{"id":608,"href":"https:\/\/www.ecom4children.eu\/es\/wp-json\/wp\/v2\/pages\/439\/revisions\/608"}],"wp:attachment":[{"href":"https:\/\/www.ecom4children.eu\/es\/wp-json\/wp\/v2\/media?parent=439"}],"curies":[{"name":"wp","href":"https:\/\/api.w.org\/{rel}","templated":true}]}}