{"id":1287,"date":"2019-01-23T09:38:01","date_gmt":"2019-01-23T08:38:01","guid":{"rendered":"https:\/\/www.ecom4children.eu\/?page_id=1287"},"modified":"2019-01-23T09:46:09","modified_gmt":"2019-01-23T08:46:09","slug":"politica-de-privacidad","status":"publish","type":"page","link":"https:\/\/www.ecom4children.eu\/es\/politica-de-privacidad\/","title":{"rendered":"Pol\u00edtica de Privacidad"},"content":{"rendered":"<p>{\u00abmain-title\u00bb:{\u00abcomponent\u00bb:\u00bbhc_title\u00bb,\u00bbid\u00bb:\u00bbmain-title\u00bb,\u00bbsubtitle\u00bb:\u00bbde www.ecom4children.eu\u00bb,\u00bbtitle_content\u00bb:{\u00abcomponent\u00bb:\u00bbhc_title_base\u00bb,\u00bbid\u00bb:\u00bbtitle-base\u00bb,\u00bbimage\u00bb:\u00bbhttps:\/\/www.ecom4children.eu\/wp-content\/uploads\/2018\/04\/fondo-color-1024&#215;427.jpg|800|1920|366&#8243;,\u00bbbreadcrumbs\u00bb:true,\u00bbwhite\u00bb:true},\u00bbtitle\u00bb:\u00bbPol\u00edtica de Privacidad\u00bb},\u00bbsection_5ZtkF\u00bb:{\u00abcomponent\u00bb:\u00bbhc_section\u00bb,\u00bbid\u00bb:\u00bbsection_5ZtkF\u00bb,\u00bbsection_width\u00bb:\u00bb\u00bb,\u00bbanimation\u00bb:\u00bb\u00bb,\u00bbanimation_time\u00bb:\u00bb\u00bb,\u00bbtimeline_animation\u00bb:\u00bb\u00bb,\u00bbtimeline_delay\u00bb:\u00bb\u00bb,\u00bbtimeline_order\u00bb:\u00bb\u00bb,\u00bbvertical_row\u00bb:\u00bb\u00bb,\u00bbbox_middle\u00bb:\u00bb\u00bb,\u00bbcss_classes\u00bb:\u00bb\u00bb,\u00bbcustom_css_classes\u00bb:\u00bb\u00bb,\u00bbcustom_css_styles\u00bb:\u00bb\u00bb,\u00bbsection_content\u00bb:[{\u00abcomponent\u00bb:\u00bbhc_column\u00bb,\u00bbid\u00bb:\u00bbcolumn_Y4bDQ\u00bb,\u00bbcolumn_width\u00bb:\u00bbcol-md-12&#8243;,\u00bbanimation\u00bb:\u00bb\u00bb,\u00bbanimation_time\u00bb:\u00bb\u00bb,\u00bbtimeline_animation\u00bb:\u00bb\u00bb,\u00bbtimeline_delay\u00bb:\u00bb\u00bb,\u00bbtimeline_order\u00bb:\u00bb\u00bb,\u00bbcss_classes\u00bb:\u00bb\u00bb,\u00bbcustom_css_classes\u00bb:\u00bb\u00bb,\u00bbcustom_css_styles\u00bb:\u00bb\u00bb,\u00bbmain_content\u00bb:[{\u00abcomponent\u00bb:\u00bbhc_wp_editor\u00bb,\u00bbid\u00bb:\u00bbywepW\u00bb,\u00bbcss_classes\u00bb:\u00bb\u00bb,\u00bbcustom_css_classes\u00bb:\u00bb\u00bb,\u00bbcustom_css_styles\u00bb:\u00bb\u00bb,\u00bbeditor_content\u00bb:\u00bb<\/p>\n<h3>\u00bfQUI\u00c9N ES EL RESPONSABLE DEL TRATAMIENTO?<\/h3>\n<p>\\n<\/p>\n<ul>\\n \\t<\/p>\n<li><strong>Identidad del responsable<\/strong>. AIJU-ASOCIACI\u00d3N DE INVESTIGACI\u00d3N DE LA INDUSTRIA DEL JUGUETE, CONEXAS Y AFINES , CIF: G03182862<\/li>\n<p>\\n \\t<\/p>\n<li><strong>Domicilio<\/strong>. AV. DE LA INDUSTRIA, 23. 03440, IBI (ALICANTE)<\/li>\n<p>\\n \\t<\/p>\n<li><strong>Correo electr\u00f3nico<\/strong>. <a href=\\\"mailto:ecom4children@aiju.info\\\">ecom4children@aiju.info<\/a><\/li>\n<p>\\n \\t<\/p>\n<li><strong>Tel\u00e9fono<\/strong>. 96 555 44 75<\/li>\n<p>\\n<\/ul>\n<p>\\n<\/p>\n<h3>\u00bfCON QU\u00c9 FINALIDAD TRATAMOS LOS DATOS PERSONALES?<\/h3>\n<p>\\nEn WWW.ECOM4CHILDREN.EU se tratan los datos personales con las siguientes finalidades:\\n<\/p>\n<ul>\\n \\t<\/p>\n<li>Contacto: responder a las solicitudes de informaci\u00f3n recibidas sobre los productos y servicios que se ofrecen, as\u00ed como dar respuesta a cualquier otro tipo de pregunta que env\u00eden los usuarios<\/li>\n<p>\\n \\t<\/p>\n<li>Preinscripciones a cursos: La finalidad del tratamiento de los datos se basa en llevar a cabo la gesti\u00f3n la preinscripci\u00f3n, participaci\u00f3n, impartici\u00f3n y seguimiento posterior de los participantes en el curso e-COM 4 CHILDREN<\/li>\n<p>\\n \\t<\/p>\n<li>Bolet\u00edn de noticias: Enviar por correo electr\u00f3nico a la direcci\u00f3n de email facilitada por el usuario el bolet\u00edn bolet\u00edn de noticias e-COM 4 CHILDREN e informaci\u00f3n relacionadas con las actividades del proyecto.<\/li>\n<p>\\n \\t<\/p>\n<li>Informaci\u00f3n de eventos: Enviar por correo electr\u00f3nico a la direcci\u00f3n de email facilitada por el usuario informaci\u00f3n acerca de los eventos de las siguientes temas: presentaci\u00f3n de resultados, seguridad de producto, obligaciones de los productores y derechos del consumidores desde la perspectiva del comercio online.<\/li>\n<p>\\n<\/ul>\n<p>\\n<\/p>\n<h3>\u00bfDURANTE CU\u00c1NTO TRATAMOS LOS DATOS PERSONALES?<\/h3>\n<p>\\nEn WWW.ECOM4CHILDREN.EU se tratan los datos personales durante los siguientes plazos:\\n<\/p>\n<ul>\\n \\t<\/p>\n<li>Contacto: el plazo de conservaci\u00f3n de los datos ser\u00e1 mientras el usuario no manifieste su derecho de supresi\u00f3n<\/li>\n<p>\\n \\t<\/p>\n<li>Preinscripci\u00f3n a cursos: Los datos se conservar\u00e1n durante el plazo de prescripci\u00f3n de acciones legales que pudieran derivarse.<\/li>\n<p>\\n \\t<\/p>\n<li>Bolet\u00edn de noticias: el plazo de conservaci\u00f3n de los datos ser\u00e1 mientras el usuario no manifieste su derecho de supresi\u00f3n<\/li>\n<p>\\n \\t<\/p>\n<li>Informaci\u00f3n de eventos: el plazo de conservaci\u00f3n de los datos ser\u00e1 mientras el usuario no manifieste su derecho de supresi\u00f3n<\/li>\n<p>\\n<\/ul>\n<p>\\n<\/p>\n<h3>\u00bfCU\u00c1L ES LA LEGITIMACI\u00d3N PARA EL TRATAMIENTO DE LOS DATOS?<\/h3>\n<p>\\nAl acceder a nuestra web y rellenar los formularios o enviarnos datos a trav\u00e9s de los medios de contacto electr\u00f3nicos indicados, aceptas esta Pol\u00edtica de Privacidad. Es por ello, que nos basamos en el consentimiento del usuario para los siguiente tratamiento de sus datos:\\n<\/p>\n<ul>\\n \\t<\/p>\n<li>Formulario de contacto<\/li>\n<p>\\n \\t<\/p>\n<li>Formulario para la preinscripci\u00f3n a cursos<\/li>\n<p>\\n \\t<\/p>\n<li>Bolet\u00edn de noticias<\/li>\n<p>\\n \\t<\/p>\n<li>Informaci\u00f3n a eventos.<\/li>\n<p>\\n<\/ul>\n<p>\\nAdicionalmente, te informamos que s\u00f3lo usaremos la informaci\u00f3n de car\u00e1cter personal en virtud de esta Pol\u00edtica de Privacidad y, con car\u00e1cter general, solicitaremos tu consentimiento para usos con fines distintos de aqu\u00e9llos para los cuales los otorgaste inicialmente. Finalmente, te informamos que puedes retirar el consentimiento en cualquier momento, solo tendr\u00e1s que ponerte en contacto con nosotros a trav\u00e9s de los medios indicados en esta pol\u00edtica de privacidad.\\n<\/p>\n<h3>\u00bfCON QUI\u00c9N COMPARTIMOS LOS DATOS PERSONALES?<\/h3>\n<p>\\nLos datos personales recabados no ser\u00e1n en ning\u00fan caso cedidos a terceros ni hechos p\u00fablicos, salvo en los supuestos en que lo consienta, participe voluntariamente o por obligaciones legales expresas. Aplica para los siguientes tratamientos:\\n<\/p>\n<ul>\\n \\t<\/p>\n<li>Formulario de contacto<\/li>\n<p>\\n \\t<\/p>\n<li>Formulario para la preinscripci\u00f3n a cursos<\/li>\n<p>\\n \\t<\/p>\n<li>Bolet\u00edn de noticias<\/li>\n<p>\\n \\t<\/p>\n<li>Informaci\u00f3n de eventos<\/li>\n<p>\\n<\/ul>\n<p>\\nNo se realizan transferencias internacionales para ninguno de los tratamiento.\\n<\/p>\n<h3>\u00bfQU\u00c9 DERECHOS PUEDES EJERCER?<\/h3>\n<p>\\nLa protecci\u00f3n de los datos de car\u00e1cter personal es un derecho fundamental. Es por ello que, seg\u00fan la normativa europea los derechos que le asisten son los siguientes:\\n<\/p>\n<ul>\\n \\t<\/p>\n<li>Acceso, derecho a solicitar informaci\u00f3n al responsable de un fichero sobre si sus datos personales est\u00e1n siendo tratados.<\/li>\n<p>\\n \\t<\/p>\n<li>Rectificaci\u00f3n, derecho que permite a la persona afectada solicitar la modificaci\u00f3n de datos que sean inexactos o incompletos.<\/li>\n<p>\\n \\t<\/p>\n<li>Oposici\u00f3n, derecho de una persona a oponerse al tratamiento de sus datos personales o el cese de \u00e9stos.<\/li>\n<p>\\n \\t<\/p>\n<li>Decisiones individuales automatizadas, derecho a no ser objeto de una decisi\u00f3n basada \u00fanicamente en el tratamiento automatizado, incluida la elaboraci\u00f3n de perfiles, que produzca efectos jur\u00eddicos en \u00e9l o le afecte significativamente de modo similar<\/li>\n<p>\\n \\t<\/p>\n<li>Limitaci\u00f3n, derecho a suspender el tratamiento de los datos personales del usuario en determinados supuestos<\/li>\n<p>\\n \\t<\/p>\n<li>Supresi\u00f3n u Olvido, derecho a supresi\u00f3n de los datos personales del interesado<\/li>\n<p>\\n \\t<\/p>\n<li>Portabilidad, derecho a solicitar al responsable del tratamiento que se le faciliten los datos personales en un formato estructurado y claro a otro responsable.<\/li>\n<p>\\n<\/ul>\n<p>\\nEl plazo m\u00e1ximo para la resoluci\u00f3n de la solicitud es de 30 d\u00edas desde su recepci\u00f3n, puede prorrogarse como m\u00e1ximo por un plazo de 2 meses siempre que sea necesario.\\n<\/p>\n<h4>Puede ejercer sus derechos a trav\u00e9s de los siguientes medios:<\/h4>\n<p>\\n<\/p>\n<ul>\\n \\t<\/p>\n<li>Email a <a href=\\\"mailto:rgpd@aiju.info\\\">rgpd@aiju.info<\/a>, aportando documentaci\u00f3n que acredite la identidad del solicitante (copia del anverso del Documento Nacional de Identidad, o equivalente)<\/li>\n<p>\\n \\t<\/p>\n<li>Correo postal a AV. DE LA INDUSTRIA, 23. 03440, IBI (ALICANTE) aportando documentaci\u00f3n que acredite la identidad del solicitante (copia del anverso del Documento Nacional de Identidad, o equivalente)<\/li>\n<p>\\n \\t<\/p>\n<li>En cualquier caso, puede solicitar la tutela de la Agencia Espa\u00f1ola de Protecci\u00f3n de Datos a trav\u00e9s de su p\u00e1gina web (<a href=\\\"https:\/\/www.aepd.es\/\\\" target=\\\"_blank\\\" rel=\\\"noopener\\\">https:\/\/www.aepd.es\/<\/a>)<\/li>\n<p>\\n<\/ul>\n<p>\u00ab}]}],\u00bbsection_settings\u00bb:\u00bb\u00bb},\u00bbscripts\u00bb:{},\u00bbcss\u00bb:{},\u00bbcss_page\u00bb:\u00bb\u00bb,\u00bbtemplate_setting\u00bb:{\u00absettings\u00bb:{\u00abid\u00bb:\u00bbsettings\u00bb}},\u00bbtemplate_setting_top\u00bb:{},\u00bbpage_setting\u00bb:{\u00absettings\u00bb:[\u00ablock-mode-off\u00bb]}}<\/p>\n","protected":false},"excerpt":{"rendered":"<p>{\u00abmain-title\u00bb:{\u00abcomponent\u00bb:\u00bbhc_title\u00bb,\u00bbid\u00bb:\u00bbmain-title\u00bb,\u00bbsubtitle\u00bb:\u00bbde www.ecom4children.eu\u00bb,\u00bbtitle_content\u00bb:{\u00abcomponent\u00bb:\u00bbhc_title_base\u00bb,\u00bbid\u00bb:\u00bbtitle-base\u00bb,\u00bbimage\u00bb:\u00bbhttps:\/\/www.ecom4children.eu\/wp-content\/uploads\/2018\/04\/fondo-color-1024&#215;427.jpg|800|1920|366&#8243;,\u00bbbreadcrumbs\u00bb:true,\u00bbwhite\u00bb:true},\u00bbtitle\u00bb:\u00bbPol\u00edtica de Privacidad\u00bb},\u00bbsection_5ZtkF\u00bb:{\u00abcomponent\u00bb:\u00bbhc_section\u00bb,\u00bbid\u00bb:\u00bbsection_5ZtkF\u00bb,\u00bbsection_width\u00bb:\u00bb\u00bb,\u00bbanimation\u00bb:\u00bb\u00bb,\u00bbanimation_time\u00bb:\u00bb\u00bb,\u00bbtimeline_animation\u00bb:\u00bb\u00bb,\u00bbtimeline_delay\u00bb:\u00bb\u00bb,\u00bbtimeline_order\u00bb:\u00bb\u00bb,\u00bbvertical_row\u00bb:\u00bb\u00bb,\u00bbbox_middle\u00bb:\u00bb\u00bb,\u00bbcss_classes\u00bb:\u00bb\u00bb,\u00bbcustom_css_classes\u00bb:\u00bb\u00bb,\u00bbcustom_css_styles\u00bb:\u00bb\u00bb,\u00bbsection_content\u00bb:[{\u00abcomponent\u00bb:\u00bbhc_column\u00bb,\u00bbid\u00bb:\u00bbcolumn_Y4bDQ\u00bb,\u00bbcolumn_width\u00bb:\u00bbcol-md-12&#8243;,\u00bbanimation\u00bb:\u00bb\u00bb,\u00bbanimation_time\u00bb:\u00bb\u00bb,\u00bbtimeline_animation\u00bb:\u00bb\u00bb,\u00bbtimeline_delay\u00bb:\u00bb\u00bb,\u00bbtimeline_order\u00bb:\u00bb\u00bb,\u00bbcss_classes\u00bb:\u00bb\u00bb,\u00bbcustom_css_classes\u00bb:\u00bb\u00bb,\u00bbcustom_css_styles\u00bb:\u00bb\u00bb,\u00bbmain_content\u00bb:[{\u00abcomponent\u00bb:\u00bbhc_wp_editor\u00bb,\u00bbid\u00bb:\u00bbywepW\u00bb,\u00bbcss_classes\u00bb:\u00bb\u00bb,\u00bbcustom_css_classes\u00bb:\u00bb\u00bb,\u00bbcustom_css_styles\u00bb:\u00bb\u00bb,\u00bbeditor_content\u00bb:\u00bb \u00bfQUI\u00c9N ES EL RESPONSABLE DEL TRATAMIENTO? \\n \\n \\t Identidad del responsable. AIJU-ASOCIACI\u00d3N DE INVESTIGACI\u00d3N DE LA INDUSTRIA DEL JUGUETE, CONEXAS Y AFINES , CIF: G03182862 \\n \\t Domicilio. AV. DE LA INDUSTRIA, 23. 03440, IBI (ALICANTE) \\n \\t Correo electr\u00f3nico. ecom4children@aiju.info \\n \\t Tel\u00e9fono. 96 555 44 75 \\n \\n [&hellip;]<\/p>\n","protected":false},"author":2,"featured_media":0,"parent":0,"menu_order":0,"comment_status":"closed","ping_status":"closed","template":"","meta":[],"_links":{"self":[{"href":"https:\/\/www.ecom4children.eu\/es\/wp-json\/wp\/v2\/pages\/1287"}],"collection":[{"href":"https:\/\/www.ecom4children.eu\/es\/wp-json\/wp\/v2\/pages"}],"about":[{"href":"https:\/\/www.ecom4children.eu\/es\/wp-json\/wp\/v2\/types\/page"}],"author":[{"embeddable":true,"href":"https:\/\/www.ecom4children.eu\/es\/wp-json\/wp\/v2\/users\/2"}],"replies":[{"embeddable":true,"href":"https:\/\/www.ecom4children.eu\/es\/wp-json\/wp\/v2\/comments?post=1287"}],"version-history":[{"count":2,"href":"https:\/\/www.ecom4children.eu\/es\/wp-json\/wp\/v2\/pages\/1287\/revisions"}],"predecessor-version":[{"id":1289,"href":"https:\/\/www.ecom4children.eu\/es\/wp-json\/wp\/v2\/pages\/1287\/revisions\/1289"}],"wp:attachment":[{"href":"https:\/\/www.ecom4children.eu\/es\/wp-json\/wp\/v2\/media?parent=1287"}],"curies":[{"name":"wp","href":"https:\/\/api.w.org\/{rel}","templated":true}]}}