{"id":1391,"date":"2018-06-06T10:41:44","date_gmt":"2018-06-06T08:41:44","guid":{"rendered":"https:\/\/www.ecom4children.eu\/socios\/"},"modified":"2019-02-11T16:55:02","modified_gmt":"2019-02-11T15:55:02","slug":"partneri","status":"publish","type":"page","link":"https:\/\/www.ecom4children.eu\/cs\/partneri\/","title":{"rendered":"Partne\u0159i"},"content":{"rendered":"<p>{&#8222;main-title&#8220;:{&#8222;component&#8220;:&#8220;hc_title&#8220;,&#8220;id&#8220;:&#8220;main-title&#8220;,&#8220;subtitle&#8220;:&#8220;&#8220;,&#8220;title_content&#8220;:{&#8222;component&#8220;:&#8220;hc_title_base&#8220;,&#8220;id&#8220;:&#8220;title-base&#8220;,&#8220;image&#8220;:&#8220;http:\/\/www.ecom4children.eu\/wp-content\/uploads\/2018\/04\/fondo-color-1024&#215;427.jpg|800|1920|366&#8243;,&#8220;breadcrumbs&#8220;:true,&#8220;white&#8220;:true},&#8220;title&#8220;:&#8220;Partne\u0159i&#8220;},&#8220;section_5ZtkF&#8220;:{&#8222;component&#8220;:&#8220;hc_section&#8220;,&#8220;id&#8220;:&#8220;section_5ZtkF&#8220;,&#8220;section_width&#8220;:&#8220;&#8220;,&#8220;animation&#8220;:&#8220;&#8220;,&#8220;animation_time&#8220;:&#8220;&#8220;,&#8220;timeline_animation&#8220;:&#8220;&#8220;,&#8220;timeline_delay&#8220;:&#8220;&#8220;,&#8220;timeline_order&#8220;:&#8220;&#8220;,&#8220;vertical_row&#8220;:&#8220;&#8220;,&#8220;box_middle&#8220;:&#8220;&#8220;,&#8220;css_classes&#8220;:&#8220;&#8220;,&#8220;custom_css_classes&#8220;:&#8220;&#8220;,&#8220;custom_css_styles&#8220;:&#8220;&#8220;,&#8220;section_content&#8220;:[{&#8222;component&#8220;:&#8220;hc_column&#8220;,&#8220;id&#8220;:&#8220;column_HpxMw&#8220;,&#8220;column_width&#8220;:&#8220;col-md-12&#8243;,&#8220;animation&#8220;:&#8220;&#8220;,&#8220;animation_time&#8220;:&#8220;&#8220;,&#8220;timeline_animation&#8220;:&#8220;&#8220;,&#8220;timeline_delay&#8220;:&#8220;&#8220;,&#8220;timeline_order&#8220;:&#8220;&#8220;,&#8220;css_classes&#8220;:&#8220;no-paddings-y &#8222;,&#8220;custom_css_classes&#8220;:&#8220;&#8220;,&#8220;custom_css_styles&#8220;:&#8220;margin:0 auto&#8220;,&#8220;main_content&#8220;:[{&#8222;component&#8220;:&#8220;hc_column&#8220;,&#8220;id&#8220;:&#8220;column_UcayN&#8220;,&#8220;column_width&#8220;:&#8220;col-md-4&#8243;,&#8220;animation&#8220;:&#8220;&#8220;,&#8220;animation_time&#8220;:&#8220;&#8220;,&#8220;timeline_animation&#8220;:&#8220;&#8220;,&#8220;timeline_delay&#8220;:&#8220;&#8220;,&#8220;timeline_order&#8220;:&#8220;&#8220;,&#8220;css_classes&#8220;:&#8220;no-paddings-y &#8222;,&#8220;custom_css_classes&#8220;:&#8220;&#8220;,&#8220;custom_css_styles&#8220;:&#8220;&#8220;,&#8220;main_content&#8220;:[{&#8222;component&#8220;:&#8220;hc_image&#8220;,&#8220;id&#8220;:&#8220;4oaCx&#8220;,&#8220;css_classes&#8220;:&#8220;&#8220;,&#8220;custom_css_classes&#8220;:&#8220;&#8220;,&#8220;custom_css_styles&#8220;:&#8220;&#8220;,&#8220;image&#8220;:&#8220;http:\/\/www.ecom4children.eu\/wp-content\/uploads\/2018\/04\/logo-aiju-color.png|70|200|404&#8243;,&#8220;alt&#8220;:&#8220;&#8220;,&#8220;thumb_size&#8220;:&#8220;large&#8220;},{&#8222;component&#8220;:&#8220;hc_wp_editor&#8220;,&#8220;id&#8220;:&#8220;Ty2k2&#8243;,&#8220;css_classes&#8220;:&#8220;no-padding-bottom &#8222;,&#8220;custom_css_classes&#8220;:&#8220;&#8220;,&#8220;custom_css_styles&#8220;:&#8220;&#8220;,&#8220;editor_content&#8220;:&#8220;<strong>AIJU, TECHNOLOGICK\u00dd INSTITUT PRO V\u00ddROBKY PRO D\u011aTI A VOLN\u00dd \u010cAS<\/strong>\\nIBI, ALICANTE (\u0160PAN\u011aLSKO)\\n<a href=\\\"http:\/\/www.aiju.info\/\\\" target=\\\"_blank\\\" rel=\\\"noopener\\\">www.aiju.info<\/a>&#8222;}]},{&#8222;component&#8220;:&#8220;hc_column&#8220;,&#8220;id&#8220;:&#8220;column_09WCG&#8220;,&#8220;column_width&#8220;:&#8220;col-md-8&#8243;,&#8220;animation&#8220;:&#8220;&#8220;,&#8220;animation_time&#8220;:&#8220;&#8220;,&#8220;timeline_animation&#8220;:&#8220;&#8220;,&#8220;timeline_delay&#8220;:&#8220;&#8220;,&#8220;timeline_order&#8220;:&#8220;&#8220;,&#8220;css_classes&#8220;:&#8220;no-paddings-y &#8222;,&#8220;custom_css_classes&#8220;:&#8220;&#8220;,&#8220;custom_css_styles&#8220;:&#8220;&#8220;,&#8220;main_content&#8220;:[{&#8222;component&#8220;:&#8220;hc_wp_editor&#8220;,&#8220;id&#8220;:&#8220;Dpzvb&#8220;,&#8220;css_classes&#8220;:&#8220;no-paddings-y &#8222;,&#8220;custom_css_classes&#8220;:&#8220;&#8220;,&#8220;custom_css_styles&#8220;:&#8220;&#8220;,&#8220;editor_content&#8220;:&#8220;Technologick\u00fd institut pro v\u00fdrobky pro d\u011bti a voln\u00fd \u010das (AIJU), byl zalo\u017een v roce 1985 jako neziskov\u00e1 organizace poskytuj\u00edc\u00ed podporu odv\u011btv\u00ed v\u00fdroby pro d\u011bti a voln\u00fd \u010das, v oblasti v\u00fdzkumu a v\u00fdvoje, s c\u00edlem, zv\u00fd\u0161it \u00farove\u0148 bezpe\u010dnosti a kvality t\u011bchto v\u00fdrobk\u016f. AIJU&nbsp;m\u00e1 v sou\u010dasn\u00e9 dob\u011b 450 p\u0159idru\u017een\u00fdch organizac\u00ed a pracovn\u00ed t\u00fdm 80 odborn\u00edk\u016f specializuj\u00edc\u00edch se na bezpe\u010dnost v\u00fdrobk\u016f, chov\u00e1n\u00ed spot\u0159ebitel\u016f, v\u00fduku a pr\u016fmyslov\u00e9 inovace.&nbsp;&nbsp;AIJU je&nbsp;\u010dlenem \u0159ady sdru\u017een\u00ed a tak\u00e9 n\u00e1rodn\u00edch i evropsk\u00fdch t\u00fdm\u016f zam\u011b\u0159en\u00fdch na bezpe\u010dnost v\u00fdrobk\u016f, jako jsou hra\u010dky, d\u011btsk\u00fd n\u00e1bytek a v\u00fdrobky pro p\u00e9\u010di o d\u011bti.&#8220;}]}]},{&#8222;component&#8220;:&#8220;hc_column&#8220;,&#8220;id&#8220;:&#8220;column_gCRl2&#8243;,&#8220;column_width&#8220;:&#8220;col-md-12&#8243;,&#8220;animation&#8220;:&#8220;&#8220;,&#8220;animation_time&#8220;:&#8220;&#8220;,&#8220;timeline_animation&#8220;:&#8220;&#8220;,&#8220;timeline_delay&#8220;:&#8220;&#8220;,&#8220;timeline_order&#8220;:&#8220;&#8220;,&#8220;css_classes&#8220;:&#8220;no-paddings-y &#8222;,&#8220;custom_css_classes&#8220;:&#8220;&#8220;,&#8220;custom_css_styles&#8220;:&#8220;margin:0 auto&#8220;,&#8220;main_content&#8220;:[{&#8222;component&#8220;:&#8220;hc_column&#8220;,&#8220;id&#8220;:&#8220;column_46imt&#8220;,&#8220;column_width&#8220;:&#8220;col-md-6&#8243;,&#8220;animation&#8220;:&#8220;&#8220;,&#8220;animation_time&#8220;:&#8220;&#8220;,&#8220;timeline_animation&#8220;:&#8220;&#8220;,&#8220;timeline_delay&#8220;:&#8220;&#8220;,&#8220;timeline_order&#8220;:&#8220;&#8220;,&#8220;css_classes&#8220;:&#8220;no-paddings-y &#8222;,&#8220;custom_css_classes&#8220;:&#8220;&#8220;,&#8220;custom_css_styles&#8220;:&#8220;padding-right:40px&#8220;,&#8220;main_content&#8220;:[{&#8222;component&#8220;:&#8220;hc_image&#8220;,&#8220;id&#8220;:&#8220;sBBiE&#8220;,&#8220;css_classes&#8220;:&#8220;no-paddings-y &#8222;,&#8220;custom_css_classes&#8220;:&#8220;&#8220;,&#8220;custom_css_styles&#8220;:&#8220;&#8220;,&#8220;image&#8220;:&#8220;http:\/\/www.ecom4children.eu\/wp-content\/uploads\/2018\/04\/logo-univpm-color.png|70|200|408&#8243;,&#8220;alt&#8220;:&#8220;&#8220;,&#8220;thumb_size&#8220;:&#8220;large&#8220;},{&#8222;component&#8220;:&#8220;hc_wp_editor&#8220;,&#8220;id&#8220;:&#8220;ECXMK&#8220;,&#8220;css_classes&#8220;:&#8220;no-paddings-y &#8222;,&#8220;custom_css_classes&#8220;:&#8220;&#8220;,&#8220;custom_css_styles&#8220;:&#8220;&#8220;,&#8220;editor_content&#8220;:&#8220;<strong>UNIVERZITA POLITECNICA DELLE MARCHE (UNIVPM)<\/strong>\\nANCONA (IT\u00c1LIE)\\n<a href=\\\"http:\/\/www.univpm.it\\\" target=\\\"_blank\\\" rel=\\\"noopener\\\">www.univpm.it<\/a>\\n\\nAnconsk\u00e1 univerzita byla zalo\u017eena v roce 1969 jako Free university of Ancona se t\u0159emi fakultami l\u00e9ka\u0159skou, technickou a biologie. Jako st\u00e1tn\u00ed &nbsp;univerzita byla definitivn\u011b uzn\u00e1na&nbsp;ve velmi kr\u00e1tk\u00e9m \u010dase, konkr\u00e9tn\u011b dne 18. ledna 1971.\\nFakulta ekonomiky a obchodu byla bezprost\u0159edn\u011b z\u0159\u00edzena v akademick\u00e9m roce 1988-89, kdy &nbsp;byla tak\u00e9 zalo\u017eena agronomick\u00e1 fakulta,&nbsp; spolu s fakultou matematiky, fyziky a p\u0159\u00edrodn\u00edch v\u011bd, s oborov\u00fdm studiem obecn\u00e9 biologie a specializace v n\u00e1mo\u0159n\u00ed biologii, oce\u00e1nografii a biotechnologii.\\n18. ledna 2003 zm\u011bnila univerzita Ancona n\u00e1zev na \\&#8220;Universit\u00e0 Politecnica delle Marche. V sou\u010dasn\u00e9 dob\u011b m\u00e1 univerzita p\u011bt fakult, 21 r\u016fzn\u00fdch studijn\u00edch obor\u016f v t\u0159\u00edlet\u00e9m studiu, 19 obor\u016f navazuj\u00edc\u00edch ve vy\u0161\u0161\u00ed \u00farovni, 3 samostatn\u00e9 obory ( 1 in\u017een\u00fdring &#8211; 5 let\u00fd, 1 medic\u00edny a chirurgie &#8211; 6 let\u00fd, 1 ortodoncie a protetiky 6 let\u00fd , 11 odborn\u00fdch studijn\u00edch kurz\u016f, 29 specializac\u00ed, a 10 PhD program\u016f. Po\u010d\u00e1te\u010dn\u00ed z\u00e1pis 290 student\u016f pro akademick\u00fd rok 1969-70 postupn\u011b vzrostl na sou\u010dasn\u00fdch 17 000. V padagogick\u00e9m t\u00fdmu je 550 profesor\u016f, asistent\u016f pedagog\u016f a v\u00fdzkumn\u00fdch pracovn\u00edk\u016f, 181 do\u010dasn\u00fdch zam\u011bstnanc\u016f a 605 technick\u00fdch a administrativn\u00edch pracovn\u00edk\u016f.\\nVyu\u010duje se&nbsp;ve t\u0159ech hlavn\u00edch are\u00e1lech. V\u011bdeck\u00fd a technologick\u00fd are\u00e1l&nbsp;v Monte Dago a jeho stavby se mohou pochlubit monument\u00e1ln\u00edm a presti\u017en\u00edm d\u00edlem, kter\u00e9 navrhl Belluschi, italsko-americk\u00fd architekt. V tomto komplexu se nach\u00e1z\u00ed i Fakulta strojn\u00edho in\u017een\u00fdrstv\u00ed, Zem\u011bd\u011blsk\u00e1 fakulta a Fakulta matematiky, fyziky a p\u0159\u00edrodn\u00edch v\u011bd.\\nDruh\u00fd v\u00fdzkumn\u00fd a vzd\u011bl\u00e1vac\u00ed komplex je v Torrette pro biologick\u00e9, v\u011bdeck\u00e9 a klinick\u00e9 pot\u0159eby L\u00e9ka\u0159sk\u00e9 fakulty a chirurgie. T\u0159et\u00ed are\u00e1l je v centru m\u011bsta v historick\u00fdch ex-kas\u00e1rn\u00e1ch Caserma Villarey a s\u00eddl\u00ed zde Fakulta ekonomiky.\\nNa Ekonomick\u00e9 fakult\u011b jsou 2 odd\u011blen\u00ed. V DIMA (Odd\u011blen\u00ed \u0159\u00edzen\u00ed) jsou profeso\u0159i a v\u00fdzkumn\u00ed pracovn\u00edci v oboru pr\u00e1va, profeso\u0159i a v\u011bdci z ekonomie, profeso\u0159i a v\u011bdci z matematiky.\\n\\n&nbsp;&#8222;}]},{&#8222;component&#8220;:&#8220;hc_column&#8220;,&#8220;id&#8220;:&#8220;LpMI3&#8243;,&#8220;column_width&#8220;:&#8220;col-md-6&#8243;,&#8220;animation&#8220;:&#8220;&#8220;,&#8220;animation_time&#8220;:&#8220;&#8220;,&#8220;timeline_animation&#8220;:&#8220;&#8220;,&#8220;timeline_delay&#8220;:&#8220;&#8220;,&#8220;timeline_order&#8220;:&#8220;&#8220;,&#8220;css_classes&#8220;:&#8220;no-paddings-y &#8222;,&#8220;custom_css_classes&#8220;:&#8220;&#8220;,&#8220;custom_css_styles&#8220;:&#8220;&#8220;,&#8220;main_content&#8220;:[{&#8222;component&#8220;:&#8220;hc_image&#8220;,&#8220;id&#8220;:&#8220;8L2wK&#8220;,&#8220;css_classes&#8220;:&#8220;no-paddings-y &#8222;,&#8220;custom_css_classes&#8220;:&#8220;&#8220;,&#8220;custom_css_styles&#8220;:&#8220;&#8220;,&#8220;image&#8220;:&#8220;http:\/\/www.ecom4children.eu\/wp-content\/uploads\/2018\/04\/logo-UA-color.png|70|200|407&#8243;,&#8220;alt&#8220;:&#8220;&#8220;,&#8220;thumb_size&#8220;:&#8220;large&#8220;},{&#8222;component&#8220;:&#8220;hc_wp_editor&#8220;,&#8220;id&#8220;:&#8220;gTbP5&#8243;,&#8220;css_classes&#8220;:&#8220;no-paddings-y &#8222;,&#8220;custom_css_classes&#8220;:&#8220;&#8220;,&#8220;custom_css_styles&#8220;:&#8220;&#8220;,&#8220;editor_content&#8220;:&#8220;<strong>UNIVERZITA ALICANTE (UA)<\/strong>\\nALICANTE (\u0160PAN\u011aLSKO)\\n<a href=\\\"http:\/\/www.ua.es\\\" target=\\\"_blank\\\" rel=\\\"noopener\\\">www.ua.es<\/a>\\n\\nUniverzita v Alicante (UA) byla zalo\u017eena v roce 1979. Dnes vzd\u011bl\u00e1v\u00e1&nbsp;v\u00edce ne\u017e 36 000 student\u016f &#8211; z nich\u017e je 2500 zahrani\u010dn\u00edch&nbsp; a nab\u00edz\u00ed v\u00edce ne\u017e 80 vysoko\u0161kolsk\u00fdch a 96 postgradu\u00e1ln\u00edch program\u016f. Na&nbsp;UA s\u00eddl\u00ed 227 v\u00fdzkumn\u00fdch skupin&nbsp; z oblasti soci\u00e1ln\u00edch, pr\u00e1vn\u00edch,, experiment\u00e1ln\u00edch a&nbsp; technologick\u00fdch, humanit\u00e1rn\u00edch v\u011bd, \u0161kolstv\u00ed a zdravotnictv\u00ed a 15 v\u00fdzkumn\u00fdch \u00fastav\u016f. UA zam\u011bstn\u00e1v\u00e1 v\u00edce ne\u017e 2 400 v\u00fdzkumn\u00edk\u016f, profesor\u016f a v \u0159\u00edd\u00edc\u00ed struktu\u0159e m\u00e1&nbsp;&nbsp; 1 300 osob. Odd\u011blen\u00ed softwarov\u00fdch a v\u00fdpo\u010detn\u00edch syst\u00e9m\u016f (DLSI) je jedn\u00edm z nejv\u011bt\u0161\u00edch odd\u011blen\u00ed UA, kter\u00e9 zam\u011bstn\u00e1v\u00e1 v\u00edce ne\u017e 60 u\u010ditel\u016f na pln\u00fd \u00favazek, v\u00edce ne\u017e 30 u\u010ditel\u016f a extern\u00edch zam\u011bstnanc\u016f. DLSI pat\u0159\u00ed do Polytechnick\u00e9 \u0161koly a v\u011bnuje se v\u00fdzkumu a \u0161kolen\u00ed v n\u00e1sleduj\u00edc\u00edch oblastech: softwarov\u00e9 in\u017een\u00fdrstv\u00ed, v\u00fdvoj softwaru a multimedi\u00e1ln\u00ed syst\u00e9my v\u010detn\u011b syst\u00e9m\u016f \u0159\u00edzen\u00ed e-learningu. DLSI prov\u00e1d\u00ed n\u011bkolik v\u00fdzkumn\u00fdch \u010dinnost\u00ed v oblasti v\u00fdvoje softwaru, pou\u017eitelnosti a dostupnosti webov\u00fdch str\u00e1nek a webov\u00fdch aplikac\u00ed a e-learningu za posledn\u00edch 15 let. Odd\u011blen\u00ed sociologie na UA podporuje DLSI p\u0159i realizaci tohoto projektu.\\n\\n&nbsp;&#8222;}]}]},{&#8222;component&#8220;:&#8220;hc_column&#8220;,&#8220;id&#8220;:&#8220;column_wTKBi&#8220;,&#8220;column_width&#8220;:&#8220;col-md-12&#8243;,&#8220;animation&#8220;:&#8220;&#8220;,&#8220;animation_time&#8220;:&#8220;&#8220;,&#8220;timeline_animation&#8220;:&#8220;&#8220;,&#8220;timeline_delay&#8220;:&#8220;&#8220;,&#8220;timeline_order&#8220;:&#8220;&#8220;,&#8220;css_classes&#8220;:&#8220;&#8220;,&#8220;custom_css_classes&#8220;:&#8220;&#8220;,&#8220;custom_css_styles&#8220;:&#8220;margin:0 auto&#8220;,&#8220;main_content&#8220;:[{&#8222;component&#8220;:&#8220;hc_column&#8220;,&#8220;id&#8220;:&#8220;CTbnJ&#8220;,&#8220;column_width&#8220;:&#8220;col-md-6&#8243;,&#8220;animation&#8220;:&#8220;&#8220;,&#8220;animation_time&#8220;:&#8220;&#8220;,&#8220;timeline_animation&#8220;:&#8220;&#8220;,&#8220;timeline_delay&#8220;:&#8220;&#8220;,&#8220;timeline_order&#8220;:&#8220;&#8220;,&#8220;css_classes&#8220;:&#8220;&#8220;,&#8220;custom_css_classes&#8220;:&#8220;&#8220;,&#8220;custom_css_styles&#8220;:&#8220;padding-right:40px&#8220;,&#8220;main_content&#8220;:[{&#8222;component&#8220;:&#8220;hc_image&#8220;,&#8220;id&#8220;:&#8220;e8bGf&#8220;,&#8220;css_classes&#8220;:&#8220;&#8220;,&#8220;custom_css_classes&#8220;:&#8220;&#8220;,&#8220;custom_css_styles&#8220;:&#8220;&#8220;,&#8220;image&#8220;:&#8220;http:\/\/www.ecom4children.eu\/wp-content\/uploads\/2018\/04\/logo-sdruzeni-color.png|70|200|406&#8243;,&#8220;alt&#8220;:&#8220;&#8220;,&#8220;thumb_size&#8220;:&#8220;large&#8220;},{&#8222;component&#8220;:&#8220;hc_wp_editor&#8220;,&#8220;id&#8220;:&#8220;xMi61&#8243;,&#8220;css_classes&#8220;:&#8220;&#8220;,&#8220;custom_css_classes&#8220;:&#8220;&#8220;,&#8220;custom_css_styles&#8220;:&#8220;&#8220;,&#8220;editor_content&#8220;:&#8220;<strong>SDRUZENI PRO HRACKU A HRU (SHH)<\/strong>\\nPRAHA (\u010cESK\u00c1 REPUBLIKA)\\n<a href=\\\"http:\/\/www.sdruzenihracky.cz\\\" target=\\\"_blank\\\" rel=\\\"noopener\\\">www.sdruzenihracky.cz<\/a>\\n\\nSdru\u017een\u00ed pro hra\u010dku a hru sdru\u017euje komunitu zab\u00fdvaj\u00edc\u00ed se hra\u010dkou a hrou jako jsou v\u00fdrobci, designe\u0159i, velkoobchodn\u00edci, dovozci, maloobchodn\u00edci, odborn\u00e9 \u0161koly, zku\u0161ebn\u00ed laborato\u0159e a pedagogov\u00e9. V sou\u010dasn\u00e9 dob\u011b sdru\u017euje 140 subjekt\u016f. Spolupracuje s pegagogickou fakultou Univerzity Karlovy, zku\u0161ebn\u00edmi \u00fastavy ve Zl\u00edn\u011b a v \u010cesk\u00fdch Bud\u011bjovic\u00edch a Um\u011bleckopr\u016fmyslov\u00fdm muzeem v Praze. Hlavn\u00edm c\u00edlem sdru\u017een\u00ed je, aby d\u011bti dost\u00e1valy do rukou bezpe\u010dn\u00e9 hra\u010dky, kter\u00e9 budou pozitivn\u011b ovliv\u0148ovat jejic fyzick\u00fd i psychyck\u00fd v\u00fdvoj. SHH tak\u00e9 organizuje vzd\u011bl\u00e1vac\u00ed kurzy v oblasti bezpe\u010dnosti v\u00fdrobk\u016f a ochrany spot\u0159ebitel\u016f.\\n\\n&nbsp;\\n\\n&nbsp;&#8222;}]},{&#8222;component&#8220;:&#8220;hc_column&#8220;,&#8220;id&#8220;:&#8220;column_qbRbm&#8220;,&#8220;column_width&#8220;:&#8220;col-md-6&#8243;,&#8220;animation&#8220;:&#8220;&#8220;,&#8220;animation_time&#8220;:&#8220;&#8220;,&#8220;timeline_animation&#8220;:&#8220;&#8220;,&#8220;timeline_delay&#8220;:&#8220;&#8220;,&#8220;timeline_order&#8220;:&#8220;&#8220;,&#8220;css_classes&#8220;:&#8220;&#8220;,&#8220;custom_css_classes&#8220;:&#8220;&#8220;,&#8220;custom_css_styles&#8220;:&#8220;&#8220;,&#8220;main_content&#8220;:[{&#8222;component&#8220;:&#8220;hc_image&#8220;,&#8220;id&#8220;:&#8220;XEay7&#8243;,&#8220;css_classes&#8220;:&#8220;&#8220;,&#8220;custom_css_classes&#8220;:&#8220;&#8220;,&#8220;custom_css_styles&#8220;:&#8220;&#8220;,&#8220;image&#8220;:&#8220;http:\/\/www.ecom4children.eu\/wp-content\/uploads\/2018\/04\/logo-aspi-color2.png|70|200|405&#8243;,&#8220;alt&#8220;:&#8220;&#8220;,&#8220;thumb_size&#8220;:&#8220;large&#8220;},{&#8222;component&#8220;:&#8220;hc_wp_editor&#8220;,&#8220;id&#8220;:&#8220;5AF0x&#8220;,&#8220;css_classes&#8220;:&#8220;&#8220;,&#8220;custom_css_classes&#8220;:&#8220;&#8220;,&#8220;custom_css_styles&#8220;:&#8220;&#8220;,&#8220;editor_content&#8220;:&#8220;<strong>ASSOCIA\u00c7\u00c3O PARA A PROMO\u00c7\u00c3O DA SEGURAN\u00c7A INFANTIL (APSI)<\/strong>\\nLISABON (PORTUGALSKO)\\n<a href=\\\"http:\/\/www.apsi.org.pt\\\" target=\\\"_blank\\\" rel=\\\"noopener\\\">www.apsi.org.pt<\/a>\\n\\nS v\u00edce ne\u017e 25-ti let\u00fdmi zku\u0161enostmi v oblasti bezpe\u010dnosti d\u011bt\u00ed pom\u00e1h\u00e1 portugalsk\u00e1 asociace pro podporu bezpe\u010dnosti d\u011bt\u00ed p\u0159i podpo\u0159e konkr\u00e9tn\u00edch postoj\u016f a praktik a vytv\u00e1\u0159en\u00ed bezpe\u010dn\u00e9ho prost\u0159ed\u00ed, kter\u00e9 zaru\u010duje zdravou v\u00fdchovu d\u011bt\u00ed a mlad\u00fdch lid\u00ed. C\u00edlem je sn\u00ed\u017eit po\u010det a z\u00e1va\u017enost zran\u011bn\u00ed v t\u011bchto v\u011bkov\u00fdch skupin\u00e1ch.\\nAPSI je soukrom\u00e1 neziskov\u00e1 organizace zalo\u017een\u00e1 v roce 1992 se statutem ve\u0159ejn\u00e9 slu\u017eby. Je to rodinn\u00e1 organizace a organizace spot\u0159ebitel\u016f. Je&nbsp;vedouc\u00ed p\u0159edstavitel z hlediska bezpe\u010dnosti vody, bezpe\u010dnosti hra\u010dek a d\u011btsk\u00fdch h\u0159i\u0161\u0165, bezpe\u010dnosti cestuj\u00edc\u00edch a bezpe\u010dnosti m\u011bstsk\u00e9 hromadn\u00e9 dopravy, kter\u00e1 slou\u017e\u00ed jako vlajkov\u00e1 lo\u010f v oblasti bezpe\u010dnosti d\u011bt\u00ed v Portugalsku iv Evrop\u011b. Je to jedin\u00e1 entita v Portugalsku, kter\u00e1 se v\u011bnuje v\u00fdhradn\u011b prevenci zran\u011bn\u00ed.\\nAPSI zasahuje do spole\u010dnosti prost\u0159ednictv\u00edm informac\u00ed a komunikace, v\u00fdzkumu, vzd\u011bl\u00e1v\u00e1n\u00ed a odborn\u00e9 p\u0159\u00edpravy a \u00fa\u010dasti na v\u00fdvoji pr\u00e1vn\u00edch p\u0159edpis\u016f a standardizaci.\\n\\n&nbsp;\\n\\n&nbsp;&#8222;}]}]}],&#8220;section_settings&#8220;:&#8220;&#8220;},&#8220;scripts&#8220;:{},&#8220;css&#8220;:{},&#8220;css_page&#8220;:&#8220;&#8220;,&#8220;template_setting&#8220;:{&#8222;settings&#8220;:{&#8222;id&#8220;:&#8220;settings&#8220;}},&#8220;template_setting_top&#8220;:{},&#8220;page_setting&#8220;:{&#8222;settings&#8220;:[&#8222;lock-mode-off&#8220;]}}<\/p>\n","protected":false},"excerpt":{"rendered":"<p>{&#8222;main-title&#8220;:{&#8222;component&#8220;:&#8220;hc_title&#8220;,&#8220;id&#8220;:&#8220;main-title&#8220;,&#8220;subtitle&#8220;:&#8220;&#8220;,&#8220;title_content&#8220;:{&#8222;component&#8220;:&#8220;hc_title_base&#8220;,&#8220;id&#8220;:&#8220;title-base&#8220;,&#8220;image&#8220;:&#8220;http:\/\/www.ecom4children.eu\/wp-content\/uploads\/2018\/04\/fondo-color-1024&#215;427.jpg|800|1920|366&#8243;,&#8220;breadcrumbs&#8220;:true,&#8220;white&#8220;:true},&#8220;title&#8220;:&#8220;Partne\u0159i&#8220;},&#8220;section_5ZtkF&#8220;:{&#8222;component&#8220;:&#8220;hc_section&#8220;,&#8220;id&#8220;:&#8220;section_5ZtkF&#8220;,&#8220;section_width&#8220;:&#8220;&#8220;,&#8220;animation&#8220;:&#8220;&#8220;,&#8220;animation_time&#8220;:&#8220;&#8220;,&#8220;timeline_animation&#8220;:&#8220;&#8220;,&#8220;timeline_delay&#8220;:&#8220;&#8220;,&#8220;timeline_order&#8220;:&#8220;&#8220;,&#8220;vertical_row&#8220;:&#8220;&#8220;,&#8220;box_middle&#8220;:&#8220;&#8220;,&#8220;css_classes&#8220;:&#8220;&#8220;,&#8220;custom_css_classes&#8220;:&#8220;&#8220;,&#8220;custom_css_styles&#8220;:&#8220;&#8220;,&#8220;section_content&#8220;:[{&#8222;component&#8220;:&#8220;hc_column&#8220;,&#8220;id&#8220;:&#8220;column_HpxMw&#8220;,&#8220;column_width&#8220;:&#8220;col-md-12&#8243;,&#8220;animation&#8220;:&#8220;&#8220;,&#8220;animation_time&#8220;:&#8220;&#8220;,&#8220;timeline_animation&#8220;:&#8220;&#8220;,&#8220;timeline_delay&#8220;:&#8220;&#8220;,&#8220;timeline_order&#8220;:&#8220;&#8220;,&#8220;css_classes&#8220;:&#8220;no-paddings-y &#8222;,&#8220;custom_css_classes&#8220;:&#8220;&#8220;,&#8220;custom_css_styles&#8220;:&#8220;margin:0 auto&#8220;,&#8220;main_content&#8220;:[{&#8222;component&#8220;:&#8220;hc_column&#8220;,&#8220;id&#8220;:&#8220;column_UcayN&#8220;,&#8220;column_width&#8220;:&#8220;col-md-4&#8243;,&#8220;animation&#8220;:&#8220;&#8220;,&#8220;animation_time&#8220;:&#8220;&#8220;,&#8220;timeline_animation&#8220;:&#8220;&#8220;,&#8220;timeline_delay&#8220;:&#8220;&#8220;,&#8220;timeline_order&#8220;:&#8220;&#8220;,&#8220;css_classes&#8220;:&#8220;no-paddings-y &#8222;,&#8220;custom_css_classes&#8220;:&#8220;&#8220;,&#8220;custom_css_styles&#8220;:&#8220;&#8220;,&#8220;main_content&#8220;:[{&#8222;component&#8220;:&#8220;hc_image&#8220;,&#8220;id&#8220;:&#8220;4oaCx&#8220;,&#8220;css_classes&#8220;:&#8220;&#8220;,&#8220;custom_css_classes&#8220;:&#8220;&#8220;,&#8220;custom_css_styles&#8220;:&#8220;&#8220;,&#8220;image&#8220;:&#8220;http:\/\/www.ecom4children.eu\/wp-content\/uploads\/2018\/04\/logo-aiju-color.png|70|200|404&#8243;,&#8220;alt&#8220;:&#8220;&#8220;,&#8220;thumb_size&#8220;:&#8220;large&#8220;},{&#8222;component&#8220;:&#8220;hc_wp_editor&#8220;,&#8220;id&#8220;:&#8220;Ty2k2&#8243;,&#8220;css_classes&#8220;:&#8220;no-padding-bottom &#8222;,&#8220;custom_css_classes&#8220;:&#8220;&#8220;,&#8220;custom_css_styles&#8220;:&#8220;&#8220;,&#8220;editor_content&#8220;:&#8220;AIJU, TECHNOLOGICK\u00dd INSTITUT PRO V\u00ddROBKY PRO D\u011aTI A VOLN\u00dd \u010cAS\\nIBI, ALICANTE (\u0160PAN\u011aLSKO)\\nwww.aiju.info&#8222;}]},{&#8222;component&#8220;:&#8220;hc_column&#8220;,&#8220;id&#8220;:&#8220;column_09WCG&#8220;,&#8220;column_width&#8220;:&#8220;col-md-8&#8243;,&#8220;animation&#8220;:&#8220;&#8220;,&#8220;animation_time&#8220;:&#8220;&#8220;,&#8220;timeline_animation&#8220;:&#8220;&#8220;,&#8220;timeline_delay&#8220;:&#8220;&#8220;,&#8220;timeline_order&#8220;:&#8220;&#8220;,&#8220;css_classes&#8220;:&#8220;no-paddings-y &#8222;,&#8220;custom_css_classes&#8220;:&#8220;&#8220;,&#8220;custom_css_styles&#8220;:&#8220;&#8220;,&#8220;main_content&#8220;:[{&#8222;component&#8220;:&#8220;hc_wp_editor&#8220;,&#8220;id&#8220;:&#8220;Dpzvb&#8220;,&#8220;css_classes&#8220;:&#8220;no-paddings-y &#8222;,&#8220;custom_css_classes&#8220;:&#8220;&#8220;,&#8220;custom_css_styles&#8220;:&#8220;&#8220;,&#8220;editor_content&#8220;:&#8220;Technologick\u00fd institut pro v\u00fdrobky pro d\u011bti a voln\u00fd \u010das (AIJU), byl zalo\u017een v roce 1985 jako neziskov\u00e1 organizace poskytuj\u00edc\u00ed podporu odv\u011btv\u00ed v\u00fdroby pro d\u011bti a voln\u00fd \u010das, v oblasti v\u00fdzkumu a v\u00fdvoje, s c\u00edlem, zv\u00fd\u0161it \u00farove\u0148 bezpe\u010dnosti a [&hellip;]<\/p>\n","protected":false},"author":2,"featured_media":0,"parent":0,"menu_order":0,"comment_status":"closed","ping_status":"closed","template":"","meta":[],"_links":{"self":[{"href":"https:\/\/www.ecom4children.eu\/cs\/wp-json\/wp\/v2\/pages\/1391"}],"collection":[{"href":"https:\/\/www.ecom4children.eu\/cs\/wp-json\/wp\/v2\/pages"}],"about":[{"href":"https:\/\/www.ecom4children.eu\/cs\/wp-json\/wp\/v2\/types\/page"}],"author":[{"embeddable":true,"href":"https:\/\/www.ecom4children.eu\/cs\/wp-json\/wp\/v2\/users\/2"}],"replies":[{"embeddable":true,"href":"https:\/\/www.ecom4children.eu\/cs\/wp-json\/wp\/v2\/comments?post=1391"}],"version-history":[{"count":3,"href":"https:\/\/www.ecom4children.eu\/cs\/wp-json\/wp\/v2\/pages\/1391\/revisions"}],"predecessor-version":[{"id":1394,"href":"https:\/\/www.ecom4children.eu\/cs\/wp-json\/wp\/v2\/pages\/1391\/revisions\/1394"}],"wp:attachment":[{"href":"https:\/\/www.ecom4children.eu\/cs\/wp-json\/wp\/v2\/media?parent=1391"}],"curies":[{"name":"wp","href":"https:\/\/api.w.org\/{rel}","templated":true}]}}