{"id":1388,"date":"2018-04-19T13:21:58","date_gmt":"2018-04-19T11:21:58","guid":{"rendered":"https:\/\/www.ecom4children.eu\/faqs\/"},"modified":"2019-02-11T16:48:17","modified_gmt":"2019-02-11T15:48:17","slug":"faqs","status":"publish","type":"page","link":"https:\/\/www.ecom4children.eu\/cs\/faqs\/","title":{"rendered":"FAQs"},"content":{"rendered":"<p>{&#8222;main-title&#8220;:{&#8222;component&#8220;:&#8220;hc_title&#8220;,&#8220;id&#8220;:&#8220;main-title&#8220;,&#8220;subtitle&#8220;:&#8220;&#8220;,&#8220;title_content&#8220;:{&#8222;component&#8220;:&#8220;hc_title_base&#8220;,&#8220;id&#8220;:&#8220;title-base&#8220;,&#8220;image&#8220;:&#8220;http:\/\/www.ecom4children.eu\/wp-content\/uploads\/2018\/04\/fondo-color-1024&#215;427.jpg|800|1920|366&#8243;,&#8220;breadcrumbs&#8220;:false,&#8220;white&#8220;:true},&#8220;title&#8220;:&#8220;FAQs&#8220;},&#8220;section_5ZtkF&#8220;:{&#8222;component&#8220;:&#8220;hc_section&#8220;,&#8220;id&#8220;:&#8220;section_5ZtkF&#8220;,&#8220;section_width&#8220;:&#8220;&#8220;,&#8220;animation&#8220;:&#8220;&#8220;,&#8220;animation_time&#8220;:&#8220;&#8220;,&#8220;timeline_animation&#8220;:&#8220;&#8220;,&#8220;timeline_delay&#8220;:&#8220;&#8220;,&#8220;timeline_order&#8220;:&#8220;&#8220;,&#8220;vertical_row&#8220;:&#8220;&#8220;,&#8220;box_middle&#8220;:&#8220;&#8220;,&#8220;css_classes&#8220;:&#8220;&#8220;,&#8220;custom_css_classes&#8220;:&#8220;&#8220;,&#8220;custom_css_styles&#8220;:&#8220;&#8220;,&#8220;section_content&#8220;:[{&#8222;component&#8220;:&#8220;hc_column&#8220;,&#8220;id&#8220;:&#8220;column_sc9bi&#8220;,&#8220;column_width&#8220;:&#8220;col-md-6&#8243;,&#8220;animation&#8220;:&#8220;&#8220;,&#8220;animation_time&#8220;:&#8220;&#8220;,&#8220;timeline_animation&#8220;:&#8220;&#8220;,&#8220;timeline_delay&#8220;:&#8220;&#8220;,&#8220;timeline_order&#8220;:&#8220;&#8220;,&#8220;css_classes&#8220;:&#8220;&#8220;,&#8220;custom_css_classes&#8220;:&#8220;&#8220;,&#8220;custom_css_styles&#8220;:&#8220;padding-right:30px;&#8220;,&#8220;main_content&#8220;:[{&#8222;component&#8220;:&#8220;hc_title_tag&#8220;,&#8220;id&#8220;:&#8220;m5BNb&#8220;,&#8220;css_classes&#8220;:&#8220;&#8220;,&#8220;custom_css_classes&#8220;:&#8220;&#8220;,&#8220;custom_css_styles&#8220;:&#8220;&#8220;,&#8220;text&#8220;:&#8220;O adaptivn\u00edm MOOC&#8220;,&#8220;tag&#8220;:&#8220;h2&#8243;},{&#8222;component&#8220;:&#8220;hc_accordion&#8220;,&#8220;id&#8220;:&#8220;QhOd3&#8243;,&#8220;css_classes&#8220;:&#8220;&#8220;,&#8220;custom_css_classes&#8220;:&#8220;&#8220;,&#8220;custom_css_styles&#8220;:&#8220;&#8220;,&#8220;name_1&#8243;:&#8220;Co je adaptivn\u00ed MOOC &#8222;,&#8220;icon_1&#8243;:&#8220;&#8220;,&#8220;icon_style_1&#8243;:&#8220;&#8220;,&#8220;icon_image_1&#8243;:&#8220;&#8220;,&#8220;content_1&#8243;:[{&#8222;component&#8220;:&#8220;hc_text_block&#8220;,&#8220;id&#8220;:&#8220;K79oA&#8220;,&#8220;css_classes&#8220;:&#8220;&#8220;,&#8220;custom_css_classes&#8220;:&#8220;&#8220;,&#8220;custom_css_styles&#8220;:&#8220;&#8220;,&#8220;content&#8220;:&#8220;Jedn\u00e1 se o otev\u0159en\u00fd online kurz v MOOC form\u00e1tu, kter\u00fd nab\u00edz\u00ed u\u017eivatel\u016fm mo\u017enost v\u00fdb\u011bru ze serie v\u00fdukov\u00fdch modul\u016f v z\u00e1vislosti na jejich pot\u0159eb\u00e1ch nebo doporu\u010den\u00edch, na b\u00e1zi a anal\u00fdze jejich profil\u016f a pot\u0159eb. MOOC je zkratka \u0160irok\u00fd otev\u0159en\u00fd online kurz, dostupn\u00fd bezplatn\u011b na webu. Ka\u017ed\u00fd se do n\u011bj m\u016f\u017ee registrovat a je pro neomezen\u00fd po\u010det \u00fa\u010dastn\u00edk\u016f.&#8220;}],&#8220;name_2&#8243;:&#8220;Je tento kurz zcela bezplatn\u00fd?&#8220;,&#8220;icon_2&#8243;:&#8220;&#8220;,&#8220;icon_style_2&#8243;:&#8220;&#8220;,&#8220;icon_image_2&#8243;:&#8220;&#8220;,&#8220;content_2&#8243;:[{&#8222;component&#8220;:&#8220;hc_text_block&#8220;,&#8220;id&#8220;:&#8220;zRw6A&#8220;,&#8220;css_classes&#8220;:&#8220;&#8220;,&#8220;custom_css_classes&#8220;:&#8220;&#8220;,&#8220;custom_css_styles&#8220;:&#8220;&#8220;,&#8220;content&#8220;:&#8220;Ano, je. Kurz je zcela bezplatn\u00fd a otev\u0159en\u00fd pro v\u0161echny.&#8220;}],&#8220;name_3&#8243;:&#8220;Existuj\u00ed po\u017eadavky pro \u00fa\u010dast v kurzu?&#8220;,&#8220;icon_3&#8243;:&#8220;&#8220;,&#8220;icon_style_3&#8243;:&#8220;&#8220;,&#8220;icon_image_3&#8243;:&#8220;&#8220;,&#8220;content_3&#8243;:[{&#8222;component&#8220;:&#8220;hc_text_block&#8220;,&#8220;id&#8220;:&#8220;TWaoC&#8220;,&#8220;css_classes&#8220;:&#8220;&#8220;,&#8220;custom_css_classes&#8220;:&#8220;&#8220;,&#8220;custom_css_styles&#8220;:&#8220;&#8220;,&#8220;content&#8220;:&#8220;Pro \u00fa\u010dast v kurzu je t\u0159eba pouze z\u00e1jem o internetov\u00e9 obchodov\u00e1n\u00ed zam\u011b\u0159en\u00e9 na v\u00fdrobky ur\u010den\u00e9 d\u011btem, pokud jste spot\u0159ebitel nebo odborn\u00edk z t\u00e9to oblasti.&#8220;}],&#8220;name_4&#8243;:&#8220;Jak\u00e1 zaj\u00edmav\u00e9 t\u00e9mata zde najdu?&#8220;,&#8220;icon_4&#8243;:&#8220;&#8220;,&#8220;icon_style_4&#8243;:&#8220;&#8220;,&#8220;icon_image_4&#8243;:&#8220;&#8220;,&#8220;content_4&#8243;:[{&#8222;component&#8220;:&#8220;hc_text_block&#8220;,&#8220;id&#8220;:&#8220;YQuOz&#8220;,&#8220;css_classes&#8220;:&#8220;&#8220;,&#8220;custom_css_classes&#8220;:&#8220;&#8220;,&#8220;custom_css_styles&#8220;:&#8220;&#8220;,&#8220;content&#8220;:&#8220;Osnova kurzu spojuje obsah s pr\u016f\u0159ezov\u00fdm p\u0159\u00edstupem k elektronick\u00e9mu obchodu s konkr\u00e9tn\u00edmi t\u00e9maty t\u00fdkaj\u00edc\u00edmi se n\u011bkter\u00fdch d\u011btsk\u00fdch produkt\u016f prod\u00e1van\u00fdch online, jako jsou hra\u010dky, p\u0159edm\u011bty pro p\u00e9\u010di o d\u011bti nebo n\u00e1bytek.\u00a0 Nab\u00edz\u00ed integrovanou vizi elektronick\u00e9ho obchodov\u00e1n\u00ed, bezpe\u010dnosti v\u00fdrobk\u016f a pr\u00e1v spot\u0159ebitel\u016f na online trhu&#8220;}],&#8220;name_5&#8243;:&#8220;Co pot\u0159ebuji u\u010dinit pro \u00fa\u010dast v kurzu?&#8220;,&#8220;icon_5&#8243;:&#8220;&#8220;,&#8220;icon_style_5&#8243;:&#8220;&#8220;,&#8220;icon_image_5&#8243;:&#8220;&#8220;,&#8220;content_5&#8243;:[{&#8222;component&#8220;:&#8220;hc_text_block&#8220;,&#8220;id&#8220;:&#8220;4qyvZ&#8220;,&#8220;css_classes&#8220;:&#8220;&#8220;,&#8220;custom_css_classes&#8220;:&#8220;&#8220;,&#8220;custom_css_styles&#8220;:&#8220;&#8220;,&#8220;content&#8220;:&#8220;Kurz m\u016f\u017eete absolvovat prost\u0159ednictv\u00edm po\u010dita\u010de, tabletu nebo mobilu. Mus\u00edte m\u00edt pouze internetov\u00e9 p\u0159ipojen\u00ed a g-mail adresu. Platforma je vyvinuta na b\u00e1zi Google technologi\u00ed, kter\u00e1 vy\u017eaduje Gmailovou adresu.&#8220;}],&#8220;name_6&#8243;:&#8220;Obdr\u017e\u00edm po ukon\u010den\u00ed kurzu certifik\u00e1t?&#8220;,&#8220;icon_6&#8243;:&#8220;&#8220;,&#8220;icon_style_6&#8243;:&#8220;&#8220;,&#8220;icon_image_6&#8243;:&#8220;&#8220;,&#8220;content_6&#8243;:[{&#8222;component&#8220;:&#8220;hc_text_block&#8220;,&#8220;id&#8220;:&#8220;jLXuv&#8220;,&#8220;css_classes&#8220;:&#8220;&#8220;,&#8220;custom_css_classes&#8220;:&#8220;&#8220;,&#8220;custom_css_styles&#8220;:&#8220;&#8220;,&#8220;content&#8220;:&#8220;Po ukon\u010den\u00ed kurzu si budete moci st\u00e1hnout a vytisknout certifik\u00e1t o absolvov\u00e1n\u00ed.&#8220;}],&#8220;name_7&#8243;:&#8220;Kdy bude kurz zah\u00e1jen?&#8220;,&#8220;icon_7&#8243;:&#8220;&#8220;,&#8220;icon_style_7&#8243;:&#8220;&#8220;,&#8220;icon_image_7&#8243;:&#8220;&#8220;,&#8220;content_7&#8243;:[{&#8222;component&#8220;:&#8220;hc_text_block&#8220;,&#8220;id&#8220;:&#8220;DmjNY&#8220;,&#8220;css_classes&#8220;:&#8220;&#8220;,&#8220;custom_css_classes&#8220;:&#8220;&#8220;,&#8220;custom_css_styles&#8220;:&#8220;&#8220;,&#8220;content&#8220;:&#8220;V tuto dobu\u00a0 v\u0161echny materi\u00e1ly projektu e-COM 4 CHILDREN, kter\u00e9 budou vlo\u017eeny do platformy\u00a0partne\u0159i p\u0159ipravuj\u00ed. Kurz nen\u00ed dosud ukon\u010den, m\u016f\u017eete se, ale p\u0159edb\u011b\u017en\u011b zaregistrovat a st\u00e1t se \u00fa\u010dastn\u00edkem pilotn\u00ed testovac\u00ed f\u00e1ze p\u0159\u00edpravy projektu. Projekt bude ukon\u010den v b\u0159eznu 2020.&#8220;}],&#8220;name_8&#8243;:&#8220;&#8220;,&#8220;icon_8&#8243;:&#8220;&#8220;,&#8220;icon_style_8&#8243;:&#8220;&#8220;,&#8220;icon_image_8&#8243;:&#8220;&#8220;,&#8220;content_8&#8243;:[],&#8220;name_9&#8243;:&#8220;&#8220;,&#8220;icon_9&#8243;:&#8220;&#8220;,&#8220;icon_style_9&#8243;:&#8220;&#8220;,&#8220;icon_image_9&#8243;:&#8220;&#8220;,&#8220;content_9&#8243;:[],&#8220;name_10&#8243;:&#8220;&#8220;,&#8220;icon_10&#8243;:&#8220;&#8220;,&#8220;icon_style_10&#8243;:&#8220;&#8220;,&#8220;icon_image_10&#8243;:&#8220;&#8220;,&#8220;content_10&#8243;:[],&#8220;open_type&#8220;:&#8220;&#8220;,&#8220;time&#8220;:&#8220;&#8220;,&#8220;open&#8220;:&#8220;&#8220;}]},{&#8222;component&#8220;:&#8220;hc_column&#8220;,&#8220;id&#8220;:&#8220;column_2gIyi&#8220;,&#8220;column_width&#8220;:&#8220;col-md-6&#8243;,&#8220;animation&#8220;:&#8220;&#8220;,&#8220;animation_time&#8220;:&#8220;&#8220;,&#8220;timeline_animation&#8220;:&#8220;&#8220;,&#8220;timeline_delay&#8220;:&#8220;&#8220;,&#8220;timeline_order&#8220;:&#8220;&#8220;,&#8220;css_classes&#8220;:&#8220;text-center &#8222;,&#8220;custom_css_classes&#8220;:&#8220;&#8220;,&#8220;custom_css_styles&#8220;:&#8220;padding-left:30px;&#8220;,&#8220;main_content&#8220;:[{&#8222;component&#8220;:&#8220;hc_title_tag&#8220;,&#8220;id&#8220;:&#8220;XBkIJ&#8220;,&#8220;css_classes&#8220;:&#8220;&#8220;,&#8220;custom_css_classes&#8220;:&#8220;&#8220;,&#8220;custom_css_styles&#8220;:&#8220;&#8220;,&#8220;text&#8220;:&#8220;O interakticn\u00edch KOMIKSECH&#8220;,&#8220;tag&#8220;:&#8220;h2&#8243;},{&#8222;component&#8220;:&#8220;hc_accordion&#8220;,&#8220;id&#8220;:&#8220;9FiHw&#8220;,&#8220;css_classes&#8220;:&#8220;&#8220;,&#8220;custom_css_classes&#8220;:&#8220;&#8220;,&#8220;custom_css_styles&#8220;:&#8220;&#8220;,&#8220;name_1&#8243;:&#8220;Co jsou interaktivn\u00ed KOMIKSY?&#8220;,&#8220;icon_1&#8243;:&#8220;&#8220;,&#8220;icon_style_1&#8243;:&#8220;&#8220;,&#8220;icon_image_1&#8243;:&#8220;&#8220;,&#8220;content_1&#8243;:[{&#8222;component&#8220;:&#8220;hc_text_block&#8220;,&#8220;id&#8220;:&#8220;13bqq&#8220;,&#8220;css_classes&#8220;:&#8220;&#8220;,&#8220;custom_css_classes&#8220;:&#8220;&#8220;,&#8220;custom_css_styles&#8220;:&#8220;&#8220;,&#8220;content&#8220;:&#8220;Jedn\u00e1 se o e-book komiksov\u00e9ho form\u00e1tu, kde je u\u010debn\u00ed proces zalo\u017een\u00fd na p\u0159\u00edb\u011bhu. P\u0159\u00edb\u011bhy jsou efektivn\u00edm n\u00e1strojem v\u00fduky;\u00a0studenti se s nimi identifikuj\u00ed a proto si je sn\u00e1ze zapamatuj\u00ed. Pomoc\u00ed KOMIKS\u016e se snadno nau\u010d\u00edte jak nakupovat bezpe\u010dn\u00e9 \u00a0v\u00fdrobky online a budete schopni posoudit va\u0161i \u00farove\u0148 kompetenc\u00ed pomoc\u00ed praktick\u00fdch p\u0159\u00edklad\u016f.&#8220;}],&#8220;name_2&#8243;:&#8220;Pro koho je ur\u010den?&#8220;,&#8220;icon_2&#8243;:&#8220;&#8220;,&#8220;icon_style_2&#8243;:&#8220;&#8220;,&#8220;icon_image_2&#8243;:&#8220;&#8220;,&#8220;content_2&#8243;:[{&#8222;component&#8220;:&#8220;hc_text_block&#8220;,&#8220;id&#8220;:&#8220;76QxZ&#8220;,&#8220;css_classes&#8220;:&#8220;&#8220;,&#8220;custom_css_classes&#8220;:&#8220;&#8220;,&#8220;custom_css_styles&#8220;:&#8220;&#8220;,&#8220;content&#8220;:&#8220;Interaktivn\u00ed program COMIKS je koncipov\u00e1n jako \u0161kol\u00edc\u00ed n\u00e1stroj ur\u010den\u00fd pro pracovn\u00edky spot\u0159ebitelsk\u00fdch sdru\u017een\u00ed a spot\u0159ebitel\u016f obecn\u011b s p\u0159\u00edm\u00fdm a jednoduch\u00fdm jazykem&#8220;}],&#8220;name_3&#8243;:&#8220;Jsem u\u010ditel; m\u016f\u017ee mn\u011b tento n\u00e1stroj pomoci s v\u00fdukou?&#8220;,&#8220;icon_3&#8243;:&#8220;&#8220;,&#8220;icon_style_3&#8243;:&#8220;&#8220;,&#8220;icon_image_3&#8243;:&#8220;&#8220;,&#8220;content_3&#8243;:[{&#8222;component&#8220;:&#8220;hc_text_block&#8220;,&#8220;id&#8220;:&#8220;yVPni&#8220;,&#8220;css_classes&#8220;:&#8220;&#8220;,&#8220;custom_css_classes&#8220;:&#8220;&#8220;,&#8220;custom_css_styles&#8220;:&#8220;&#8220;,&#8220;content&#8220;:&#8220;Online n\u00e1kup spot\u0159ebn\u00edho zbo\u017e\u00ed je ka\u017edodenn\u00ed prax\u00ed, kterou by m\u011bli spot\u0159ebitel\u00e9 ovl\u00e1dat. Tento n\u00e1stroj m\u016f\u017eete vyu\u017e\u00edt ve t\u0159\u00edd\u011b se sv\u00fdmi studenty &#8211; budouc\u00edmi spot\u0159ebiteli, kte\u0159\u00ed si\u00a0v\u011bdom\u00ed, jak je d\u016fle\u017eit\u00e9 ovl\u00e1dat nakup online se\u00a0z\u00e1rukou.&#8220;}],&#8220;name_4&#8243;:&#8220;&#8220;,&#8220;icon_4&#8243;:&#8220;&#8220;,&#8220;icon_style_4&#8243;:&#8220;&#8220;,&#8220;icon_image_4&#8243;:&#8220;&#8220;,&#8220;content_4&#8243;:[],&#8220;name_5&#8243;:&#8220;&#8220;,&#8220;icon_5&#8243;:&#8220;&#8220;,&#8220;icon_style_5&#8243;:&#8220;&#8220;,&#8220;icon_image_5&#8243;:&#8220;&#8220;,&#8220;content_5&#8243;:[],&#8220;name_6&#8243;:&#8220;&#8220;,&#8220;icon_6&#8243;:&#8220;&#8220;,&#8220;icon_style_6&#8243;:&#8220;&#8220;,&#8220;icon_image_6&#8243;:&#8220;&#8220;,&#8220;content_6&#8243;:[],&#8220;name_7&#8243;:&#8220;&#8220;,&#8220;icon_7&#8243;:&#8220;&#8220;,&#8220;icon_style_7&#8243;:&#8220;&#8220;,&#8220;icon_image_7&#8243;:&#8220;&#8220;,&#8220;content_7&#8243;:[],&#8220;name_8&#8243;:&#8220;&#8220;,&#8220;icon_8&#8243;:&#8220;&#8220;,&#8220;icon_style_8&#8243;:&#8220;&#8220;,&#8220;icon_image_8&#8243;:&#8220;&#8220;,&#8220;content_8&#8243;:[],&#8220;name_9&#8243;:&#8220;&#8220;,&#8220;icon_9&#8243;:&#8220;&#8220;,&#8220;icon_style_9&#8243;:&#8220;&#8220;,&#8220;icon_image_9&#8243;:&#8220;&#8220;,&#8220;content_9&#8243;:[],&#8220;name_10&#8243;:&#8220;&#8220;,&#8220;icon_10&#8243;:&#8220;&#8220;,&#8220;icon_style_10&#8243;:&#8220;&#8220;,&#8220;icon_image_10&#8243;:&#8220;&#8220;,&#8220;content_10&#8243;:[],&#8220;open_type&#8220;:&#8220;&#8220;,&#8220;time&#8220;:&#8220;&#8220;,&#8220;open&#8220;:&#8220;&#8220;}]}],&#8220;section_settings&#8220;:&#8220;&#8220;},&#8220;scripts&#8220;:{&#8222;components&#8220;:&#8220;jquery.tab-accordion.js&#8220;},&#8220;css&#8220;:{&#8222;components&#8220;:&#8220;css\/components.css&#8220;},&#8220;css_page&#8220;:&#8220;&#8220;,&#8220;template_setting&#8220;:{&#8222;settings&#8220;:{&#8222;id&#8220;:&#8220;settings&#8220;}},&#8220;template_setting_top&#8220;:{},&#8220;page_setting&#8220;:{&#8222;settings&#8220;:[&#8222;lock-mode-off&#8220;]}}<\/p>\n","protected":false},"excerpt":{"rendered":"<p>{&#8222;main-title&#8220;:{&#8222;component&#8220;:&#8220;hc_title&#8220;,&#8220;id&#8220;:&#8220;main-title&#8220;,&#8220;subtitle&#8220;:&#8220;&#8220;,&#8220;title_content&#8220;:{&#8222;component&#8220;:&#8220;hc_title_base&#8220;,&#8220;id&#8220;:&#8220;title-base&#8220;,&#8220;image&#8220;:&#8220;http:\/\/www.ecom4children.eu\/wp-content\/uploads\/2018\/04\/fondo-color-1024&#215;427.jpg|800|1920|366&#8243;,&#8220;breadcrumbs&#8220;:false,&#8220;white&#8220;:true},&#8220;title&#8220;:&#8220;FAQs&#8220;},&#8220;section_5ZtkF&#8220;:{&#8222;component&#8220;:&#8220;hc_section&#8220;,&#8220;id&#8220;:&#8220;section_5ZtkF&#8220;,&#8220;section_width&#8220;:&#8220;&#8220;,&#8220;animation&#8220;:&#8220;&#8220;,&#8220;animation_time&#8220;:&#8220;&#8220;,&#8220;timeline_animation&#8220;:&#8220;&#8220;,&#8220;timeline_delay&#8220;:&#8220;&#8220;,&#8220;timeline_order&#8220;:&#8220;&#8220;,&#8220;vertical_row&#8220;:&#8220;&#8220;,&#8220;box_middle&#8220;:&#8220;&#8220;,&#8220;css_classes&#8220;:&#8220;&#8220;,&#8220;custom_css_classes&#8220;:&#8220;&#8220;,&#8220;custom_css_styles&#8220;:&#8220;&#8220;,&#8220;section_content&#8220;:[{&#8222;component&#8220;:&#8220;hc_column&#8220;,&#8220;id&#8220;:&#8220;column_sc9bi&#8220;,&#8220;column_width&#8220;:&#8220;col-md-6&#8243;,&#8220;animation&#8220;:&#8220;&#8220;,&#8220;animation_time&#8220;:&#8220;&#8220;,&#8220;timeline_animation&#8220;:&#8220;&#8220;,&#8220;timeline_delay&#8220;:&#8220;&#8220;,&#8220;timeline_order&#8220;:&#8220;&#8220;,&#8220;css_classes&#8220;:&#8220;&#8220;,&#8220;custom_css_classes&#8220;:&#8220;&#8220;,&#8220;custom_css_styles&#8220;:&#8220;padding-right:30px;&#8220;,&#8220;main_content&#8220;:[{&#8222;component&#8220;:&#8220;hc_title_tag&#8220;,&#8220;id&#8220;:&#8220;m5BNb&#8220;,&#8220;css_classes&#8220;:&#8220;&#8220;,&#8220;custom_css_classes&#8220;:&#8220;&#8220;,&#8220;custom_css_styles&#8220;:&#8220;&#8220;,&#8220;text&#8220;:&#8220;O adaptivn\u00edm MOOC&#8220;,&#8220;tag&#8220;:&#8220;h2&#8243;},{&#8222;component&#8220;:&#8220;hc_accordion&#8220;,&#8220;id&#8220;:&#8220;QhOd3&#8243;,&#8220;css_classes&#8220;:&#8220;&#8220;,&#8220;custom_css_classes&#8220;:&#8220;&#8220;,&#8220;custom_css_styles&#8220;:&#8220;&#8220;,&#8220;name_1&#8243;:&#8220;Co je adaptivn\u00ed MOOC &#8222;,&#8220;icon_1&#8243;:&#8220;&#8220;,&#8220;icon_style_1&#8243;:&#8220;&#8220;,&#8220;icon_image_1&#8243;:&#8220;&#8220;,&#8220;content_1&#8243;:[{&#8222;component&#8220;:&#8220;hc_text_block&#8220;,&#8220;id&#8220;:&#8220;K79oA&#8220;,&#8220;css_classes&#8220;:&#8220;&#8220;,&#8220;custom_css_classes&#8220;:&#8220;&#8220;,&#8220;custom_css_styles&#8220;:&#8220;&#8220;,&#8220;content&#8220;:&#8220;Jedn\u00e1 se o otev\u0159en\u00fd online kurz v MOOC form\u00e1tu, kter\u00fd nab\u00edz\u00ed u\u017eivatel\u016fm mo\u017enost v\u00fdb\u011bru ze serie v\u00fdukov\u00fdch modul\u016f v z\u00e1vislosti na jejich pot\u0159eb\u00e1ch nebo doporu\u010den\u00edch, na b\u00e1zi a anal\u00fdze jejich profil\u016f a pot\u0159eb. MOOC je zkratka \u0160irok\u00fd otev\u0159en\u00fd online kurz, dostupn\u00fd bezplatn\u011b na webu. Ka\u017ed\u00fd se do n\u011bj m\u016f\u017ee [&hellip;]<\/p>\n","protected":false},"author":2,"featured_media":0,"parent":0,"menu_order":0,"comment_status":"closed","ping_status":"closed","template":"","meta":[],"_links":{"self":[{"href":"https:\/\/www.ecom4children.eu\/cs\/wp-json\/wp\/v2\/pages\/1388"}],"collection":[{"href":"https:\/\/www.ecom4children.eu\/cs\/wp-json\/wp\/v2\/pages"}],"about":[{"href":"https:\/\/www.ecom4children.eu\/cs\/wp-json\/wp\/v2\/types\/page"}],"author":[{"embeddable":true,"href":"https:\/\/www.ecom4children.eu\/cs\/wp-json\/wp\/v2\/users\/2"}],"replies":[{"embeddable":true,"href":"https:\/\/www.ecom4children.eu\/cs\/wp-json\/wp\/v2\/comments?post=1388"}],"version-history":[{"count":2,"href":"https:\/\/www.ecom4children.eu\/cs\/wp-json\/wp\/v2\/pages\/1388\/revisions"}],"predecessor-version":[{"id":1390,"href":"https:\/\/www.ecom4children.eu\/cs\/wp-json\/wp\/v2\/pages\/1388\/revisions\/1390"}],"wp:attachment":[{"href":"https:\/\/www.ecom4children.eu\/cs\/wp-json\/wp\/v2\/media?parent=1388"}],"curies":[{"name":"wp","href":"https:\/\/api.w.org\/{rel}","templated":true}]}}